{"id":14562,"date":"2021-07-15T11:43:25","date_gmt":"2021-07-15T14:43:25","guid":{"rendered":"https:\/\/mistersates-import.com.br\/loja\/?post_type=product&#038;p=14562"},"modified":"2024-01-16T12:42:28","modified_gmt":"2024-01-16T15:42:28","slug":"cabo-de-iphone-15m-muito-resistente","status":"publish","type":"product","link":"https:\/\/mistersates-import.com.br\/loja\/product\/cabo-de-iphone-15m-muito-resistente\/","title":{"rendered":"Cabo de Iphone 1,5m Muito Resistente"},"content":{"rendered":"<p>\u2022 DESTAQUES<br \/>\n&#8211; Maior durabilidade.<br \/>\n&#8211; Prote\u00e7\u00e3o nos lugares cr\u00edticos.<br \/>\n&#8211; Tamanho ideal com 150 cm de comprimento de 2A<br \/>\n&#8211; Encaixe perfeito.<br \/>\n&#8211; Refor\u00e7o anti quebra.<br \/>\n&#8211; Evita n\u00f3 quando enrolado.<\/p>\n<p>\u2022 IDEAL PARA<br \/>\n&#8211; Carregar seu dispositivo.<br \/>\n&#8211; Sincronizar suas fotos, arquivos.<br \/>\n&#8211; Deixar como cabo reserva.<br \/>\n&#8211; O uso di\u00e1rio.<\/p>\n<p>\u2022 ESPECIFICA\u00c7\u00d5ES T\u00c9CNICAS<br \/>\n&#8211; Material: Cabo Nylon \/ Plugs Alum\u00ednio.<br \/>\n&#8211; Peso: 0,30 gramas.<br \/>\n&#8211; Comprimento: 1,50 metro.<br \/>\n&#8211; Cor: Preto e Vermelho<\/p>\n<p>\u2022 COMPATIBILIDADE<br \/>\n&#8211; iPhones com entrada Lightning.<br \/>\n&#8211; iPads com entrada Lightning.<br \/>\n&#8211; iPods com entrada Lightning.<\/p>\n<p>*** Modelos de iPhone ***<br \/>\n&#8211; iPhone X<br \/>\n&#8211; iPhone 8<br \/>\n&#8211; iPhone 8 Plus<br \/>\n&#8211; iPhone 7<br \/>\n&#8211; iPhone 7 Plus<br \/>\n&#8211; iPhone 6s<br \/>\n&#8211; iPhone 6s Plus<br \/>\n&#8211; iPhone 6<br \/>\n&#8211; iPhone 6 Plus<br \/>\n&#8211; iPhone SE<br \/>\n&#8211; iPhone 5s<br \/>\n&#8211; iPhone 5c<br \/>\n&#8211; iPhone 5<\/p>\n<p>*** Modelos de iPad ***<br \/>\n&#8211; iPad Pro de 10,5 polegadas<br \/>\n&#8211; iPad Pro de 12,9 polegadas (2\u00aa gera\u00e7\u00e3o)<br \/>\n&#8211; iPad Pro de 12,9 polegadas (1\u00aa gera\u00e7\u00e3o)<br \/>\n&#8211; iPad Pro de 9,7 polegadas<br \/>\n&#8211; iPad<br \/>\n&#8211; iPad mini 4<br \/>\n&#8211; iPad mini 3<br \/>\n&#8211; iPad mini 2<br \/>\n&#8211; iPad Air 2<br \/>\n&#8211; iPad Air<\/p>\n<p>*** Modelos de iPod ***<br \/>\n&#8211; iPod touch 6\u00aa gera\u00e7\u00e3o<br \/>\n&#8211; iPod touch 5\u00aa gera\u00e7\u00e3o<br \/>\n&#8211; iPod nano de 7\u00aa gera\u00e7\u00e3o<\/p>\n","protected":false},"excerpt":{"rendered":"<p>\u2022 DESTAQUES<br \/>\n&#8211; Maior durabilidade.<br \/>\n&#8211; Prote\u00e7\u00e3o nos lugares cr\u00edticos.<br \/>\n&#8211; Tamanho ideal com 150 cm de comprimento de 2A<br \/>\n&#8211; Encaixe perfeito.<br \/>\n&#8211; Refor\u00e7o anti quebra.<br \/>\n&#8211; Evita n\u00f3 quando enrolado.<\/p>\n<p>\u2022 IDEAL PARA<br \/>\n&#8211; Carregar seu dispositivo.<br \/>\n&#8211; Sincronizar suas fotos, arquivos.<br \/>\n&#8211; Deixar como cabo reserva.<br \/>\n&#8211; O uso di\u00e1rio.<\/p>\n<p>\u2022 ESPECIFICA\u00c7\u00d5ES T\u00c9CNICAS<br \/>\n&#8211; Material: Cabo Nylon \/ Plugs Alum\u00ednio.<br \/>\n&#8211; Peso: 0,30 gramas.<br \/>\n&#8211; Comprimento: 1,50 metro.<br \/>\n&#8211; Cor: Preto e Vermelho<\/p>\n","protected":false},"featured_media":15944,"template":"","meta":{"_joinchat":[]},"_links":{"self":[{"href":"https:\/\/mistersates-import.com.br\/loja\/wp-json\/wp\/v2\/product\/14562"}],"collection":[{"href":"https:\/\/mistersates-import.com.br\/loja\/wp-json\/wp\/v2\/product"}],"about":[{"href":"https:\/\/mistersates-import.com.br\/loja\/wp-json\/wp\/v2\/types\/product"}],"wp:featuredmedia":[{"embeddable":true,"href":"https:\/\/mistersates-import.com.br\/loja\/wp-json\/wp\/v2\/media\/15944"}],"wp:attachment":[{"href":"https:\/\/mistersates-import.com.br\/loja\/wp-json\/wp\/v2\/media?parent=14562"}],"curies":[{"name":"wp","href":"https:\/\/api.w.org\/{rel}","templated":true}]}}