{"id":14565,"date":"2021-07-15T11:59:25","date_gmt":"2021-07-15T14:59:25","guid":{"rendered":"https:\/\/mistersates-import.com.br\/loja\/?post_type=product&#038;p=14565"},"modified":"2023-06-26T16:01:26","modified_gmt":"2023-06-26T19:01:26","slug":"barbeador-eletrico-4-em-1-inova-aparador-de-pelos-bar-n-99","status":"publish","type":"product","link":"https:\/\/mistersates-import.com.br\/loja\/product\/barbeador-eletrico-4-em-1-inova-aparador-de-pelos-bar-n-99\/","title":{"rendered":"Barbeador El\u00e9trico 4 em 1 Inova Aparador De Pelos BAR-N-99"},"content":{"rendered":"<p>Barbeador El\u00e9trico Super Kit &#8211; Inova<\/p>\n<p>A Inova chegou com mais essa grande novidade!<br \/>\nSe voc\u00ea sempre quis ter um Barbeador El\u00e9trico com Bateria Recarreg\u00e1vel por um pre\u00e7o que cabe em seu bolso,<br \/>\naproveite pois esse \u00e9 o Barbeador ideal para voc\u00ea!<\/p>\n<p>Com um design moderno e com uma pegada incr\u00edvel, com toda certeza \u00e9 o item indispens\u00e1vel para ter em seu arm\u00e1rio ou<br \/>\nlevar para viagens devido seu tamanho compacto e leve.<\/p>\n<p>Veja tudo que voc\u00ea pode fazer com os 5 pentes cambi\u00e1veis:<\/p>\n<p>&#8211; Clip de L\u00e2mina de corte:<\/p>\n<p>Utilizado para aparar cabelo e barba.<br \/>\nDica: Sempre penteie o cabelo\/barba antes de iniciar.<br \/>\n:: Existem 4 pentes de cortes inclusos e seus tamanhos de corte s\u00e3o 3\/6\/9\/12mm.<\/p>\n<p>&#8211; Pente aparador de precis\u00e3o:<br \/>\nPossui comprimento de corte de 4,5,6 e 7mm.<br \/>\n&#8211; Aparador espec\u00edfico para cabelos.<br \/>\n&#8211; Aparador de Nariz.<br \/>\n&#8211; Pente de Barbear<\/p>\n<p>&nbsp;<\/p>\n<p>A caixa vem com 12 itens:<br \/>\n&#8211; 5 Medidas de Pentes diferentes<br \/>\n&#8211; 5 Cabe\u00e7as para Barbeados diferentes<br \/>\n&#8211; 1 Pente para limpeza<br \/>\n&#8211; 1 \u00d3leo lubrificante<br \/>\n&#8211; necessaire de<\/p>\n<p>Acess\u00f3rios:<br \/>\nClip de l\u00e2mina de corte \/ Bot\u00e3o de ajuste da l\u00e2mina<br \/>\nInterruptor on\/off \/ Pente de Barba<br \/>\nPente aparador de Precis\u00e3o \/ Ponta de aparar nariz<br \/>\nBase de poio \/ Design especifico de aparador<br \/>\nTempo de carregamento de 8 horas e tempo de uso de 45 minutos<\/p>\n","protected":false},"excerpt":{"rendered":"<p>Barbeador El\u00e9trico Super Kit &#8211; Inova<\/p>\n<p>A Inova chegou com mais essa grande novidade!<br \/>\nSe voc\u00ea sempre quis ter um Barbeador El\u00e9trico com Bateria Recarreg\u00e1vel por um pre\u00e7o que cabe em seu bolso,<br \/>\naproveite pois esse \u00e9 o Barbeador ideal para voc\u00ea!<\/p>\n<p>Com um design moderno e com uma pegada incr\u00edvel, com toda certeza \u00e9 o item indispens\u00e1vel para ter em seu arm\u00e1rio ou<br \/>\nlevar para viagens devido seu tamanho compacto e leve.<\/p>\n<p>Veja tudo que voc\u00ea pode fazer com os 5 pentes cambi\u00e1veis:<\/p>\n<p>&#8211; Clip de L\u00e2mina de corte:<\/p>\n<p>Utilizado para aparar cabelo e barba.<br \/>\nDica: Sempre penteie o cabelo\/barba antes de iniciar.<br \/>\n:: Existem 4 pentes de cortes inclusos e seus tamanhos de corte s\u00e3o 3\/6\/9\/12mm.<\/p>\n","protected":false},"featured_media":15822,"template":"","meta":{"_joinchat":[]},"_links":{"self":[{"href":"https:\/\/mistersates-import.com.br\/loja\/wp-json\/wp\/v2\/product\/14565"}],"collection":[{"href":"https:\/\/mistersates-import.com.br\/loja\/wp-json\/wp\/v2\/product"}],"about":[{"href":"https:\/\/mistersates-import.com.br\/loja\/wp-json\/wp\/v2\/types\/product"}],"wp:featuredmedia":[{"embeddable":true,"href":"https:\/\/mistersates-import.com.br\/loja\/wp-json\/wp\/v2\/media\/15822"}],"wp:attachment":[{"href":"https:\/\/mistersates-import.com.br\/loja\/wp-json\/wp\/v2\/media?parent=14565"}],"curies":[{"name":"wp","href":"https:\/\/api.w.org\/{rel}","templated":true}]}}