{"id":14597,"date":"2021-07-15T18:01:14","date_gmt":"2021-07-15T21:01:14","guid":{"rendered":"https:\/\/mistersates-import.com.br\/loja\/?post_type=product&#038;p=14597"},"modified":"2023-10-02T15:58:07","modified_gmt":"2023-10-02T18:58:07","slug":"power-bank-carregador-de-parede-2-em-1-basike-ba-pcr4001","status":"publish","type":"product","link":"https:\/\/mistersates-import.com.br\/loja\/product\/power-bank-carregador-de-parede-2-em-1-basike-ba-pcr4001\/","title":{"rendered":"Power Bank + Carregador De Parede 2 Em 1 Basike Ba-pcr4001"},"content":{"rendered":"<p>Carregador Inteligente Basike<\/p>\n<p>Power Bank + Carregador de Viagem<\/p>\n<p>Um carregador e power bank s\u00e3o utens\u00edlios necess\u00e1rios em viagens, mas s\u00e3o grandes e dif\u00edceis de armazenar e f\u00e1ceis deperder. Agora voc\u00ea pode viajar com um acess\u00f3rio conveniente, pequeno e que pode ser carregado facilmente. Resolva de uma vez por todas seus problemas com carregamento.<\/p>\n<p>Com uma apar\u00eancia elegante e bonita, o design de grava\u00e7\u00e3o permite que ele seja antiderrapante e f\u00e1cil de manusear.<br \/>\nO plugue dobr\u00e1vel n\u00e3o ocupa espa\u00e7o.<\/p>\n<p>Carregue o dispositivo Power Bank antes de dormir e ele estar\u00e1 carregado pela manh\u00e3.<\/p>\n<p>LED indicador, a pot\u00eancia restante do banco de pot\u00eancia \u00e9 mostrada.<br \/>\nAmpla voltagem de 100V a 240V pode se adaptar \u00e0 voltagem de diferentes pa\u00edses.<\/p>\n<p>2600mAh<br \/>\nidentificador autom\u00e1tico de carregamento turbo<br \/>\nplugue dobr\u00e1vel<br \/>\nembarque admiss\u00edvel em avi\u00e3o<\/p>\n<p>Dimens\u00f5es: 158x92x42mm<\/p>\n<p>Entrada: AC100-240V 50-60Hz 0.2A<br \/>\nCapacidade: 2600mAh\/9.62Wh<br \/>\nSa\u00edda: DC 5V &#8211; 1A<\/p>\n","protected":false},"excerpt":{"rendered":"<p>Carregador Inteligente Basike<\/p>\n<p>Power Bank + Carregador de Viagem<\/p>\n<p>Um carregador e power bank s\u00e3o utens\u00edlios necess\u00e1rios em viagens, mas s\u00e3o grandes e dif\u00edceis de armazenar e f\u00e1ceis deperder. Agora voc\u00ea pode viajar com um acess\u00f3rio conveniente, pequeno e que pode ser carregado facilmente. Resolva de uma vez por todas seus problemas com carregamento.<\/p>\n<p>Com uma apar\u00eancia elegante e bonita, o design de grava\u00e7\u00e3o permite que ele seja antiderrapante e f\u00e1cil de manusear.<br \/>\nO plugue dobr\u00e1vel n\u00e3o ocupa espa\u00e7o.<\/p>\n<p>Carregue o dispositivo Power Bank antes de dormir e ele estar\u00e1 carregado pela manh\u00e3.<\/p>\n<p>LED indicador, a pot\u00eancia restante do banco de pot\u00eancia \u00e9 mostrada.<br \/>\nAmpla voltagem de 100V a 240V pode se adaptar \u00e0 voltagem de diferentes pa\u00edses.<\/p>\n<p>2600mAh<br \/>\nidentificador autom\u00e1tico de carregamento turbo<br \/>\nplugue dobr\u00e1vel<br \/>\nembarque admiss\u00edvel em avi\u00e3o<\/p>\n<p>Dimens\u00f5es: 158x92x42mm<\/p>\n<p>Entrada: AC100-240V 50-60Hz 0.2A<br \/>\nCapacidade: 2600mAh\/9.62Wh<br \/>\nSa\u00edda: DC 5V &#8211; 1A<\/p>\n","protected":false},"featured_media":14600,"template":"","meta":{"_joinchat":[]},"_links":{"self":[{"href":"https:\/\/mistersates-import.com.br\/loja\/wp-json\/wp\/v2\/product\/14597"}],"collection":[{"href":"https:\/\/mistersates-import.com.br\/loja\/wp-json\/wp\/v2\/product"}],"about":[{"href":"https:\/\/mistersates-import.com.br\/loja\/wp-json\/wp\/v2\/types\/product"}],"wp:featuredmedia":[{"embeddable":true,"href":"https:\/\/mistersates-import.com.br\/loja\/wp-json\/wp\/v2\/media\/14600"}],"wp:attachment":[{"href":"https:\/\/mistersates-import.com.br\/loja\/wp-json\/wp\/v2\/media?parent=14597"}],"curies":[{"name":"wp","href":"https:\/\/api.w.org\/{rel}","templated":true}]}}