{"id":14608,"date":"2021-07-16T11:53:34","date_gmt":"2021-07-16T14:53:34","guid":{"rendered":"https:\/\/mistersates-import.com.br\/loja\/?post_type=product&#038;p=14608"},"modified":"2024-03-15T18:26:28","modified_gmt":"2024-03-15T21:26:28","slug":"fone-de-ouvido-sem-fio-bluetooth-fon-2257d-inova","status":"publish","type":"product","link":"https:\/\/mistersates-import.com.br\/loja\/product\/fone-de-ouvido-sem-fio-bluetooth-fon-2257d-inova\/","title":{"rendered":"Fone De Ouvido Sem Fio Bluetooth Fon-2257D Inova"},"content":{"rendered":"<p>FAVOR PERGUNTAR QUAL COR TEMOS DISPON\u00cdVEL NO NOSSO ESTOQUE ANTES DE FAZER A COMPRA<\/p>\n<p>FAVOR PERGUNTAR QUAL COR TEMOS DISPON\u00cdVEL NO NOSSO ESTOQUE ANTES DE FAZER A COMPRA<\/p>\n<p>Fone De Ouvido Sem Fio Bluetooth Fon-2257D Inova<\/p>\n<p>Compat\u00edvel com Smartphones, Laptops, Tablets.<br \/>\nComunica\u00e7\u00e3o com microfone de alta qualidade.<\/p>\n<p>&#8211; Carga de at\u00e9 3 horas de uso<br \/>\n&#8211; Perfeito para academia e esportes em geral<br \/>\n&#8211; Comunica\u00e7\u00e3o com microfone de alta fidelidade<br \/>\n&#8211; Design que garante o cancelamento de ru\u00eddo<\/p>\n<p>Especifica\u00e7\u00f5es T\u00e9cnicas:<br \/>\n&#8211; Vers\u00e3o wireless: V5.O = EDR<br \/>\n&#8211; Dist\u00e2ncia de transmiss\u00e3o: 10 m<br \/>\n&#8211; Sensibilidade 115pico a 1Khz<br \/>\n&#8211; Imped\u00e2ncia: 32 ohms<br \/>\n&#8211; Frequ\u00eancia de resposta: 20Hz-20 KHZ<br \/>\n&#8211; Taxa de alimenta\u00e7\u00e3o: 15mW x 2<\/p>\n","protected":false},"excerpt":{"rendered":"<p>FAVOR PERGUNTAR QUAL COR TEMOS DISPON\u00cdVEL NO NOSSO ESTOQUE ANTES DE FAZER A COMPRA<\/p>\n<p>FAVOR PERGUNTAR QUAL COR TEMOS DISPON\u00cdVEL NO NOSSO ESTOQUE ANTES DE FAZER A COMPRA<\/p>\n<p>Fone De Ouvido Sem Fio Bluetooth Fon-2257D Inova<\/p>\n<p>Compat\u00edvel com Smartphones, Laptops, Tablets.<br \/>\nComunica\u00e7\u00e3o com microfone de alta qualidade.<\/p>\n<p>&#8211; Carga de at\u00e9 3 horas de uso<br \/>\n&#8211; Perfeito para academia e esportes em geral<br \/>\n&#8211; Comunica\u00e7\u00e3o com microfone de alta fidelidade<br \/>\n&#8211; Design que garante o cancelamento de ru\u00eddo<\/p>\n<p>Especifica\u00e7\u00f5es T\u00e9cnicas:<br \/>\n&#8211; Vers\u00e3o wireless: V5.O = EDR<br \/>\n&#8211; Dist\u00e2ncia de transmiss\u00e3o: 10 m<br \/>\n&#8211; Sensibilidade 115pico a 1Khz<br \/>\n&#8211; Imped\u00e2ncia: 32 ohms<br \/>\n&#8211; Frequ\u00eancia de resposta: 20Hz-20 KHZ<br \/>\n&#8211; Taxa de alimenta\u00e7\u00e3o: 15mW x 2<\/p>\n","protected":false},"featured_media":14609,"template":"","meta":{"_joinchat":[]},"_links":{"self":[{"href":"https:\/\/mistersates-import.com.br\/loja\/wp-json\/wp\/v2\/product\/14608"}],"collection":[{"href":"https:\/\/mistersates-import.com.br\/loja\/wp-json\/wp\/v2\/product"}],"about":[{"href":"https:\/\/mistersates-import.com.br\/loja\/wp-json\/wp\/v2\/types\/product"}],"wp:featuredmedia":[{"embeddable":true,"href":"https:\/\/mistersates-import.com.br\/loja\/wp-json\/wp\/v2\/media\/14609"}],"wp:attachment":[{"href":"https:\/\/mistersates-import.com.br\/loja\/wp-json\/wp\/v2\/media?parent=14608"}],"curies":[{"name":"wp","href":"https:\/\/api.w.org\/{rel}","templated":true}]}}