{"id":14618,"date":"2021-07-16T15:45:27","date_gmt":"2021-07-16T18:45:27","guid":{"rendered":"https:\/\/mistersates-import.com.br\/loja\/?post_type=product&#038;p=14618"},"modified":"2023-09-09T13:48:30","modified_gmt":"2023-09-09T16:48:30","slug":"cabo-adaptador-duplo-lightning-p2-iphone-x-7-8-7-8-plus","status":"publish","type":"product","link":"https:\/\/mistersates-import.com.br\/loja\/product\/cabo-adaptador-duplo-lightning-p2-iphone-x-7-8-7-8-plus\/","title":{"rendered":"Cabo Adaptador Duplo Lightning P2- iPhone X, 7\/8, 7\/8 Plus"},"content":{"rendered":"<p>Adaptador turbo de 3.5 mim Perfeito para IPhone 7, Ip 7 plus, Ip 8, Ip X, Ip Xs, Ip Xs Max, Ip Xr, com o IOS 10 ou mais recentes<\/p>\n<p>Duplo jack lightning Adaptador de Carregador e \u00c1udio para iPhone 7\/8, 7\/8 Plus \/ iPhone X<br \/>\nSuporte total ao iOS 12.1<\/p>\n<p>Ou\u00e7a m\u00fasicas utilizando o conector padr\u00e3o de \u00e1udio P2 (3.5mm) enquanto carrega seu telefone.<\/p>\n<p>Obs.: o adaptador transmite apenas as m\u00fasicas n\u00e3o habilitando os controles de volume, avan\u00e7ar ou retroceder m\u00fasicas e atender liga\u00e7\u00e3o direto no fone de ouvido.<\/p>\n<p>Informa\u00e7\u00f5es complementares:<\/p>\n<p>1. O conector P2 (3.5mm) suporta apenas m\u00fasica, n\u00e3o \u00e9 compat\u00edvel para uso de dados ou liga\u00e7\u00f5es.<br \/>\n2. O conector de 8 Pinos suporta apenas o carregamento, e ele n\u00e3o transmite dados.<\/p>\n<p>Itens na embalagem:<\/p>\n<p>1 adaptador<\/p>\n<p>Marca: NMEGOU<br \/>\nModelo N\u00famero: 2 em 1 adaptador divisor<br \/>\nTens\u00e3o de entrada: Cabo divisor adaptador de fone de ouvido USB duplo 2 em 1<br \/>\nTens\u00e3o da sa\u00edda: Adaptador de fone de ouvido 2 em 1 para iphone x iphone7 iphone8 iphone9<br \/>\nFun\u00e7\u00e3o: Sem fun\u00e7\u00e3o de chamada e controle de m\u00fasica<br \/>\nTipo: Carregador 2 em 1 de 8 pinos e cabo de entrada est\u00e9reo de \u00e1udio auxiliar de 3,5 mm<br \/>\nTipo de produto: Adaptador de cabo telef\u00f4nico para iphon 7 7plus iphone i phone cavo<br \/>\nCaracter\u00edstica: Carregador de 8 pinos + fone de ouvido est\u00e9reo auxiliar de 3,5 mm<br \/>\nCompat\u00edvel: Para celular apple iphone 5 SE 5s 5c 6 6s 7 8 plus X<br \/>\nEstilo: Adaptador AUX de fone de ouvido de fun\u00e7\u00e3o dupla 8 pinos para divisor de \u00e1udio de 3,5 mm<br \/>\nModelo: Carregador 2 em 1 de 8 pinos para iphone8 iphone x iphone7 iphone6 iphone6s<br \/>\nAs: carregador port\u00e1til para celular for iphone cell phone dock station<br \/>\nPara: Para acess\u00f3rios de telefone carregador IPhone<br \/>\nQualidade: 100% cabo de alta qualidade para acess\u00f3rios de celular iphone i7 i8 ix<\/p>\n<p>Produto compat\u00edvel aos aparelhos:<br \/>\n&#8211; IPhone 7;<br \/>\n&#8211; IPhone 7 Plus;<br \/>\n&#8211; IPhone 8;<br \/>\n&#8211; IPhone 8 Plus;<br \/>\n&#8211; IPhone X;<br \/>\n&#8211; IPhone XR;<br \/>\n&#8211; IPhone XS;<br \/>\n&#8211; IPhone XS Max;<br \/>\n&#8211; Ipad a partir do modelo 4<\/p>\n","protected":false},"excerpt":{"rendered":"<p>Adaptador turbo de 3.5 mim Perfeito para IPhone 7, Ip 7 plus, Ip 8, Ip X, Ip Xs, Ip Xs Max, Ip Xr, com o IOS 10 ou mais recentes<\/p>\n<p>Duplo jack lightning Adaptador de Carregador e \u00c1udio para iPhone 7\/8, 7\/8 Plus \/ iPhone X<br \/>\nSuporte total ao iOS 12.1<\/p>\n<p>Ou\u00e7a m\u00fasicas utilizando o conector padr\u00e3o de \u00e1udio P2 (3.5mm) enquanto carrega seu telefone.<\/p>\n<p>Obs.: o adaptador transmite apenas as m\u00fasicas n\u00e3o habilitando os controles de volume, avan\u00e7ar ou retroceder m\u00fasicas e atender liga\u00e7\u00e3o direto no fone de ouvido.<\/p>\n<p>Informa\u00e7\u00f5es complementares:<\/p>\n<p>1. O conector P2 (3.5mm) suporta apenas m\u00fasica, n\u00e3o \u00e9 compat\u00edvel para uso de dados ou liga\u00e7\u00f5es.<br \/>\n2. O conector de 8 Pinos suporta apenas o carregamento, e ele n\u00e3o transmite dados.<\/p>\n","protected":false},"featured_media":15886,"template":"","meta":{"_joinchat":[]},"_links":{"self":[{"href":"https:\/\/mistersates-import.com.br\/loja\/wp-json\/wp\/v2\/product\/14618"}],"collection":[{"href":"https:\/\/mistersates-import.com.br\/loja\/wp-json\/wp\/v2\/product"}],"about":[{"href":"https:\/\/mistersates-import.com.br\/loja\/wp-json\/wp\/v2\/types\/product"}],"wp:featuredmedia":[{"embeddable":true,"href":"https:\/\/mistersates-import.com.br\/loja\/wp-json\/wp\/v2\/media\/15886"}],"wp:attachment":[{"href":"https:\/\/mistersates-import.com.br\/loja\/wp-json\/wp\/v2\/media?parent=14618"}],"curies":[{"name":"wp","href":"https:\/\/api.w.org\/{rel}","templated":true}]}}