{"id":14637,"date":"2021-07-16T17:58:59","date_gmt":"2021-07-16T20:58:59","guid":{"rendered":"https:\/\/mistersates-import.com.br\/loja\/?post_type=product&#038;p=14637"},"modified":"2023-02-04T12:59:48","modified_gmt":"2023-02-04T15:59:48","slug":"mini-ventilador-portatil-colocar-no-pescoco-lazer-e-esportes","status":"publish","type":"product","link":"https:\/\/mistersates-import.com.br\/loja\/product\/mini-ventilador-portatil-colocar-no-pescoco-lazer-e-esportes\/","title":{"rendered":"Mini Ventilador Port\u00e1til Colocar No Pesco\u00e7o Lazer E Esportes"},"content":{"rendered":"<p>O Ventilador para o rosto \u00e9 ideal para pessoas que praticam exerc\u00edcios, al\u00e9m de pr\u00e1tico e port\u00e1til voc\u00ea se refresca sem precisar utilizar as m\u00e3os, ele se adapta ao seu pesco\u00e7o e pode ser direcionado para qualquer posi\u00e7\u00e3o, possui rota\u00e7\u00e3o 360\u00b0 e uma al\u00e7a de silicone resistente e flex\u00edvel ideal para seus exerc\u00edcios di\u00e1rios e corridas pela cidade.<\/p>\n<p>Possui 2 ventiladores potentes e um Design Moderno e confort\u00e1vel. Pode ser usado em casa, no trabalho, na mesa e apoiando em diversos locais.<\/p>\n<p>Possui 3 velocidades de vento diferentes e ajust\u00e1veis. Baixo, M\u00e9dio e Alto.<\/p>\n<p>Vai Desfrutar a sensa\u00e7\u00e3o fresca de diferentes velocidades do vento durante seus exerc\u00edcios.<\/p>\n<p>360 rotativa: os usu\u00e1rios podem girar o mini ventilador flex\u00edvel 360.\u00ba para a melhor dire\u00e7\u00e3o do vento que precisam.<\/p>\n<p>Design de M\u00e3o livre. Colocar o ventilador em volta do pesco\u00e7o ou coloque-o na mesa, perfeito para esportes, lazer, escrit\u00f3rio, fitness, etc.<\/p>\n<p>Produto com Bateria de grande capacidade para carregamento via USB.<\/p>\n<p>&nbsp;<\/p>\n<p>Conte\u00fado da embalagem:<\/p>\n<p>1 x Ventilador<\/p>\n<p>1 x Cabo de carregamento<\/p>\n<p>&nbsp;<\/p>\n<p>&nbsp;<\/p>\n<p>Imagens meramente ilustrativas<\/p>\n","protected":false},"excerpt":{"rendered":"<p>O Ventilador para o rosto \u00e9 ideal para pessoas que praticam exerc\u00edcios, al\u00e9m de pr\u00e1tico e port\u00e1til voc\u00ea se refresca sem precisar utilizar as m\u00e3os, ele se adapta ao seu pesco\u00e7o e pode ser direcionado para qualquer posi\u00e7\u00e3o, possui rota\u00e7\u00e3o 360\u00b0 e uma al\u00e7a de silicone resistente e flex\u00edvel ideal para seus exerc\u00edcios di\u00e1rios e corridas pela cidade.<\/p>\n<p>Possui 2 ventiladores potentes e um Design Moderno e confort\u00e1vel. Pode ser usado em casa, no trabalho, na mesa e apoiando em diversos locais.<\/p>\n<p>Possui 3 velocidades de vento diferentes e ajust\u00e1veis. Baixo, M\u00e9dio e Alto.<\/p>\n<p>Vai Desfrutar a sensa\u00e7\u00e3o fresca de diferentes velocidades do vento durante seus exerc\u00edcios.<\/p>\n<p>360 rotativa: os usu\u00e1rios podem girar o mini ventilador flex\u00edvel 360.\u00ba para a melhor dire\u00e7\u00e3o do vento que precisam.<\/p>\n<p>Design de M\u00e3o livre. Colocar o ventilador em volta do pesco\u00e7o ou coloque-o na mesa, perfeito para esportes, lazer, escrit\u00f3rio, fitness, etc.<\/p>\n<p>Produto com Bateria de grande capacidade para carregamento via USB.<\/p>\n<p>&nbsp;<\/p>\n<p>Conte\u00fado da embalagem:<\/p>\n<p>1 x Ventilador<\/p>\n<p>1 x Cabo de carregamento<\/p>\n<p>&nbsp;<\/p>\n<p>&nbsp;<\/p>\n<p>Imagens meramente ilustrativas<\/p>\n","protected":false},"featured_media":14638,"template":"","meta":{"_joinchat":[]},"_links":{"self":[{"href":"https:\/\/mistersates-import.com.br\/loja\/wp-json\/wp\/v2\/product\/14637"}],"collection":[{"href":"https:\/\/mistersates-import.com.br\/loja\/wp-json\/wp\/v2\/product"}],"about":[{"href":"https:\/\/mistersates-import.com.br\/loja\/wp-json\/wp\/v2\/types\/product"}],"wp:featuredmedia":[{"embeddable":true,"href":"https:\/\/mistersates-import.com.br\/loja\/wp-json\/wp\/v2\/media\/14638"}],"wp:attachment":[{"href":"https:\/\/mistersates-import.com.br\/loja\/wp-json\/wp\/v2\/media?parent=14637"}],"curies":[{"name":"wp","href":"https:\/\/api.w.org\/{rel}","templated":true}]}}