{"id":14642,"date":"2021-07-16T18:04:53","date_gmt":"2021-07-16T21:04:53","guid":{"rendered":"https:\/\/mistersates-import.com.br\/loja\/?post_type=product&#038;p=14642"},"modified":"2023-04-20T12:04:21","modified_gmt":"2023-04-20T15:04:21","slug":"antena-digital-interrna-hdtv-tv-digital-3-5-dbi-4-3m-inova","status":"publish","type":"product","link":"https:\/\/mistersates-import.com.br\/loja\/product\/antena-digital-interrna-hdtv-tv-digital-3-5-dbi-4-3m-inova\/","title":{"rendered":"Antena Digital Interrna Hdtv Tv Digital 3.5 Dbi 4.3m Inova"},"content":{"rendered":"<p>Antena Digital Inova Cbo-7028 4.3 Metros 3.5dbi<br \/>\nMARCA: INOVA<br \/>\nMODELO: CBO-7028<\/p>\n<p>Agora voc\u00ea pode receber o sinal digital em seu aparelho de TV com a Antena Digital HDTV Inova CBO-7028. Seu design supermoderno, leve e discreto permite que voc\u00ea instale a antena de forma r\u00e1pida e pr\u00e1tica.<\/p>\n<p>ESPECIFICA\u00c7\u00d5ES T\u00c9CNICAS<\/p>\n<p>&#8211; Cores dispon\u00edveis: preto;<br \/>\n&#8211; Frequ\u00eancia: UHF470-862 MHz;<br \/>\n&#8211; Ganho: 3,5 DBI;<br \/>\n&#8211; Imped\u00e2ncia: 75 ; V.S.W.R.: UH 1,5:1;<br \/>\n&#8211; Taxa horizontal: 360o;<br \/>\n&#8211; Taxa vertical: 20o;<br \/>\n&#8211; Polariza\u00e7\u00e3o: linear horizontal;<br \/>\n&#8211; Plug da antena: conector F;<br \/>\n&#8211; Comprimento do cabo: 4,3 m;<\/p>\n","protected":false},"excerpt":{"rendered":"<p>Antena Digital Inova Cbo-7028 4.3 Metros 3.5dbi<br \/>\nMARCA: INOVA<br \/>\nMODELO: CBO-7028<\/p>\n<p>Agora voc\u00ea pode receber o sinal digital em seu aparelho de TV com a Antena Digital HDTV Inova CBO-7028. Seu design supermoderno, leve e discreto permite que voc\u00ea instale a antena de forma r\u00e1pida e pr\u00e1tica.<\/p>\n<p>ESPECIFICA\u00c7\u00d5ES T\u00c9CNICAS<\/p>\n<p>&#8211; Cores dispon\u00edveis: preto;<br \/>\n&#8211; Frequ\u00eancia: UHF470-862 MHz;<br \/>\n&#8211; Ganho: 3,5 DBI;<br \/>\n&#8211; Imped\u00e2ncia: 75 ; V.S.W.R.: UH 1,5:1;<br \/>\n&#8211; Taxa horizontal: 360o;<br \/>\n&#8211; Taxa vertical: 20o;<br \/>\n&#8211; Polariza\u00e7\u00e3o: linear horizontal;<br \/>\n&#8211; Plug da antena: conector F;<br \/>\n&#8211; Comprimento do cabo: 4,3 m;<\/p>\n","protected":false},"featured_media":15816,"template":"","meta":{"_joinchat":[]},"_links":{"self":[{"href":"https:\/\/mistersates-import.com.br\/loja\/wp-json\/wp\/v2\/product\/14642"}],"collection":[{"href":"https:\/\/mistersates-import.com.br\/loja\/wp-json\/wp\/v2\/product"}],"about":[{"href":"https:\/\/mistersates-import.com.br\/loja\/wp-json\/wp\/v2\/types\/product"}],"wp:featuredmedia":[{"embeddable":true,"href":"https:\/\/mistersates-import.com.br\/loja\/wp-json\/wp\/v2\/media\/15816"}],"wp:attachment":[{"href":"https:\/\/mistersates-import.com.br\/loja\/wp-json\/wp\/v2\/media?parent=14642"}],"curies":[{"name":"wp","href":"https:\/\/api.w.org\/{rel}","templated":true}]}}