{"id":14651,"date":"2021-07-16T18:54:58","date_gmt":"2021-07-16T21:54:58","guid":{"rendered":"https:\/\/mistersates-import.com.br\/loja\/?post_type=product&#038;p=14651"},"modified":"2024-07-26T12:09:22","modified_gmt":"2024-07-26T15:09:22","slug":"ring-light-iluminador-tripe-mesa-6-pol-youtuber-maquiagem","status":"publish","type":"product","link":"https:\/\/mistersates-import.com.br\/loja\/product\/ring-light-iluminador-tripe-mesa-6-pol-youtuber-maquiagem\/","title":{"rendered":"Ring Light Iluminador Trip\u00e9 Mesa 6 Pol. Youtuber \/ Maquiagem"},"content":{"rendered":"<p>Iluminador Ring Light 6 Polegadas 16cm Usb Led 5500k<\/p>\n<p>Iluminador Ring Light de 16 cent\u00edmetros (6,5 polegadas), desenvolvido para maquiadores, fot\u00f3grafos, cinegrafistas e etc, que buscam uma \u00f3tima maneira de iluminar com perfei\u00e7\u00e3o.<\/p>\n<p>Voc\u00ea pode ajustar o \u00e2ngulo da ilumina\u00e7\u00e3o por possuir um suporte articulado. \u00c9 poss\u00edvel controlar as diferentes temperaturas de cores atrav\u00e9s do controle de ajuste que vai de 3200k \u00e0 5500k. Na frente dos leds tem um filtro difusor para suavizar a luz &#8220;espalhando&#8221; a luz com maior uniformidade.<\/p>\n<p>A alimenta\u00e7\u00e3o do iluminador \u00e9 atrav\u00e9s de cabo USB (n\u00e3o acompanha adaptador de tomada e n\u00e3o possui bateria interna recarreg\u00e1vel), voc\u00ea pode utilizar um adaptador de tomada de celular para ligar ou conectar no USB do computador ou outro equipamento que forne\u00e7a 5v USB. O cabo USB dever\u00e1 estar sempre ligado para funcionar.<\/p>\n<p>\u00c9 recomendado e extremamente eficaz para a macro fotografia, fotografia m\u00e9dica, odontol\u00f3gica, cient\u00edfica, hobby e para a ilumina\u00e7\u00e3o\/fotografia de produ\u00e7\u00f5es de maquiadores.<\/p>\n<p>F\u00e1cil de usar, dur\u00e1vel e de pouco peso, facilitando o transporte.<\/p>\n<p>Especifica\u00e7\u00f5es:<br \/>\nDi\u00e2metro: 16cm (6,5 polegadas)<br \/>\nAlimenta\u00e7\u00e3o: 5v USB<br \/>\nComprimento aproximado do cabo: 1,90m<br \/>\nTemperatura de cor: 3200k &#8211; 5500K ajust\u00e1vel<br \/>\n\u00c2ngulo Regul\u00e1vel: Sim<br \/>\nPot\u00eancia: 10w<\/p>\n","protected":false},"excerpt":{"rendered":"<p>Iluminador Ring Light 6 Polegadas 16cm Usb Led 5500k<\/p>\n<p>Iluminador Ring Light de 16 cent\u00edmetros (6,5 polegadas), desenvolvido para maquiadores, fot\u00f3grafos, cinegrafistas e etc, que buscam uma \u00f3tima maneira de iluminar com perfei\u00e7\u00e3o.<\/p>\n<p>Voc\u00ea pode ajustar o \u00e2ngulo da ilumina\u00e7\u00e3o por possuir um suporte articulado. \u00c9 poss\u00edvel controlar as diferentes temperaturas de cores atrav\u00e9s do controle de ajuste que vai de 3200k \u00e0 5500k. Na frente dos leds tem um filtro difusor para suavizar a luz &#8220;espalhando&#8221; a luz com maior uniformidade.<\/p>\n<p>A alimenta\u00e7\u00e3o do iluminador \u00e9 atrav\u00e9s de cabo USB (n\u00e3o acompanha adaptador de tomada e n\u00e3o possui bateria interna recarreg\u00e1vel), voc\u00ea pode utilizar um adaptador de tomada de celular para ligar ou conectar no USB do computador ou outro equipamento que forne\u00e7a 5v USB. O cabo USB dever\u00e1 estar sempre ligado para funcionar.<\/p>\n<p>\u00c9 recomendado e extremamente eficaz para a macro fotografia, fotografia m\u00e9dica, odontol\u00f3gica, cient\u00edfica, hobby e para a ilumina\u00e7\u00e3o\/fotografia de produ\u00e7\u00f5es de maquiadores.<\/p>\n<p>F\u00e1cil de usar, dur\u00e1vel e de pouco peso, facilitando o transporte.<\/p>\n<p>Especifica\u00e7\u00f5es:<br \/>\nDi\u00e2metro: 16cm (6,5 polegadas)<br \/>\nAlimenta\u00e7\u00e3o: 5v USB<br \/>\nComprimento aproximado do cabo: 1,90m<br \/>\nTemperatura de cor: 3200k &#8211; 5500K ajust\u00e1vel<br \/>\n\u00c2ngulo Regul\u00e1vel: Sim<br \/>\nPot\u00eancia: 10w<\/p>\n","protected":false},"featured_media":14654,"template":"","meta":{"_joinchat":[]},"_links":{"self":[{"href":"https:\/\/mistersates-import.com.br\/loja\/wp-json\/wp\/v2\/product\/14651"}],"collection":[{"href":"https:\/\/mistersates-import.com.br\/loja\/wp-json\/wp\/v2\/product"}],"about":[{"href":"https:\/\/mistersates-import.com.br\/loja\/wp-json\/wp\/v2\/types\/product"}],"wp:featuredmedia":[{"embeddable":true,"href":"https:\/\/mistersates-import.com.br\/loja\/wp-json\/wp\/v2\/media\/14654"}],"wp:attachment":[{"href":"https:\/\/mistersates-import.com.br\/loja\/wp-json\/wp\/v2\/media?parent=14651"}],"curies":[{"name":"wp","href":"https:\/\/api.w.org\/{rel}","templated":true}]}}