{"id":14659,"date":"2021-07-17T10:28:52","date_gmt":"2021-07-17T13:28:52","guid":{"rendered":"https:\/\/mistersates-import.com.br\/loja\/?post_type=product&#038;p=14659"},"modified":"2022-11-24T11:09:52","modified_gmt":"2022-11-24T14:09:52","slug":"ring-light-led-iluminador-26cm-10-polegadas-completo-21m-tripe-210cm","status":"publish","type":"product","link":"https:\/\/mistersates-import.com.br\/loja\/product\/ring-light-led-iluminador-26cm-10-polegadas-completo-21m-tripe-210cm\/","title":{"rendered":"Ring Light Led Iluminador 26cm 10 Polegadas Completo 2,1m Trip\u00e9 210cm"},"content":{"rendered":"<p>Para mudar ilumina\u00e7\u00e3o o produto \u00e9 acompanhado com bot\u00f5es que ajusta o tipo de ilumina\u00e7\u00e3o e a intensidade do brilho.<\/p>\n<p>Pronta entrega<br \/>\nEnvio Imediato<br \/>\nO produto \u00e9 100% igual da foto!<\/p>\n<p>CARACTER\u00cdSTICAS:<\/p>\n<p>&#8211; Novo est\u00fadio de luz modelo anel de preenchimento. \u00c9 aplicado em foto ao ar livre, serve para iluminar a casa, retrato, moda, arte de casamento, grava\u00e7\u00e3o de v\u00eddeo, etc.<\/p>\n<p>&#8211; Nenhuma radia\u00e7\u00e3o ultravioleta e luz infravermelha, tem baixa produ\u00e7\u00e3o de calor. Longa vida \u00faltil de mais de 50000hrs.<\/p>\n<p>&#8211; O anel-em forma de luz vai fazer os olhos mais brilhantes, o que faz com que o retrato fique mais perfeito!<\/p>\n<p>&#8211; Com trip\u00e9 e rota\u00e7\u00e3o 360\u00ba grau a selfie ou v\u00eddeo, pode ser feita em qualquer \u00e2ngulo.<\/p>\n<p>&#8211; Perfeitos para youtubers e grava\u00e7\u00e3o de vlogs.<\/p>\n<p>ESPECIFICA\u00c7\u00d5ES:<\/p>\n<p>\u2022 Cor: Preto<br \/>\n\u2022 Di\u00e2metro externo: 26 cm \/ Di\u00e2metro interno: 20cm<br \/>\n\u2022 Pot\u00eancia: 25 MAX<br \/>\n\u2022 Voltagem: 110V-260V<br \/>\n\u2022 USB: cabo de alimenta\u00e7\u00e3o comprimento 200 cent\u00edmetros<br \/>\n\u2022 Material: liga de alum\u00ednio\/ABS<br \/>\n\u2022 Fonte de luz: LED SMD<br \/>\n\u2022 L\u00e2mpadas de LED: 64 pcs<br \/>\n\u2022 Forma: Anel<\/p>\n<p>ITENS INCLUSO:<\/p>\n<p>1- Ring Light 26cm \/ 10 polegadas<br \/>\n1- Adaptador de celular (pode ser usado na vertical ou horizontal)<br \/>\n1- Adaptador Ball Head<br \/>\n1- Trip\u00e9 0,65 &#8211; 2,1m<br \/>\nDimens\u00f5es: 26cm externo<br \/>\nDimens\u00f5es: 20cm interno<\/p>\n","protected":false},"excerpt":{"rendered":"<p>Para mudar ilumina\u00e7\u00e3o o produto \u00e9 acompanhado com bot\u00f5es que ajusta o tipo de ilumina\u00e7\u00e3o e a intensidade do brilho.<\/p>\n<p>Pronta entrega<br \/>\nEnvio Imediato<br \/>\nO produto \u00e9 100% igual da foto!<\/p>\n<p>CARACTER\u00cdSTICAS:<\/p>\n<p>&#8211; Novo est\u00fadio de luz modelo anel de preenchimento. \u00c9 aplicado em foto ao ar livre, serve para iluminar a casa, retrato, moda, arte de casamento, grava\u00e7\u00e3o de v\u00eddeo, etc.<\/p>\n<p>&#8211; Nenhuma radia\u00e7\u00e3o ultravioleta e luz infravermelha, tem baixa produ\u00e7\u00e3o de calor. Longa vida \u00faltil de mais de 50000hrs.<\/p>\n<p>&#8211; O anel-em forma de luz vai fazer os olhos mais brilhantes, o que faz com que o retrato fique mais perfeito!<\/p>\n<p>&#8211; Com trip\u00e9 e rota\u00e7\u00e3o 360\u00ba grau a selfie ou v\u00eddeo, pode ser feita em qualquer \u00e2ngulo.<\/p>\n<p>&#8211; Perfeitos para youtubers e grava\u00e7\u00e3o de vlogs.<\/p>\n<p>ESPECIFICA\u00c7\u00d5ES:<\/p>\n<p>\u2022 Cor: Preto<br \/>\n\u2022 Di\u00e2metro externo: 26 cm \/ Di\u00e2metro interno: 20cm<br \/>\n\u2022 Pot\u00eancia: 25 MAX<br \/>\n\u2022 Voltagem: 110V-260V<br \/>\n\u2022 USB: cabo de alimenta\u00e7\u00e3o comprimento 200 cent\u00edmetros<br \/>\n\u2022 Material: liga de alum\u00ednio\/ABS<br \/>\n\u2022 Fonte de luz: LED SMD<br \/>\n\u2022 L\u00e2mpadas de LED: 64 pcs<br \/>\n\u2022 Forma: Anel<\/p>\n","protected":false},"featured_media":14660,"template":"","meta":{"_joinchat":[]},"_links":{"self":[{"href":"https:\/\/mistersates-import.com.br\/loja\/wp-json\/wp\/v2\/product\/14659"}],"collection":[{"href":"https:\/\/mistersates-import.com.br\/loja\/wp-json\/wp\/v2\/product"}],"about":[{"href":"https:\/\/mistersates-import.com.br\/loja\/wp-json\/wp\/v2\/types\/product"}],"wp:featuredmedia":[{"embeddable":true,"href":"https:\/\/mistersates-import.com.br\/loja\/wp-json\/wp\/v2\/media\/14660"}],"wp:attachment":[{"href":"https:\/\/mistersates-import.com.br\/loja\/wp-json\/wp\/v2\/media?parent=14659"}],"curies":[{"name":"wp","href":"https:\/\/api.w.org\/{rel}","templated":true}]}}