{"id":14680,"date":"2021-07-17T11:53:39","date_gmt":"2021-07-17T14:53:39","guid":{"rendered":"https:\/\/mistersates-import.com.br\/loja\/?post_type=product&#038;p=14680"},"modified":"2022-11-09T21:51:20","modified_gmt":"2022-11-10T00:51:20","slug":"fone-de-ouvido-inova-bluetooth-fon-2263d-rgb-sem-fio-estereo","status":"publish","type":"product","link":"https:\/\/mistersates-import.com.br\/loja\/product\/fone-de-ouvido-inova-bluetooth-fon-2263d-rgb-sem-fio-estereo\/","title":{"rendered":"Fone de Ouvido Inova Bluetooth FON-2263D RGB Sem fio Estereo"},"content":{"rendered":"<p>Fone Bluetooth RGB Cores Inova FON-2263D RGB<\/p>\n<p>Fone de Ouvido Est\u00e9reo sem fio<\/p>\n<p>Alta Fidelidade<br \/>\n&#8211; Entrada USB e Carregador de bateria<br \/>\n&#8211; Cart\u00e3o TF : Leitor de m\u00fasica<br \/>\n&#8211; Faixa anterior \/ Aumentar o Volume<br \/>\n&#8211; Reprodutor Faixa \/ Diminuir o Volume<br \/>\n&#8211; Reproduzir, Pausar, Atender \/ Rejeitar Chamada<br \/>\n&#8211; Trocar fun\u00e7\u00f5es: FM \/ MP3<\/p>\n<p>Caracter\u00edsticas:<\/p>\n<p>Apar\u00eancia original, simples, elegante estilosa, ornamento de metal<br \/>\nTecnologia inovadora, sem fio 5.0<br \/>\nGarantia de alta qualidade<br \/>\nDesign ergon\u00f4mico e confort\u00e1vel<br \/>\nSom perfeito, design de cavidade independente, som puro<br \/>\nBaixo consumo de energia, modo de alimenta\u00e7\u00e3o inteligente com at\u00e9 6 horas de reprodu\u00e7\u00e3o cont\u00ednua<\/p>\n<p>Especifica\u00e7\u00f5es:<\/p>\n<p>Vers\u00e3o sem fio 5.0<br \/>\nPerfil A2DP1.2 AVRCP 1.4 HFP1.6 HSP1.2<br \/>\nAlcance RF: 10m<br \/>\nDimens\u00e3o do drive: 40mm<br \/>\nImped\u00e2ncia: 32 +- 15%<br \/>\nAlcance de frequ\u00eancia: 20 &#8211; 20 khz<br \/>\nAlcance S\/N : &gt; 80 db<br \/>\nDistor\u00e7\u00e3o: &lt; 1%<br \/>\nDura\u00e7\u00e3o bateria: 6 horas cont\u00ednuas ouvindo suas m\u00fasicas preferidas<\/p>\n","protected":false},"excerpt":{"rendered":"<p>Fone Bluetooth RGB Cores Inova FON-2263D RGB<\/p>\n<p>Fone de Ouvido Est\u00e9reo sem fio<\/p>\n<p>Alta Fidelidade<br \/>\n&#8211; Entrada USB e Carregador de bateria<br \/>\n&#8211; Cart\u00e3o TF : Leitor de m\u00fasica<br \/>\n&#8211; Faixa anterior \/ Aumentar o Volume<br \/>\n&#8211; Reprodutor Faixa \/ Diminuir o Volume<br \/>\n&#8211; Reproduzir, Pausar, Atender \/ Rejeitar Chamada<br \/>\n&#8211; Trocar fun\u00e7\u00f5es: FM \/ MP3<\/p>\n<p>Caracter\u00edsticas:<\/p>\n<p>Apar\u00eancia original, simples, elegante estilosa, ornamento de metal<br \/>\nTecnologia inovadora, sem fio 5.0<br \/>\nGarantia de alta qualidade<br \/>\nDesign ergon\u00f4mico e confort\u00e1vel<br \/>\nSom perfeito, design de cavidade independente, som puro<br \/>\nBaixo consumo de energia, modo de alimenta\u00e7\u00e3o inteligente com at\u00e9 6 horas de reprodu\u00e7\u00e3o cont\u00ednua<\/p>\n","protected":false},"featured_media":14684,"template":"","meta":{"_joinchat":[]},"_links":{"self":[{"href":"https:\/\/mistersates-import.com.br\/loja\/wp-json\/wp\/v2\/product\/14680"}],"collection":[{"href":"https:\/\/mistersates-import.com.br\/loja\/wp-json\/wp\/v2\/product"}],"about":[{"href":"https:\/\/mistersates-import.com.br\/loja\/wp-json\/wp\/v2\/types\/product"}],"wp:featuredmedia":[{"embeddable":true,"href":"https:\/\/mistersates-import.com.br\/loja\/wp-json\/wp\/v2\/media\/14684"}],"wp:attachment":[{"href":"https:\/\/mistersates-import.com.br\/loja\/wp-json\/wp\/v2\/media?parent=14680"}],"curies":[{"name":"wp","href":"https:\/\/api.w.org\/{rel}","templated":true}]}}