{"id":14709,"date":"2021-07-20T18:12:03","date_gmt":"2021-07-20T21:12:03","guid":{"rendered":"https:\/\/mistersates-import.com.br\/loja\/?post_type=product&#038;p=14709"},"modified":"2026-04-25T21:49:29","modified_gmt":"2026-04-26T00:49:29","slug":"mini-displayport-para-hdmi-cabo-compativel-4k-1080p-tv-macbook","status":"publish","type":"product","link":"https:\/\/mistersates-import.com.br\/loja\/product\/mini-displayport-para-hdmi-cabo-compativel-4k-1080p-tv-macbook\/","title":{"rendered":"Mini displayport para hdmi-cabo compat\u00edvel 4k 1080p tv Macbook"},"content":{"rendered":"<p>Este design de circuito interno do produto s\u00f3 pode conseguir mini displayport para hdmi-convers\u00e3o de sentido \u00fanico compat\u00edvel<\/p>\n<p>Supports este mini cabo displayport suporta 4k x 2k ou 1080p<br \/>\nSupport suporte mini displayport v1.2;<br \/>\nSupport suporte mini displayport sinal para hdmi-convers\u00e3o compat\u00edvel;<br \/>\nInterface suporte 20pin mini interface displayport;<br \/>\nSupport suporte mini displayport1.1a\/1.2 entrada e sa\u00edda 1.3b \/ 1.4.2.0 compat\u00edvel com hdmi, e compat\u00edvel com entrada de interface thunderbolt.<br \/>\nBandwidth suporte hdmi-largura de banda de rel\u00f3gio compat\u00edvel com 225mhz, 2.25gbps por largura de banda de dados de canal (todos os canais 6.75gbps largura de banda de dados)<br \/>\nSupport suporte hdmi-compat\u00edvel 4k x 2k (3840 2160) sa\u00edda de ultra-alta defini\u00e7\u00e3o<br \/>\nSupport suporte hmdi 12bit cor profunda (todos os canais 36bit cor profunda)<br \/>\nSupport suporta at\u00e9 10.8gbps de largura de banda de v\u00eddeo;<br \/>\nChannel suporte 1mbps canal auxiliar bidirecional;<br \/>\nSupport suporte unidirecional, single-channel, conex\u00e3o de quatro fios;<br \/>\nSwap suporte a troca quente.<br \/>\nChip built-in chip de convers\u00e3o, nenhuma fonte de alimenta\u00e7\u00e3o externa<br \/>\nEm estrita conformidade com o mini design padr\u00e3o displayport, apto para apple mini especifica\u00e7\u00e3o displayport, estabilidade de transmiss\u00e3o de sinal<br \/>\nPara hdmi-parte compat\u00edvel do \u00e1udio e v\u00eddeo para suportar a transmiss\u00e3o s\u00edncrona<br \/>\nModelos aplic\u00e1veis:<br \/>\nMacbook macbook\/macbook pro\/macbook ar\/apple imac 21.5 \/ 27 polegadas, lenovo x1, dell xps, e equipado com mini interface displaypor, outras marcas de notebook ou placa gr\u00e1fica com conector compat\u00edvel com hdmi hdtv, monitor, projetor, lcd, display led conectado!<\/p>\n<p>Modelos aplic\u00e1veis:<\/p>\n<p>MB413 \/ MB4 \/ MB4 \/ MB4 \/ MB4 \/ MB4\/<br \/>\nMbmb940\/mb985\/mb986\/mb990\/mb991\/<br \/>\nMC024 \/ MC026 \/ MC118 \/ MC207 \/ MC226 \/ MC233 \/ MC234 \/ MC413<br \/>\nMcmc503\/mc504\/mc505\/mc506\/mc508\/mc509\/mc510\/mc511\/mc516\/<br \/>\nMcmc700\/mc721\/mc723\/mc724\/mc725\/<br \/>\nMC812 \/ MC813 \/ MC814 \/ MC847 \/ MC950 \/ MC965 \/ MC966 \/ MC968 \/ MC969<br \/>\nLenovo lenovo: thinkpad x1, x230, t420, w530<br \/>\nDell dell: xps14z \/ xps15 \/ xps15z \/ xps17<br \/>\nCards todos os cart\u00f5es de porta displayport mini e outros cadernos<\/p>\n<p>Exibi\u00e7\u00e3o hd para hdmi-compat\u00edvel<\/p>\n<p>Mini displayport para hdmi-linha de convers\u00e3o compat\u00edvel, s\u00f3 pode conseguir mini dp para hdmi-compat\u00edvel convers\u00e3o de sentido \u00fanico. Suporte hdmi-resolu\u00e7\u00e3o de v\u00eddeo compat\u00edvel at\u00e9 4k.<\/p>\n","protected":false},"excerpt":{"rendered":"<p>Este design de circuito interno do produto s\u00f3 pode conseguir mini displayport para hdmi-convers\u00e3o de sentido \u00fanico compat\u00edvel<\/p>\n<p>Supports este mini cabo displayport suporta 4k x 2k ou 1080p<br \/>\nSupport suporte mini displayport v1.2;<br \/>\nSupport suporte mini displayport sinal para hdmi-convers\u00e3o compat\u00edvel;<br \/>\nInterface suporte 20pin mini interface displayport;<br \/>\nSupport suporte mini displayport1.1a\/1.2 entrada e sa\u00edda 1.3b \/ 1.4.2.0 compat\u00edvel com hdmi, e compat\u00edvel com entrada de interface thunderbolt.<br \/>\nBandwidth suporte hdmi-largura de banda de rel\u00f3gio compat\u00edvel com 225mhz, 2.25gbps por largura de banda de dados de canal (todos os canais 6.75gbps largura de banda de dados)<br \/>\nSupport suporte hdmi-compat\u00edvel 4k x 2k (3840 2160) sa\u00edda de ultra-alta defini\u00e7\u00e3o<br \/>\nSupport suporte hmdi 12bit cor profunda (todos os canais 36bit cor profunda)<br \/>\nSupport suporta at\u00e9 10.8gbps de largura de banda de v\u00eddeo;<br \/>\nChannel suporte 1mbps canal auxiliar bidirecional;<br \/>\nSupport suporte unidirecional, single-channel, conex\u00e3o de quatro fios;<br \/>\nSwap suporte a troca quente.<br \/>\nChip built-in chip de convers\u00e3o, nenhuma fonte de alimenta\u00e7\u00e3o externa<br \/>\nEm estrita conformidade com o mini design padr\u00e3o displayport, apto para apple mini especifica\u00e7\u00e3o displayport, estabilidade de transmiss\u00e3o de sinal<br \/>\nPara hdmi-parte compat\u00edvel do \u00e1udio e v\u00eddeo para suportar a transmiss\u00e3o s\u00edncrona<br \/>\nModelos aplic\u00e1veis:<br \/>\nMacbook macbook\/macbook pro\/macbook ar\/apple imac 21.5 \/ 27 polegadas, lenovo x1, dell xps, e equipado com mini interface displaypor, outras marcas de notebook ou placa gr\u00e1fica com conector compat\u00edvel com hdmi hdtv, monitor, projetor, lcd, display led conectado!<\/p>\n","protected":false},"featured_media":14716,"template":"","meta":{"_joinchat":[]},"_links":{"self":[{"href":"https:\/\/mistersates-import.com.br\/loja\/wp-json\/wp\/v2\/product\/14709"}],"collection":[{"href":"https:\/\/mistersates-import.com.br\/loja\/wp-json\/wp\/v2\/product"}],"about":[{"href":"https:\/\/mistersates-import.com.br\/loja\/wp-json\/wp\/v2\/types\/product"}],"wp:featuredmedia":[{"embeddable":true,"href":"https:\/\/mistersates-import.com.br\/loja\/wp-json\/wp\/v2\/media\/14716"}],"wp:attachment":[{"href":"https:\/\/mistersates-import.com.br\/loja\/wp-json\/wp\/v2\/media?parent=14709"}],"curies":[{"name":"wp","href":"https:\/\/api.w.org\/{rel}","templated":true}]}}