{"id":14722,"date":"2021-07-21T14:22:27","date_gmt":"2021-07-21T17:22:27","guid":{"rendered":"https:\/\/mistersates-import.com.br\/loja\/?post_type=product&#038;p=14722"},"modified":"2026-04-11T09:58:07","modified_gmt":"2026-04-11T12:58:07","slug":"4k-displayport-dp-macho-para-hdmi-compativel-femea-m-f-adapt","status":"publish","type":"product","link":"https:\/\/mistersates-import.com.br\/loja\/product\/4k-displayport-dp-macho-para-hdmi-compativel-femea-m-f-adapt\/","title":{"rendered":"4k Displayport Dp Macho Para Hdmi Compat\u00edvel F\u00eamea M\/f Adapt"},"content":{"rendered":"<p>Este design de circuito interno do produto s\u00f3 pode conseguir displayport para convers\u00e3o de sentido \u00fanico compat\u00edvel com hdmi.<\/p>\n<p>1. cabo conveniente conecta diretamente um displayport (dp, dp + +, displayport + +) computador equipado para um hdtv,<br \/>\nMonitor, ou projetor com entrada compat\u00edvel com hdmi.<br \/>\n2. transmite \u00e1udio e v\u00eddeo de alta defini\u00e7\u00e3o do seu computador para um hdtv para streaming de v\u00eddeo ou jogos<br \/>\n3. conecte e configure seu monitor para uma \u00e1rea de trabalho estendida ou exibi\u00e7\u00f5es espelhadas.<br \/>\n4. suporta resolu\u00e7\u00f5es de v\u00eddeo at\u00e9 4k x 2k \/ 1920&#215;1200 \/ 1080p (hd completo) e sem falhas de \u00e1udio pass-thru para<br \/>\nDigital n\u00e3o comprimido 7.1, 5.1 ou 2 canais.<\/p>\n<p>Notas:<\/p>\n<p>-Entrada: displayport masculino<br \/>\n-Sa\u00edda: f\u00eamea compat\u00edvel com hdmi; um cabo compat\u00edvel com hdmi (vendido separadamente) \u00e9 necess\u00e1rio<br \/>\n-S\u00f3 pode converter o sinal de displayport para hdmi compat\u00edvel. Este n\u00e3o \u00e9 um adaptador bidirecional<br \/>\n-Conecte at\u00e9 2 monitores usando amd eyefinity multi-tecnologia de exibi\u00e7\u00e3o (um adaptador por monitor); um ativo<br \/>\nAdaptador \u00e9 necess\u00e1rio para suportar mais monitores<br \/>\n-Fique deprimido antes de desligar.<\/p>\n<p>Lista do pacote:<\/p>\n<p>1 x dp para cabl compat\u00edvel com hdmi<\/p>\n<p>Exibi\u00e7\u00e3o hd para hdmi-compat\u00edvel<\/p>\n<p>Displayport para hdmi-linha de convers\u00e3o compat\u00edvel, s\u00f3 pode conseguir displayport para hdmi-convers\u00e3o de sentido \u00fanico compat\u00edvel. Suporte hdmi-resolu\u00e7\u00e3o de v\u00eddeo compat\u00edvel at\u00e9 4k x 2k ou 1080p, depende do estilo que voc\u00ea compra.<\/p>\n","protected":false},"excerpt":{"rendered":"<p>Este design de circuito interno do produto s\u00f3 pode conseguir displayport para convers\u00e3o de sentido \u00fanico compat\u00edvel com hdmi.<\/p>\n<p>1. cabo conveniente conecta diretamente um displayport (dp, dp + +, displayport + +) computador equipado para um hdtv,<br \/>\nMonitor, ou projetor com entrada compat\u00edvel com hdmi.<br \/>\n2. transmite \u00e1udio e v\u00eddeo de alta defini\u00e7\u00e3o do seu computador para um hdtv para streaming de v\u00eddeo ou jogos<br \/>\n3. conecte e configure seu monitor para uma \u00e1rea de trabalho estendida ou exibi\u00e7\u00f5es espelhadas.<br \/>\n4. suporta resolu\u00e7\u00f5es de v\u00eddeo at\u00e9 4k x 2k \/ 1920&#215;1200 \/ 1080p (hd completo) e sem falhas de \u00e1udio pass-thru para<br \/>\nDigital n\u00e3o comprimido 7.1, 5.1 ou 2 canais.<\/p>\n","protected":false},"featured_media":15618,"template":"","meta":{"_joinchat":[]},"_links":{"self":[{"href":"https:\/\/mistersates-import.com.br\/loja\/wp-json\/wp\/v2\/product\/14722"}],"collection":[{"href":"https:\/\/mistersates-import.com.br\/loja\/wp-json\/wp\/v2\/product"}],"about":[{"href":"https:\/\/mistersates-import.com.br\/loja\/wp-json\/wp\/v2\/types\/product"}],"wp:featuredmedia":[{"embeddable":true,"href":"https:\/\/mistersates-import.com.br\/loja\/wp-json\/wp\/v2\/media\/15618"}],"wp:attachment":[{"href":"https:\/\/mistersates-import.com.br\/loja\/wp-json\/wp\/v2\/media?parent=14722"}],"curies":[{"name":"wp","href":"https:\/\/api.w.org\/{rel}","templated":true}]}}