{"id":14754,"date":"2021-07-21T20:44:43","date_gmt":"2021-07-21T23:44:43","guid":{"rendered":"https:\/\/mistersates-import.com.br\/loja\/?post_type=product&#038;p=14754"},"modified":"2024-10-08T09:55:41","modified_gmt":"2024-10-08T12:55:41","slug":"jogo-20-brocas-fresas-diamantada-vidro-dremel-micro-retifica","status":"publish","type":"product","link":"https:\/\/mistersates-import.com.br\/loja\/product\/jogo-20-brocas-fresas-diamantada-vidro-dremel-micro-retifica\/","title":{"rendered":"Jogo 20 Brocas Fresas Diamantada Vidro Dremel Micro Retifica"},"content":{"rendered":"<div style=\"width: 940px;\" class=\"wp-video\"><!--[if lt IE 9]><script>document.createElement('video');<\/script><![endif]-->\n<video class=\"wp-video-shortcode\" id=\"video-14754-1\" width=\"940\" height=\"705\" preload=\"metadata\" controls=\"controls\"><source type=\"video\/mp4\" src=\"https:\/\/mistersates-import.com.br\/loja\/wp-content\/uploads\/2021\/07\/Desenhando1-no-vidro-com-a-Dremel.mp4?_=1\" \/><a href=\"https:\/\/mistersates-import.com.br\/loja\/wp-content\/uploads\/2021\/07\/Desenhando1-no-vidro-com-a-Dremel.mp4\">https:\/\/mistersates-import.com.br\/loja\/wp-content\/uploads\/2021\/07\/Desenhando1-no-vidro-com-a-Dremel.mp4<\/a><\/video><\/div>\n<p>Descri\u00e7\u00e3o:<\/p>\n<p>KIT 20 FRESAS DIAMANTADAS, PARA VIDRO, M\u00c1RMORE, CER\u00c2MICA, PORCELANATO, J\u00d3IAS E OUTROS. USO EM MICRO RET\u00cdFICA DREMEL E OUTRAS MARCAS DO MERCADO.<\/p>\n<p>ESPECIFICA\u00c7\u00d5ES DO PRODUTO:<\/p>\n<p>Marca: SteelTools.<br \/>\nModelo: Kit 20 fresas diamantadas para micro ret\u00edfica Dremel e outras marcas.<br \/>\nTipo: Para esculpir, gravar e fresar materiais, criando designs \u00fanicos em madeira, fibra de vidro, cer\u00e2micas macias, pl\u00e1sticos, joias, metais macios e outros.<br \/>\nDi\u00e2metro da haste de corte: 06 mm.<br \/>\nEspessura de Corte: 06 mm.<br \/>\nDi\u00e2metro da Haste de encaixe do mandril: 1\/8 (3.2 mm).<br \/>\nComprimento total da Haste: 45 mm.<br \/>\nMaterial: De a\u00e7o HSS, com corte Diamantada com 80 gr\u00e3os.<br \/>\nCor: Como mostram nas fotos.<\/p>\n<p>CARACTER\u00cdSTICAS:<\/p>\n<p>&#8211; Ideais para esculpir, gravar e fresar materiais, criando designs \u00fanicos em madeira, fibra de vidro, cer\u00e2micas macias, pl\u00e1sticos, joias, metais macios e outros.<br \/>\n&#8211; Bom acabamento, qualidade confi\u00e1vel.<br \/>\n&#8211; Usado principalmente para polir vidro, jade, reparar abrasivos e outros objetos duros.<br \/>\n&#8211; Ferramentas de rebarba de diamante para moagem, gravura, linhas de corte, polimento, escultura, gravura em vidro<br \/>\n&#8211; Apropriado tamb\u00e9m para telha, m\u00e1rmore, granito, pedra e muitos outros materiais.<\/p>\n<p>ITENS INCLUSOS:<\/p>\n<p>&#8211; Quantidade: 01 (um) Conjunto com 20 (vinte) pe\u00e7as.<\/p>\n<p>PARA SUA SEGURAN\u00c7A!<\/p>\n<p>&#8211; Use sempre \u00f3culos e luvas de prote\u00e7\u00e3o individual.<br \/>\n&#8211; Sempre leia e siga as instru\u00e7\u00f5es de opera\u00e7\u00e3o e seguran\u00e7a do manual da ferramenta de poder e as instru\u00e7\u00f5es para o uso correto do acess\u00f3rio.<br \/>\n&#8211; N\u00e3o use as fresas diamantadas em material que n\u00e3o seja o informado neste an\u00fancio.<br \/>\n&#8211; N\u00e3o use roupas soltas, pois podem prender na ferramenta de furo.<br \/>\nCuide-se!<\/p>\n","protected":false},"excerpt":{"rendered":"<p>KIT 20 FRESAS DIAMANTADAS, PARA VIDRO, M\u00c1RMORE, CER\u00c2MICA, PORCELANATO, J\u00d3IAS E OUTROS. USO EM MICRO RET\u00cdFICA DREMEL E OUTRAS MARCAS DO MERCADO.<\/p>\n<p>ESPECIFICA\u00c7\u00d5ES DO PRODUTO:<\/p>\n<p>Marca: SteelTools.<br \/>\nModelo: Kit 20 fresas diamantadas para micro ret\u00edfica Dremel e outras marcas.<br \/>\nTipo: Para esculpir, gravar e fresar materiais, criando designs \u00fanicos em madeira, fibra de vidro, cer\u00e2micas macias, pl\u00e1sticos, joias, metais macios e outros.<br \/>\nDi\u00e2metro da haste de corte: 06 mm.<br \/>\nEspessura de Corte: 06 mm.<br \/>\nDi\u00e2metro da Haste de encaixe do mandril: 1\/8 (3.2 mm).<br \/>\nComprimento total da Haste: 45 mm.<br \/>\nMaterial: De a\u00e7o HSS, com corte Diamantada com 80 gr\u00e3os.<br \/>\nCor: Como mostram nas fotos.<\/p>\n<p>CARACTER\u00cdSTICAS:<\/p>\n<p>&#8211; Ideais para esculpir, gravar e fresar materiais, criando designs \u00fanicos em madeira, fibra de vidro, cer\u00e2micas macias, pl\u00e1sticos, joias, metais macios e outros.<br \/>\n&#8211; Bom acabamento, qualidade confi\u00e1vel.<br \/>\n&#8211; Usado principalmente para polir vidro, jade, reparar abrasivos e outros objetos duros.<br \/>\n&#8211; Ferramentas de rebarba de diamante para moagem, gravura, linhas de corte, polimento, escultura, gravura em vidro<br \/>\n&#8211; Apropriado tamb\u00e9m para telha, m\u00e1rmore, granito, pedra e muitos outros materiais.<\/p>\n<p>&nbsp;<\/p>\n","protected":false},"featured_media":14755,"template":"","meta":{"_joinchat":[]},"_links":{"self":[{"href":"https:\/\/mistersates-import.com.br\/loja\/wp-json\/wp\/v2\/product\/14754"}],"collection":[{"href":"https:\/\/mistersates-import.com.br\/loja\/wp-json\/wp\/v2\/product"}],"about":[{"href":"https:\/\/mistersates-import.com.br\/loja\/wp-json\/wp\/v2\/types\/product"}],"wp:featuredmedia":[{"embeddable":true,"href":"https:\/\/mistersates-import.com.br\/loja\/wp-json\/wp\/v2\/media\/14755"}],"wp:attachment":[{"href":"https:\/\/mistersates-import.com.br\/loja\/wp-json\/wp\/v2\/media?parent=14754"}],"curies":[{"name":"wp","href":"https:\/\/api.w.org\/{rel}","templated":true}]}}