{"id":14769,"date":"2021-07-22T10:12:29","date_gmt":"2021-07-22T13:12:29","guid":{"rendered":"https:\/\/mistersates-import.com.br\/loja\/?post_type=product&#038;p=14769"},"modified":"2022-12-19T18:23:33","modified_gmt":"2022-12-19T21:23:33","slug":"caixa-estanque-protetora-para-gopro-hero-9-black-60m","status":"publish","type":"product","link":"https:\/\/mistersates-import.com.br\/loja\/product\/caixa-estanque-protetora-para-gopro-hero-9-black-60m\/","title":{"rendered":"Caixa Estanque Protetora Para Gopro Hero 9 Black 60m"},"content":{"rendered":"<p>CASE CAIXA ESTANQUE GOPRO HERO 9 Black<\/p>\n<p>Obs. Todos os produtos s\u00e3o testados em laborat\u00f3rios e possui certifica\u00e7\u00f5es de testes produtos de alta qualidade e dura\u00e7\u00e3o.<\/p>\n<p>Utilize esta caixa estanque com a sua GoPro Hero 9 Black, em atividades radicais ao ar livre e mergulhos em \u00e1guas profundas. Ela oferece prote\u00e7\u00e3o para profundidade de at\u00e9 45m e tamb\u00e9m protege contra detritos soltos, cascalho, poeira e pedras pequenas. As lentes de vidro plano fornecem m\u00e1xima nitidez de imagem dentro e fora da \u00e1gua.<\/p>\n<p>&nbsp;<\/p>\n<p>Caracter\u00edsticas Gerais:<br \/>\nMarca: SHOT<br \/>\nModelo GP-WTP-901<br \/>\nPeso 135g<br \/>\nMaterial: Tpu Transparente<br \/>\nProfundidade: at\u00e9 60m<br \/>\nCor Cristal<\/p>\n<p>Compatibilidade:<br \/>\nEste produto \u00e9 compat\u00edvel com a c\u00e2mera GoPro Hero 9 Black<\/p>\n<p>Garantia:<br \/>\nGarantia de 90 dias para defeitos de fabrica\u00e7\u00e3o. N\u00e3o est\u00e3o cobertos danos causados por mau uso, quedas, arranh\u00f5es ou qualquer outro tipo de avaria ao produto ou a c\u00e2mera utilizada em conjunto com o mesmo.<\/p>\n<p>Itens inclusos:<br \/>\n1 x Caixa Estanque<br \/>\n1 x Adaptador Clipe Libera\u00e7\u00e3o R\u00e1pida<br \/>\n1 x Parafuso<\/p>\n<p>Observa\u00e7\u00f5es:<br \/>\nVerifique sempre a veda\u00e7\u00e3o para uso em atividades na \u00e1gua.<br \/>\nComo prote\u00e7\u00e3o extra, use sempre al\u00e7a de seguran\u00e7a em atividades extremas ou aqu\u00e1ticas.<br \/>\nN\u00e3o acompanha c\u00e2mera e acess\u00f3rios.<br \/>\nImagens meramente ilustrativas.<\/p>\n","protected":false},"excerpt":{"rendered":"<p>CASE CAIXA ESTANQUE GOPRO HERO 9 Black<\/p>\n<p>Obs. Todos os produtos s\u00e3o testados em laborat\u00f3rios e possui certifica\u00e7\u00f5es de testes produtos de alta qualidade e dura\u00e7\u00e3o.<\/p>\n<p>Utilize esta caixa estanque com a sua GoPro Hero 9 Black, em atividades radicais ao ar livre e mergulhos em \u00e1guas profundas. Ela oferece prote\u00e7\u00e3o para profundidade de at\u00e9 45m e tamb\u00e9m protege contra detritos soltos, cascalho, poeira e pedras pequenas. As lentes de vidro plano fornecem m\u00e1xima nitidez de imagem dentro e fora da \u00e1gua.<\/p>\n<p>&nbsp;<\/p>\n<p>Caracter\u00edsticas Gerais:<br \/>\nMarca: SHOT<br \/>\nModelo GP-WTP-901<br \/>\nPeso 135g<br \/>\nMaterial: Tpu Transparente<br \/>\nProfundidade: at\u00e9 60m<br \/>\nCor Cristal<\/p>\n<p>Compatibilidade:<br \/>\nEste produto \u00e9 compat\u00edvel com a c\u00e2mera GoPro Hero 9 Black<\/p>\n<p>Garantia:<br \/>\nGarantia de 90 dias para defeitos de fabrica\u00e7\u00e3o. N\u00e3o est\u00e3o cobertos danos causados por mau uso, quedas, arranh\u00f5es ou qualquer outro tipo de avaria ao produto ou a c\u00e2mera utilizada em conjunto com o mesmo.<\/p>\n<p>Itens inclusos:<br \/>\n1 x Caixa Estanque<br \/>\n1 x Adaptador Clipe Libera\u00e7\u00e3o R\u00e1pida<br \/>\n1 x Parafuso<\/p>\n<p>Observa\u00e7\u00f5es:<br \/>\nVerifique sempre a veda\u00e7\u00e3o para uso em atividades na \u00e1gua.<br \/>\nComo prote\u00e7\u00e3o extra, use sempre al\u00e7a de seguran\u00e7a em atividades extremas ou aqu\u00e1ticas.<br \/>\nN\u00e3o acompanha c\u00e2mera e acess\u00f3rios.<br \/>\nImagens meramente ilustrativas.<\/p>\n","protected":false},"featured_media":16018,"template":"","meta":{"_joinchat":[]},"_links":{"self":[{"href":"https:\/\/mistersates-import.com.br\/loja\/wp-json\/wp\/v2\/product\/14769"}],"collection":[{"href":"https:\/\/mistersates-import.com.br\/loja\/wp-json\/wp\/v2\/product"}],"about":[{"href":"https:\/\/mistersates-import.com.br\/loja\/wp-json\/wp\/v2\/types\/product"}],"wp:featuredmedia":[{"embeddable":true,"href":"https:\/\/mistersates-import.com.br\/loja\/wp-json\/wp\/v2\/media\/16018"}],"wp:attachment":[{"href":"https:\/\/mistersates-import.com.br\/loja\/wp-json\/wp\/v2\/media?parent=14769"}],"curies":[{"name":"wp","href":"https:\/\/api.w.org\/{rel}","templated":true}]}}