{"id":14784,"date":"2021-07-22T10:37:00","date_gmt":"2021-07-22T13:37:00","guid":{"rendered":"https:\/\/mistersates-import.com.br\/loja\/?post_type=product&#038;p=14784"},"modified":"2025-05-25T10:47:33","modified_gmt":"2025-05-25T13:47:33","slug":"capa-silicone-caixa-estanque-gopro-hero-9-com-cordinha","status":"publish","type":"product","link":"https:\/\/mistersates-import.com.br\/loja\/product\/capa-silicone-caixa-estanque-gopro-hero-9-com-cordinha\/","title":{"rendered":"Capa Silicone Caixa Estanque Gopro Hero 9 com Cordinha"},"content":{"rendered":"<p>&#8211; Projetado para gopro hero 9.<br \/>\n&#8211; Proteja a c\u00e2mera de arranh\u00f5es e poeira.<br \/>\n&#8211; Feito de material de silicone macio para um bom toque e excelente prote\u00e7\u00e3o.<\/p>\n<p>Se a case de silicone estiver suja, pode ser lavada com \u00e1gua.<br \/>\nDevido \u00e0 diferen\u00e7a entre monitores diferentes, a imagem pode n\u00e3o refletir a cor real do item.<\/p>\n<p>Acompanha:<br \/>\n1x Case de prote\u00e7\u00e3o<br \/>\n1x Al\u00e7a de pulso<\/p>\n","protected":false},"excerpt":{"rendered":"<p>&#8211; Projetado para gopro hero 9.<br \/>\n&#8211; Proteja a c\u00e2mera de arranh\u00f5es e poeira.<br \/>\n&#8211; Feito de material de silicone macio para um bom toque e excelente prote\u00e7\u00e3o.<\/p>\n<p>Se a case de silicone estiver suja, pode ser lavada com \u00e1gua.<br \/>\nDevido \u00e0 diferen\u00e7a entre monitores diferentes, a imagem pode n\u00e3o refletir a cor real do item.<\/p>\n<p>Acompanha:<br \/>\n1x Case de prote\u00e7\u00e3o<br \/>\n1x Al\u00e7a de pulso<\/p>\n","protected":false},"featured_media":14785,"template":"","meta":{"_joinchat":[]},"_links":{"self":[{"href":"https:\/\/mistersates-import.com.br\/loja\/wp-json\/wp\/v2\/product\/14784"}],"collection":[{"href":"https:\/\/mistersates-import.com.br\/loja\/wp-json\/wp\/v2\/product"}],"about":[{"href":"https:\/\/mistersates-import.com.br\/loja\/wp-json\/wp\/v2\/types\/product"}],"wp:featuredmedia":[{"embeddable":true,"href":"https:\/\/mistersates-import.com.br\/loja\/wp-json\/wp\/v2\/media\/14785"}],"wp:attachment":[{"href":"https:\/\/mistersates-import.com.br\/loja\/wp-json\/wp\/v2\/media?parent=14784"}],"curies":[{"name":"wp","href":"https:\/\/api.w.org\/{rel}","templated":true}]}}