{"id":14797,"date":"2021-07-22T12:31:37","date_gmt":"2021-07-22T15:31:37","guid":{"rendered":"https:\/\/mistersates-import.com.br\/loja\/?post_type=product&#038;p=14797"},"modified":"2026-03-12T09:16:48","modified_gmt":"2026-03-12T12:16:48","slug":"cabo-adaptador-p2-p3-p4-x-av-3-rca-130-mts","status":"publish","type":"product","link":"https:\/\/mistersates-import.com.br\/loja\/product\/cabo-adaptador-p2-p3-p4-x-av-3-rca-130-mts\/","title":{"rendered":"Cabo Adaptador P2 P3 P4 X Av 3 Rca 1,30 Mts"},"content":{"rendered":"<p>Ligue seu Tv Box Na Tv de Tubo, iPod, MP3. Celular, Notebook, aparelho da net etc&#8230;<br \/>\nCabo PIX para conex\u00e3o de equipamentos de \u00e1udio e video fabricado em material de alta qualidade, para m\u00e1xima durabilidade com conectores blindados para m\u00e1xima garantia contra interfer\u00eancias.<br \/>\nEspecifica\u00e7\u00f5es:<\/p>\n<p>Cabo Adaptador P2\/P3\/P4 + 3RCA<br \/>\nDescri\u00e7\u00e3o T\u00e9cnica<br \/>\nCabo Adaptador P2\/P3\/P4 + 3RCA<br \/>\nP2 Macho \/ 3RCA Macho \u00c1udio e v\u00eddeo<br \/>\nComprimento: 1.3 metros<br \/>\nPlug 3.5mm Est\u00e9reo<br \/>\nPasse imagens pela sa\u00edda p2 ( saida p2 do aparelho tem que ser saida de v\u00eddeo ) para RCA<br \/>\nN\u00e3o reproduz Imagens de celular pela sa\u00edda p2 somente \u00e1udio<br \/>\nMuito utilizado em TVs port\u00e1teis, GPS e outros aparelhos que tenha sa\u00edda de \u00e1udio e v\u00eddeo pelo p2<br \/>\nProduto novo a Pronta entrega, ap\u00f3s efetuar o Pagamento.<\/p>\n<p>Itens inclusos:<\/p>\n<p>1- Cabo P2 x 3 Rca<\/p>\n","protected":false},"excerpt":{"rendered":"<p>Ligue seu Tv Box Na Tv de Tubo, iPod, MP3. Celular, Notebook, aparelho da net etc&#8230;<br \/>\nCabo PIX para conex\u00e3o de equipamentos de \u00e1udio e video fabricado em material de alta qualidade, para m\u00e1xima durabilidade com conectores blindados para m\u00e1xima garantia contra interfer\u00eancias.<br \/>\nEspecifica\u00e7\u00f5es:<\/p>\n<p>Cabo Adaptador P2\/P3\/P4 + 3RCA<br \/>\nDescri\u00e7\u00e3o T\u00e9cnica<br \/>\nCabo Adaptador P2\/P3\/P4 + 3RCA<br \/>\nP2 Macho \/ 3RCA Macho \u00c1udio e v\u00eddeo<br \/>\nComprimento: 1.3 metros<br \/>\nPlug 3.5mm Est\u00e9reo<br \/>\nPasse imagens pela sa\u00edda p2 ( saida p2 do aparelho tem que ser saida de v\u00eddeo ) para RCA<br \/>\nN\u00e3o reproduz Imagens de celular pela sa\u00edda p2 somente \u00e1udio<br \/>\nMuito utilizado em TVs port\u00e1teis, GPS e outros aparelhos que tenha sa\u00edda de \u00e1udio e v\u00eddeo pelo p2<br \/>\nProduto novo a Pronta entrega, ap\u00f3s efetuar o Pagamento.<\/p>\n<p>Itens inclusos:<\/p>\n<p>1- Cabo P2 x 3 Rca<\/p>\n","protected":false},"featured_media":15898,"template":"","meta":{"_joinchat":[]},"_links":{"self":[{"href":"https:\/\/mistersates-import.com.br\/loja\/wp-json\/wp\/v2\/product\/14797"}],"collection":[{"href":"https:\/\/mistersates-import.com.br\/loja\/wp-json\/wp\/v2\/product"}],"about":[{"href":"https:\/\/mistersates-import.com.br\/loja\/wp-json\/wp\/v2\/types\/product"}],"wp:featuredmedia":[{"embeddable":true,"href":"https:\/\/mistersates-import.com.br\/loja\/wp-json\/wp\/v2\/media\/15898"}],"wp:attachment":[{"href":"https:\/\/mistersates-import.com.br\/loja\/wp-json\/wp\/v2\/media?parent=14797"}],"curies":[{"name":"wp","href":"https:\/\/api.w.org\/{rel}","templated":true}]}}