{"id":14805,"date":"2021-07-22T15:44:21","date_gmt":"2021-07-22T18:44:21","guid":{"rendered":"https:\/\/mistersates-import.com.br\/loja\/?post_type=product&#038;p=14805"},"modified":"2023-05-30T18:18:29","modified_gmt":"2023-05-30T21:18:29","slug":"headphone-gsl-com-microfone-para-pc-jogos","status":"publish","type":"product","link":"https:\/\/mistersates-import.com.br\/loja\/product\/headphone-gsl-com-microfone-para-pc-jogos\/","title":{"rendered":"Headphone Gsl Com Microfone Para Pc Jogos"},"content":{"rendered":"<p>COM UM DESIGN SUPER MODERNO, ALTA QUALIDADE E DURABILIDADE, O HEADPHONE COM MICROFONE PODE SER LIGADO A APARELHOS DE SOM, COMPUTADORES, IPODS, DISCMAN, APARELHOS DE MP3 E MUITO MAIS, PERMITINDO OUVIR E GRAVAR SOM AO MESMO TEMPO!<br \/>\nO HEADPHONE \u00c9 AJUST\u00c1VEL A CABE\u00c7A, O QUE PERMITE US\u00c1-LO DURANTE LONGOS PER\u00cdODOS SEM SUADEIRA E DESCONFORTO.<br \/>\nAL\u00c9M DISSO, O VOLUME DELE \u00c9 REGUL\u00c1VEL POR UM CONTROLE NO FIO, MAXIMIZANDO O CONFORTO.<br \/>\nO CABO DO MICROFONE \u00c9 MET\u00c1LICO E FLEX\u00cdVEL E O FIO DO HEAD PHONE \u00c9 DE NYLON, O QUE LHE CONFERE UMA EXTRAORDIN\u00c1RIA RESIST\u00caNCIA A CORTES. AL\u00c9M DISSO, ELE MEDE 1,2 &#8211; 1,4 METROS, O QUE PERMITE LIGAR AT\u00c9 NO MAIS COMPLICADO APARELHO DE SOM OU COMPUTADOR!<br \/>\nESTE HEAD FONE REALMENTE \u00c9 UM EXCELENTE PRODUTO A UM PRE\u00c7O INCR\u00cdVEL E \u00c9 INDICADO PARA USU\u00c1RIOS DE SKYPE, LAN-HOUSES, CENTRAIS DE TELEATENDIMENTO, E QUALQUER PESSOA QUE GOSTE DE OUVIR UM SOM DE QUALIDADE!<\/p>\n<p>&#8211; MICROFONE ACOPLADO PARA COMUNICA\u00c7\u00c3O E SISTEMA MULTIM\u00cdDIA.<br \/>\n&#8211; CONTROLE DE VOLUME NO PR\u00d3PRIO CABO.<\/p>\n<p>ESPECIFICA\u00c7\u00d5ES:<\/p>\n<p>HEADPHONE:<\/p>\n<p>FREQUENCY RANGE: 20HZ &#8211; 20KHZ<br \/>\nIMPED\u00c2NCIA 16 OHM<br \/>\nPOT\u00caNCIA M\u00c1XIMA DE ENTRADA: 150MW<br \/>\nSENSIBILIDADE: 90DB<br \/>\nPLUGUE: 3,5 MM EST\u00c9REO<br \/>\nCOMPRIMENTO DO CABO: 1,2 &#8211; 1,4 METROS<\/p>\n<p>MICROFONE:<\/p>\n<p>FREQUENCY RANGE: 30HZ &#8211; 16KHZ<br \/>\nIMPED\u00c2NCIA 2,2 K OHM<br \/>\nPLUGUE: 3,5 MM EST\u00c9REO<\/p>\n","protected":false},"excerpt":{"rendered":"<p>COM UM DESIGN SUPER MODERNO, ALTA QUALIDADE E DURABILIDADE, O HEADPHONE COM MICROFONE PODE SER LIGADO A APARELHOS DE SOM, COMPUTADORES, IPODS, DISCMAN, APARELHOS DE MP3 E MUITO MAIS, PERMITINDO OUVIR E GRAVAR SOM AO MESMO TEMPO!<br \/>\nO HEADPHONE \u00c9 AJUST\u00c1VEL A CABE\u00c7A, O QUE PERMITE US\u00c1-LO DURANTE LONGOS PER\u00cdODOS SEM SUADEIRA E DESCONFORTO.<br \/>\nAL\u00c9M DISSO, O VOLUME DELE \u00c9 REGUL\u00c1VEL POR UM CONTROLE NO FIO, MAXIMIZANDO O CONFORTO.<br \/>\nO CABO DO MICROFONE \u00c9 MET\u00c1LICO E FLEX\u00cdVEL E O FIO DO HEAD PHONE \u00c9 DE NYLON, O QUE LHE CONFERE UMA EXTRAORDIN\u00c1RIA RESIST\u00caNCIA A CORTES. AL\u00c9M DISSO, ELE MEDE 1,2 &#8211; 1,4 METROS, O QUE PERMITE LIGAR AT\u00c9 NO MAIS COMPLICADO APARELHO DE SOM OU COMPUTADOR!<br \/>\nESTE HEAD FONE REALMENTE \u00c9 UM EXCELENTE PRODUTO A UM PRE\u00c7O INCR\u00cdVEL E \u00c9 INDICADO PARA USU\u00c1RIOS DE SKYPE, LAN-HOUSES, CENTRAIS DE TELEATENDIMENTO, E QUALQUER PESSOA QUE GOSTE DE OUVIR UM SOM DE QUALIDADE!<\/p>\n<p>&#8211; MICROFONE ACOPLADO PARA COMUNICA\u00c7\u00c3O E SISTEMA MULTIM\u00cdDIA.<br \/>\n&#8211; CONTROLE DE VOLUME NO PR\u00d3PRIO CABO.<\/p>\n","protected":false},"featured_media":14806,"template":"","meta":{"_joinchat":[]},"_links":{"self":[{"href":"https:\/\/mistersates-import.com.br\/loja\/wp-json\/wp\/v2\/product\/14805"}],"collection":[{"href":"https:\/\/mistersates-import.com.br\/loja\/wp-json\/wp\/v2\/product"}],"about":[{"href":"https:\/\/mistersates-import.com.br\/loja\/wp-json\/wp\/v2\/types\/product"}],"wp:featuredmedia":[{"embeddable":true,"href":"https:\/\/mistersates-import.com.br\/loja\/wp-json\/wp\/v2\/media\/14806"}],"wp:attachment":[{"href":"https:\/\/mistersates-import.com.br\/loja\/wp-json\/wp\/v2\/media?parent=14805"}],"curies":[{"name":"wp","href":"https:\/\/api.w.org\/{rel}","templated":true}]}}