{"id":14811,"date":"2021-07-22T20:28:42","date_gmt":"2021-07-22T23:28:42","guid":{"rendered":"https:\/\/mistersates-import.com.br\/loja\/?post_type=product&#038;p=14811"},"modified":"2026-02-17T09:07:26","modified_gmt":"2026-02-17T12:07:26","slug":"bastao-para-selfie-com-botao-acionador-pau-de-selfie","status":"publish","type":"product","link":"https:\/\/mistersates-import.com.br\/loja\/product\/bastao-para-selfie-com-botao-acionador-pau-de-selfie\/","title":{"rendered":"Bast\u00e3o Para Selfie com Bot\u00e3o Acionador Pau de Selfie"},"content":{"rendered":"<p>FAVOR PERGUNTAR QUAL COR TEMOS DISPON\u00cdVEL NO NOSSO ESTOQUE ANTES DE FAZER A COMPRA<\/p>\n<p>FAVOR PERGUNTAR QUAL COR TEMOS DISPON\u00cdVEL NO NOSSO ESTOQUE ANTES DE FAZER A COMPRA<\/p>\n<p>FAVOR PERGUNTAR QUAL COR TEMOS DISPON\u00cdVEL NO NOSSO ESTOQUE ANTES DE FAZER A COMPRA<\/p>\n<p>&nbsp;<\/p>\n<p>SUPORTE UNIVERSAL PARA CELULAR<\/p>\n<p>&#8211; Produto plug and play. Compat\u00edvel para Android e para aparelhos Iphone at\u00e9 o modelo 6S. Para o sistema Android 4.2.2 ou acima (abra a c\u00e2mera &#8211; a fun\u00e7\u00e3o teclas de volume &#8211; selecione ok), se ainda n\u00e3o funcionar, fa\u00e7a o download da c\u00e2mera 360. Para o sistema IOS 5.0.1 ou acima, n\u00e3o h\u00e1 necessidade de qualquer App, conecte o cabo de \u00e1udio de 3,5mm do smartphone e pronto, tire suas fotos;<br \/>\n&#8211; Compat\u00edvel com dispositivo com at\u00e9 5.5 polegadas;<br \/>\n&#8211; N\u00e3o h\u00e1 necessidade de carregar bateria, conectar bluetooth ou wifi para tirar suas fotos e gravar;<br \/>\n&#8211; Bast\u00e3o expans\u00edvel de 20cm a 78cm com cabe\u00e7a ajust\u00e1vel para fotografar com \u00e2ngulo m\u00faltiplo de 180 graus.<\/p>\n<p>INFORMA\u00c7\u00d5ES T\u00c9CNICAS:<br \/>\n&#8211; Material: liga de alum\u00ednio;<br \/>\n&#8211; Rota\u00e7\u00e3o: 180 graus;<br \/>\n&#8211; Abertura min-max: 20 cm \/ 78 cm;<br \/>\n&#8211; C\u00e2mera para usar a interface: parafuso universal 1\/4;<br \/>\n&#8211; Abertura suporte Smartphone: 5.5 at\u00e9 8 cm;<br \/>\n&#8211; Conector de \u00e1udio jack: 3.55mm;<\/p>\n<p>DIMENS\u00d5ES:<br \/>\n&#8211; Suporte clip: abertura 5.5 at\u00e9 8 cm;<br \/>\n&#8211; Bast\u00e3o: 20cm min. &#8211; 78cm m\u00e1x.;<br \/>\n&#8211; Peso Produto: 158 gramas;<br \/>\n&#8211; Tamanho Embalagem: 20.0 x 5 x 5 cm;<br \/>\n&#8211; Peso Embalagem: 169 gramas;<\/p>\n<p>ITENS INCLUSOS NA EMBALAGEM:<br \/>\n&#8211; 01 bast\u00e3o de selfie com cabo P2 3.5mm;<\/p>\n","protected":false},"excerpt":{"rendered":"<p>FAVOR PERGUNTAR QUAL COR TEMOS DISPON\u00cdVEL NO NOSSO ESTOQUE ANTES DE FAZER A COMPRA<\/p>\n<p>SUPORTE UNIVERSAL PARA CELULAR<\/p>\n<p>&#8211; Produto plug and play. Compat\u00edvel para Android e para aparelhos Iphone at\u00e9 o modelo 6S. Para o sistema Android 4.2.2 ou acima (abra a c\u00e2mera &#8211; a fun\u00e7\u00e3o teclas de volume &#8211; selecione ok), se ainda n\u00e3o funcionar, fa\u00e7a o download da c\u00e2mera 360. Para o sistema IOS 5.0.1 ou acima, n\u00e3o h\u00e1 necessidade de qualquer App, conecte o cabo de \u00e1udio de 3,5mm do smartphone e pronto, tire suas fotos;<br \/>\n&#8211; Compat\u00edvel com dispositivo com at\u00e9 5.5 polegadas;<br \/>\n&#8211; N\u00e3o h\u00e1 necessidade de carregar bateria, conectar bluetooth ou wifi para tirar suas fotos e gravar;<br \/>\n&#8211; Bast\u00e3o expans\u00edvel de 20cm a 78cm com cabe\u00e7a ajust\u00e1vel para fotografar com \u00e2ngulo m\u00faltiplo de 180 graus.<\/p>\n","protected":false},"featured_media":14815,"template":"","meta":{"_joinchat":[]},"_links":{"self":[{"href":"https:\/\/mistersates-import.com.br\/loja\/wp-json\/wp\/v2\/product\/14811"}],"collection":[{"href":"https:\/\/mistersates-import.com.br\/loja\/wp-json\/wp\/v2\/product"}],"about":[{"href":"https:\/\/mistersates-import.com.br\/loja\/wp-json\/wp\/v2\/types\/product"}],"wp:featuredmedia":[{"embeddable":true,"href":"https:\/\/mistersates-import.com.br\/loja\/wp-json\/wp\/v2\/media\/14815"}],"wp:attachment":[{"href":"https:\/\/mistersates-import.com.br\/loja\/wp-json\/wp\/v2\/media?parent=14811"}],"curies":[{"name":"wp","href":"https:\/\/api.w.org\/{rel}","templated":true}]}}