{"id":14825,"date":"2021-07-29T12:54:26","date_gmt":"2021-07-29T15:54:26","guid":{"rendered":"https:\/\/mistersates-import.com.br\/loja\/?post_type=product&#038;p=14825"},"modified":"2024-11-04T11:21:00","modified_gmt":"2024-11-04T14:21:00","slug":"cabo-lightning-iphone-tipo-c-1-metro","status":"publish","type":"product","link":"https:\/\/mistersates-import.com.br\/loja\/product\/cabo-lightning-iphone-tipo-c-1-metro\/","title":{"rendered":"Cabo Lightning iPhone &#8211; Tipo C &#8211; 1 Metro"},"content":{"rendered":"<p>Conecte seu iPhone, iPad ou iPod com conector Lightning ao Mac com porta USB-C ou Thunderbolt 3 (USB-C) para recarregar e sincronizar. Voc\u00ea tamb\u00e9m pode conect\u00e1-los ao seu iPad com porta USB-C para recarregar.<\/p>\n<p>Voc\u00ea tamb\u00e9m pode usar este cabo com o adaptador de energia USB-C da Apple de 18W, 20W, 29W, 30W, 61W, 87W ou 96W para recarregar seu aparelho com iOS e ainda aproveitar o recurso de recarga r\u00e1pida em alguns modelos de iPhone e iPad.<\/p>\n<p>Compat\u00edvel com:<br \/>\niPhone 5 at\u00e9 o 12 Pro<br \/>\niPad Mini 1\u00aa at\u00e9 a 5\u00aa gera\u00e7\u00e3o<br \/>\niPad 5\u00aa at\u00e9 a 8\u00aa gera\u00e7\u00e3o<br \/>\niPad Air 1\u00aa at\u00e9 a 3\u00aa gera\u00e7\u00e3o<br \/>\niPad Air 2<br \/>\niPad Pro 1\u00aa at\u00e9 a 4\u00aa gera\u00e7\u00e3o<\/p>\n<p>Acompanha:<\/p>\n<p>1 &#8211; Cabo Lightning (Somente o cabo, n\u00e3o acompanha a fonte).<\/p>\n","protected":false},"excerpt":{"rendered":"<p>Conecte seu iPhone, iPad ou iPod com conector Lightning ao Mac com porta USB-C ou Thunderbolt 3 (USB-C) para recarregar e sincronizar. Voc\u00ea tamb\u00e9m pode conect\u00e1-los ao seu iPad com porta USB-C para recarregar.<\/p>\n<p>Voc\u00ea tamb\u00e9m pode usar este cabo com o adaptador de energia USB-C da Apple de 18W, 20W, 29W, 30W, 61W, 87W ou 96W para recarregar seu aparelho com iOS e ainda aproveitar o recurso de recarga r\u00e1pida em alguns modelos de iPhone e iPad.<\/p>\n<p>Compat\u00edvel com:<br \/>\niPhone 5 at\u00e9 o 12 Pro<br \/>\niPad Mini 1\u00aa at\u00e9 a 5\u00aa gera\u00e7\u00e3o<br \/>\niPad 5\u00aa at\u00e9 a 8\u00aa gera\u00e7\u00e3o<br \/>\niPad Air 1\u00aa at\u00e9 a 3\u00aa gera\u00e7\u00e3o<br \/>\niPad Air 2<br \/>\niPad Pro 1\u00aa at\u00e9 a 4\u00aa gera\u00e7\u00e3o<\/p>\n<p>Acompanha:<\/p>\n<p>1 &#8211; Cabo Lightning (Somente o cabo, n\u00e3o acompanha a fonte).<\/p>\n","protected":false},"featured_media":15959,"template":"","meta":{"_joinchat":[]},"_links":{"self":[{"href":"https:\/\/mistersates-import.com.br\/loja\/wp-json\/wp\/v2\/product\/14825"}],"collection":[{"href":"https:\/\/mistersates-import.com.br\/loja\/wp-json\/wp\/v2\/product"}],"about":[{"href":"https:\/\/mistersates-import.com.br\/loja\/wp-json\/wp\/v2\/types\/product"}],"wp:featuredmedia":[{"embeddable":true,"href":"https:\/\/mistersates-import.com.br\/loja\/wp-json\/wp\/v2\/media\/15959"}],"wp:attachment":[{"href":"https:\/\/mistersates-import.com.br\/loja\/wp-json\/wp\/v2\/media?parent=14825"}],"curies":[{"name":"wp","href":"https:\/\/api.w.org\/{rel}","templated":true}]}}