{"id":14830,"date":"2021-07-29T13:05:50","date_gmt":"2021-07-29T16:05:50","guid":{"rendered":"https:\/\/mistersates-import.com.br\/loja\/?post_type=product&#038;p=14830"},"modified":"2023-08-10T11:46:51","modified_gmt":"2023-08-10T14:46:51","slug":"suporte-com-case-e-usb-para-moto-6-3-polegadas-tomate-mtg-016m","status":"publish","type":"product","link":"https:\/\/mistersates-import.com.br\/loja\/product\/suporte-com-case-e-usb-para-moto-6-3-polegadas-tomate-mtg-016m\/","title":{"rendered":"Suporte com Case e USB para Moto 6.3 Polegadas Tomate MTG-016M"},"content":{"rendered":"<p>Suporte com case e USB para moto 6,3P.<br \/>\nMarca: Tomate.<br \/>\nModelo: MTG-016M.<\/p>\n<p>Rota\u00e7\u00e3o 360\u00b0 \/ 6,3 Polegadas \/ Resistente \u00e0 \u00e1gua \/ F\u00e1cil instala\u00e7\u00e3o \/ Sa\u00edda USB 2A.<\/p>\n<p>Caracter\u00edsticas:<br \/>\n&#8211; Suporte de celular para motocicleta resistente \u00e1s intemp\u00e9ries.<br \/>\n&#8211; F\u00e1cil de instalar e adapt\u00e1vel a qualquer tipo de bike, motocicletas ou ve\u00edculos com guid\u00e3o convencional.<br \/>\n&#8211; Case resistente a todos os climas e projetado para proteger seu dispositivo celular contra poeira e respingos d&#8217;\u00e1gua.<br \/>\n&#8211; Base de fixa\u00e7\u00e3o com rota\u00e7\u00e3o de 360\u00b0, permite um ajuste para uma melhor vis\u00e3o do seu Smartphone.<br \/>\n&#8211; O visor transparente permite uma vis\u00e3o n\u00edtida das informa\u00e7\u00f5es e \u00e9 sens\u00edvel ao toque, de modo que voc\u00ea consiga operar as fun\u00e7\u00f5es do celular.<br \/>\n&#8211; Ele possui duas formas de diferentes espessuras para se adequar aos mais diversos tipos de celular.<br \/>\n&#8211; O suporte \u00e9 produzido com um material pl\u00e1stico e espuma \u00e1 base de ABS.<br \/>\n&#8211; Ideal para atender aqueles os quais utilizam ve\u00edculos que possuam guid\u00e3o.<\/p>\n","protected":false},"excerpt":{"rendered":"<p>Suporte com case e USB para moto 6,3P.<br \/>\nMarca: Tomate.<br \/>\nModelo: MTG-016M.<\/p>\n<p>Rota\u00e7\u00e3o 360\u00b0 \/ 6,3 Polegadas \/ Resistente \u00e0 \u00e1gua \/ F\u00e1cil instala\u00e7\u00e3o \/ Sa\u00edda USB 2A.<\/p>\n<p>Caracter\u00edsticas:<br \/>\n&#8211; Suporte de celular para motocicleta resistente \u00e1s intemp\u00e9ries.<br \/>\n&#8211; F\u00e1cil de instalar e adapt\u00e1vel a qualquer tipo de bike, motocicletas ou ve\u00edculos com guid\u00e3o convencional.<br \/>\n&#8211; Case resistente a todos os climas e projetado para proteger seu dispositivo celular contra poeira e respingos d&#8217;\u00e1gua.<br \/>\n&#8211; Base de fixa\u00e7\u00e3o com rota\u00e7\u00e3o de 360\u00b0, permite um ajuste para uma melhor vis\u00e3o do seu Smartphone.<br \/>\n&#8211; O visor transparente permite uma vis\u00e3o n\u00edtida das informa\u00e7\u00f5es e \u00e9 sens\u00edvel ao toque, de modo que voc\u00ea consiga operar as fun\u00e7\u00f5es do celular.<br \/>\n&#8211; Ele possui duas formas de diferentes espessuras para se adequar aos mais diversos tipos de celular.<br \/>\n&#8211; O suporte \u00e9 produzido com um material pl\u00e1stico e espuma \u00e1 base de ABS.<br \/>\n&#8211; Ideal para atender aqueles os quais utilizam ve\u00edculos que possuam guid\u00e3o.<\/p>\n","protected":false},"featured_media":14832,"template":"","meta":{"_joinchat":[]},"_links":{"self":[{"href":"https:\/\/mistersates-import.com.br\/loja\/wp-json\/wp\/v2\/product\/14830"}],"collection":[{"href":"https:\/\/mistersates-import.com.br\/loja\/wp-json\/wp\/v2\/product"}],"about":[{"href":"https:\/\/mistersates-import.com.br\/loja\/wp-json\/wp\/v2\/types\/product"}],"wp:featuredmedia":[{"embeddable":true,"href":"https:\/\/mistersates-import.com.br\/loja\/wp-json\/wp\/v2\/media\/14832"}],"wp:attachment":[{"href":"https:\/\/mistersates-import.com.br\/loja\/wp-json\/wp\/v2\/media?parent=14830"}],"curies":[{"name":"wp","href":"https:\/\/api.w.org\/{rel}","templated":true}]}}