{"id":14839,"date":"2021-07-31T12:04:13","date_gmt":"2021-07-31T15:04:13","guid":{"rendered":"https:\/\/mistersates-import.com.br\/loja\/?post_type=product&#038;p=14839"},"modified":"2023-10-20T18:21:19","modified_gmt":"2023-10-20T21:21:19","slug":"caixa-de-som-k4-portatil-com-bluetooth-p2-usb-jbl","status":"publish","type":"product","link":"https:\/\/mistersates-import.com.br\/loja\/product\/caixa-de-som-k4-portatil-com-bluetooth-p2-usb-jbl\/","title":{"rendered":"Caixa De Som K4 Port\u00e1til Com Bluetooth P2 Usb JBL"},"content":{"rendered":"<p>Caixa de som K4+. Produto importado de primeira linha. \u00d3timo acabamento e qualidade de som perfeita!<\/p>\n<p>Adequado para ambientes externos: aproveite a aus\u00eancia de fios para us\u00e1-la onde quiser. A caixa K4+ foi projetada para ter m\u00e1xima efici\u00eancia ac\u00fastica em ambientes internos e externos.<\/p>\n<p>M\u00e3os livres:<\/p>\n<p>Este recurso facilita a continua\u00e7\u00e3o do uso do smartphone mesmo quando ele est\u00e1 conectado \u00e0 caixa de som. Atenda \u00e0s suas chamadas diretamente com os bot\u00f5es da sua K4+, sem desconectar ou tocar no telefone.<\/p>\n<p>Bateria Recarreg\u00e1vel 6.000mA (acompanha cabo p\/ carregar).<\/p>\n<p>ESPECIFICA\u00c7\u00d5ES T\u00c9CNICAS:<br \/>\n&#8211; Dimens\u00f5es do produto: 19x19x11,5cm<br \/>\n&#8211; Tipo de bateria: bateria de pol\u00edmero de \u00edon de l\u00edtio (3,7V, 6000mA)<br \/>\n&#8211; Tempo de recarga da bateria (completa): 4 \u00e0 5 horas<br \/>\n&#8211; Tempo de reprodu\u00e7\u00e3o ininterrupto: de 4 \u00e0 5 horas (varia de acordo com o volume e o modo de conex\u00e3o)<br \/>\n&#8211; Faixa de frequ\u00eancia do transmissor bluetooth: 2.402 -2.480GHz<br \/>\n&#8211; Modula\u00e7\u00e3o do transmissor bluetooth: GFSK, p\/ 4 DQPSK, 8DPSK<br \/>\n&#8211; Peso: 560g<\/p>\n<p>Especifica\u00e7\u00f5es de \u00c1udio:<br \/>\n&#8211; Resposta de frequ\u00eancia do Sistema: 65Hz a 20kHz<br \/>\n&#8211; Rela\u00e7\u00e3o sinal-ru\u00eddo: &gt; 80 dB<br \/>\n&#8211; Atributos: adaptador de alimenta\u00e7\u00e3o USB: 5V\/ 2A (m\u00e1ximo);<\/p>\n<p>Especifica\u00e7\u00f5es de conex\u00f5es e controles:<br \/>\n&#8211; Pot\u00eancia do transmissor: Pot\u00eancia nominal: 2 x 6W<br \/>\n&#8211; Vers\u00e3o do bluetooth: Bluetooth\u00ae 4.1<br \/>\n&#8211; Pot\u00eancia do transmissor de bluetooth: 0 a 9 dBm<\/p>\n<p>CONTE\u00daDO DA EMBALAGEM:<br \/>\n&#8211; 01 caixa de som bluetooth<br \/>\n&#8211; 01 cabo para carregar<br \/>\n&#8211; 01 cabo P2<\/p>\n","protected":false},"excerpt":{"rendered":"<p>Caixa de som K4+. Produto importado de primeira linha. \u00d3timo acabamento e qualidade de som perfeita!<\/p>\n<p>Adequado para ambientes externos: aproveite a aus\u00eancia de fios para us\u00e1-la onde quiser. A caixa K4+ foi projetada para ter m\u00e1xima efici\u00eancia ac\u00fastica em ambientes internos e externos.<\/p>\n<p>M\u00e3os livres:<\/p>\n<p>Este recurso facilita a continua\u00e7\u00e3o do uso do smartphone mesmo quando ele est\u00e1 conectado \u00e0 caixa de som. Atenda \u00e0s suas chamadas diretamente com os bot\u00f5es da sua K4+, sem desconectar ou tocar no telefone.<\/p>\n<p>Bateria Recarreg\u00e1vel 6.000mA (acompanha cabo p\/ carregar).<\/p>\n<p>ESPECIFICA\u00c7\u00d5ES T\u00c9CNICAS:<br \/>\n&#8211; Dimens\u00f5es do produto: 19x19x11,5cm<br \/>\n&#8211; Tipo de bateria: bateria de pol\u00edmero de \u00edon de l\u00edtio (3,7V, 6000mA)<br \/>\n&#8211; Tempo de recarga da bateria (completa): 4 \u00e0 5 horas<br \/>\n&#8211; Tempo de reprodu\u00e7\u00e3o ininterrupto: de 4 \u00e0 5 horas (varia de acordo com o volume e o modo de conex\u00e3o)<br \/>\n&#8211; Faixa de frequ\u00eancia do transmissor bluetooth: 2.402 -2.480GHz<br \/>\n&#8211; Modula\u00e7\u00e3o do transmissor bluetooth: GFSK, p\/ 4 DQPSK, 8DPSK<br \/>\n&#8211; Peso: 560g<\/p>\n<p>Especifica\u00e7\u00f5es de \u00c1udio:<br \/>\n&#8211; Resposta de frequ\u00eancia do Sistema: 65Hz a 20kHz<br \/>\n&#8211; Rela\u00e7\u00e3o sinal-ru\u00eddo: &gt; 80 dB<br \/>\n&#8211; Atributos: adaptador de alimenta\u00e7\u00e3o USB: 5V\/ 2A (m\u00e1ximo);<\/p>\n<p>Especifica\u00e7\u00f5es de conex\u00f5es e controles:<br \/>\n&#8211; Pot\u00eancia do transmissor: Pot\u00eancia nominal: 2 x 6W<br \/>\n&#8211; Vers\u00e3o do bluetooth: Bluetooth\u00ae 4.1<br \/>\n&#8211; Pot\u00eancia do transmissor de bluetooth: 0 a 9 dBm<\/p>\n<p>CONTE\u00daDO DA EMBALAGEM:<br \/>\n&#8211; 01 caixa de som bluetooth<br \/>\n&#8211; 01 cabo para carregar<br \/>\n&#8211; 01 cabo P2<\/p>\n","protected":false},"featured_media":15998,"template":"","meta":{"_joinchat":[]},"_links":{"self":[{"href":"https:\/\/mistersates-import.com.br\/loja\/wp-json\/wp\/v2\/product\/14839"}],"collection":[{"href":"https:\/\/mistersates-import.com.br\/loja\/wp-json\/wp\/v2\/product"}],"about":[{"href":"https:\/\/mistersates-import.com.br\/loja\/wp-json\/wp\/v2\/types\/product"}],"wp:featuredmedia":[{"embeddable":true,"href":"https:\/\/mistersates-import.com.br\/loja\/wp-json\/wp\/v2\/media\/15998"}],"wp:attachment":[{"href":"https:\/\/mistersates-import.com.br\/loja\/wp-json\/wp\/v2\/media?parent=14839"}],"curies":[{"name":"wp","href":"https:\/\/api.w.org\/{rel}","templated":true}]}}