{"id":14852,"date":"2021-08-27T22:50:59","date_gmt":"2021-08-28T01:50:59","guid":{"rendered":"https:\/\/mistersates-import.com.br\/loja\/?post_type=product&#038;p=14852"},"modified":"2025-02-01T12:21:06","modified_gmt":"2025-02-01T15:21:06","slug":"suporte-armacao-moldura-case-aberta-gopro-hero-4-plus-hero-5-session","status":"publish","type":"product","link":"https:\/\/mistersates-import.com.br\/loja\/product\/suporte-armacao-moldura-case-aberta-gopro-hero-4-plus-hero-5-session\/","title":{"rendered":"Suporte Arma\u00e7\u00e3o Moldura Case Aberta Gopro Hero 4 plus Hero 5 Session"},"content":{"rendered":"<p>Arma\u00e7\u00e3o Moldura Frame para GoPro Session 4 e 5<\/p>\n<p>Descri\u00e7\u00e3o do produto<\/p>\n<p>Melhor forma de utilizar sua c\u00e2mera quando n\u00e3o precisa da case a prova d&#8217;\u00e1gua.<\/p>\n<p>O suporte da arma\u00e7\u00e3o \u00e9 a forma mais leve e compacta de montar a sua c\u00e2mera. Para uso apenas com c\u00e2mera HERO Session.<\/p>\n<p>Arma\u00e7\u00e3o com design elegante para uma montagem discreta e compacta.<\/p>\n<p>Projetado para capta\u00e7\u00e3o sonora ideal em velocidade.<\/p>\n<p>Design minimalista para montagem compacta e discreta .<\/p>\n<p>Permite a captura de audio ideal durante atividades em baixa velocidade.<\/p>\n<p>Permite o acesso em tempo integral a todas as portas da c\u00e2mera para uso de cabos e transmi\u00e7\u00e3o ao vivo por exemplo.<\/p>\n<p>Itens Inclusos<\/p>\n<p>1x Arma\u00e7\u00e3o padr\u00e3o<\/p>\n<p>1x suporte<\/p>\n<p>1x parafuso<\/p>\n<p>Obs: Esse produto n\u00e3o \u00e9 fabricado pela GoPro e sim por outro fabricante, e possui a mesma compatibilidade com as c\u00e2meras.<\/p>\n","protected":false},"excerpt":{"rendered":"<p>Arma\u00e7\u00e3o Moldura Frame para GoPro Session 4 e 5<\/p>\n<p>Descri\u00e7\u00e3o do produto<\/p>\n<p>Melhor forma de utilizar sua c\u00e2mera quando n\u00e3o precisa da case a prova d&#8217;\u00e1gua.<\/p>\n<p>O suporte da arma\u00e7\u00e3o \u00e9 a forma mais leve e compacta de montar a sua c\u00e2mera. Para uso apenas com c\u00e2mera HERO Session.<\/p>\n<p>Arma\u00e7\u00e3o com design elegante para uma montagem discreta e compacta.<\/p>\n<p>Projetado para capta\u00e7\u00e3o sonora ideal em velocidade.<\/p>\n<p>Design minimalista para montagem compacta e discreta .<\/p>\n<p>Permite a captura de audio ideal durante atividades em baixa velocidade.<\/p>\n<p>Permite o acesso em tempo integral a todas as portas da c\u00e2mera para uso de cabos e transmi\u00e7\u00e3o ao vivo por exemplo.<\/p>\n<p>Itens Inclusos<\/p>\n<p>1x Arma\u00e7\u00e3o padr\u00e3o<\/p>\n<p>1x suporte<\/p>\n<p>1x parafuso<\/p>\n<p>Obs: Esse produto n\u00e3o \u00e9 fabricado pela GoPro e sim por outro fabricante, e possui a mesma compatibilidade com as c\u00e2meras.<\/p>\n","protected":false},"featured_media":14853,"template":"","meta":{"_joinchat":[]},"_links":{"self":[{"href":"https:\/\/mistersates-import.com.br\/loja\/wp-json\/wp\/v2\/product\/14852"}],"collection":[{"href":"https:\/\/mistersates-import.com.br\/loja\/wp-json\/wp\/v2\/product"}],"about":[{"href":"https:\/\/mistersates-import.com.br\/loja\/wp-json\/wp\/v2\/types\/product"}],"wp:featuredmedia":[{"embeddable":true,"href":"https:\/\/mistersates-import.com.br\/loja\/wp-json\/wp\/v2\/media\/14853"}],"wp:attachment":[{"href":"https:\/\/mistersates-import.com.br\/loja\/wp-json\/wp\/v2\/media?parent=14852"}],"curies":[{"name":"wp","href":"https:\/\/api.w.org\/{rel}","templated":true}]}}