{"id":14917,"date":"2021-10-14T11:40:35","date_gmt":"2021-10-14T14:40:35","guid":{"rendered":"https:\/\/mistersates-import.com.br\/loja\/?post_type=product&#038;p=14917"},"modified":"2024-03-15T18:28:11","modified_gmt":"2024-03-15T21:28:11","slug":"organizador-de-cabo-portatil-caso-cabo-dados-usb-fone-de-ouvido-fio","status":"publish","type":"product","link":"https:\/\/mistersates-import.com.br\/loja\/product\/organizador-de-cabo-portatil-caso-cabo-dados-usb-fone-de-ouvido-fio\/","title":{"rendered":"Organizador de cabo port\u00e1til caso cabo dados usb fone de ouvido fio"},"content":{"rendered":"<p>Caracter\u00edsticas:<\/p>\n<p>Feito de material de neoprene, dur\u00e1vel e bem protetor.<br \/>\nEfetivamente evitar riscos di\u00e1rios, umidade, poeira e \u00e0 prova de choque.<br \/>\nRecipiente conveniente para f\u00e1cil transporte e armazenamento de disco em U.<br \/>\nLeve com fecho de correr super ma\u00e7io.<\/p>\n<p>Especifica\u00e7\u00f5es:<\/p>\n<p>Material: Neoprene<br \/>\nCor: preto<br \/>\nTamanho: (Aprox) XXS<\/p>\n<p>XXS: 6 grade, tamanho fora x 26x19cm<\/p>\n<p>Inclu\u00eddo no Pacote:<\/p>\n<p>1 PC x Bolsa de armazenamento<\/p>\n<p>Nota:<\/p>\n<p>1. Devido \u00e0 diferen\u00e7a de luz e tela, a cor do item pode ser ligeiramente diferente das fotos.<br \/>\n2. Por favor, permita diferen\u00e7as de 0,5-2 cm devido \u00e0 medi\u00e7\u00e3o manual.<\/p>\n","protected":false},"excerpt":{"rendered":"<p>Caracter\u00edsticas:<\/p>\n<p>Feito de material de neoprene, dur\u00e1vel e bem protetor.<br \/>\nEfetivamente evitar riscos di\u00e1rios, umidade, poeira e \u00e0 prova de choque.<br \/>\nRecipiente conveniente para f\u00e1cil transporte e armazenamento de disco em U.<br \/>\nLeve com fecho de correr super ma\u00e7io.<\/p>\n<p>Especifica\u00e7\u00f5es:<\/p>\n<p>Material: Neoprene<br \/>\nCor: preto<br \/>\nTamanho: (Aprox) XXS<\/p>\n<p>XXS: 6 grade, tamanho fora x 26x19cm<\/p>\n<p>Inclu\u00eddo no Pacote:<\/p>\n<p>1 PC x Bolsa de armazenamento<\/p>\n<p>Nota:<\/p>\n<p>1. Devido \u00e0 diferen\u00e7a de luz e tela, a cor do item pode ser ligeiramente diferente das fotos.<br \/>\n2. Por favor, permita diferen\u00e7as de 0,5-2 cm devido \u00e0 medi\u00e7\u00e3o manual.<\/p>\n","protected":false},"featured_media":14919,"template":"","meta":{"_joinchat":[]},"_links":{"self":[{"href":"https:\/\/mistersates-import.com.br\/loja\/wp-json\/wp\/v2\/product\/14917"}],"collection":[{"href":"https:\/\/mistersates-import.com.br\/loja\/wp-json\/wp\/v2\/product"}],"about":[{"href":"https:\/\/mistersates-import.com.br\/loja\/wp-json\/wp\/v2\/types\/product"}],"wp:featuredmedia":[{"embeddable":true,"href":"https:\/\/mistersates-import.com.br\/loja\/wp-json\/wp\/v2\/media\/14919"}],"wp:attachment":[{"href":"https:\/\/mistersates-import.com.br\/loja\/wp-json\/wp\/v2\/media?parent=14917"}],"curies":[{"name":"wp","href":"https:\/\/api.w.org\/{rel}","templated":true}]}}