{"id":15031,"date":"2022-02-07T20:15:34","date_gmt":"2022-02-07T23:15:34","guid":{"rendered":"https:\/\/mistersates-import.com.br\/loja\/?post_type=product&#038;p=15031"},"modified":"2026-02-27T21:52:04","modified_gmt":"2026-02-28T00:52:04","slug":"suporte-armacao-moldura-frame-gopro-hero3-hero3-hero4","status":"publish","type":"product","link":"https:\/\/mistersates-import.com.br\/loja\/product\/suporte-armacao-moldura-frame-gopro-hero3-hero3-hero4\/","title":{"rendered":"Suporte Arma\u00e7\u00e3o Moldura Frame-Gopro Hero3 Hero3+ Hero4"},"content":{"rendered":"<p>DESCRI\u00c7\u00c3O:<\/p>\n<p>100% novo e de alta qualidade<br \/>\nFeito de pl\u00e1stico e material met\u00e1lico, muito dur\u00e1vel para uso<br \/>\nDesign de borda suave, instala\u00e7\u00e3o compacta com c\u00e2mera<br \/>\nEstrutura forte, protege sua c\u00e2mera de forma eficaz<br \/>\nLeve e elegante, f\u00e1cil de instalar e remover<br \/>\nAdequado para c\u00e2mera de a\u00e7\u00e3o gopro hd 3+ 3 E 4<\/p>\n<p>Especifica\u00e7\u00f5es<br \/>\nMaterial: pl\u00e1stico e metal<br \/>\nCor: preto<br \/>\nTamanho: n\u00famero<\/p>\n<p>Pacote inclui<br \/>\n1 x montagem de moldura para c\u00e2mera hero 4 3 3+<br \/>\n1 x montagem de suporte de ber\u00e7o de trip\u00e9<br \/>\n1 x parafuso de conjunto longo<br \/>\n(C\u00e2mera n\u00e3o inclu\u00edda)<\/p>\n<p>&nbsp;<\/p>\n","protected":false},"excerpt":{"rendered":"<p>DESCRI\u00c7\u00c3O:<\/p>\n<p>100% novo e de alta qualidade<br \/>\nFeito de pl\u00e1stico e material met\u00e1lico, muito dur\u00e1vel para uso<br \/>\nDesign de borda suave, instala\u00e7\u00e3o compacta com c\u00e2mera<br \/>\nEstrutura forte, protege sua c\u00e2mera de forma eficaz<br \/>\nLeve e elegante, f\u00e1cil de instalar e remover<br \/>\nAdequado para c\u00e2mera de a\u00e7\u00e3o gopro hd 3+ 3 E 4<\/p>\n<p>Especifica\u00e7\u00f5es<br \/>\nMaterial: pl\u00e1stico e metal<br \/>\nCor: preto<br \/>\nTamanho: n\u00famero<\/p>\n<p>Pacote inclui<br \/>\n1 x montagem de moldura para c\u00e2mera hero 4 3 3+<br \/>\n1 x montagem de suporte de ber\u00e7o de trip\u00e9<br \/>\n1 x parafuso de conjunto longo<br \/>\n(C\u00e2mera n\u00e3o inclu\u00edda)<\/p>\n<p>&nbsp;<\/p>\n","protected":false},"featured_media":15033,"template":"","meta":{"_joinchat":[]},"_links":{"self":[{"href":"https:\/\/mistersates-import.com.br\/loja\/wp-json\/wp\/v2\/product\/15031"}],"collection":[{"href":"https:\/\/mistersates-import.com.br\/loja\/wp-json\/wp\/v2\/product"}],"about":[{"href":"https:\/\/mistersates-import.com.br\/loja\/wp-json\/wp\/v2\/types\/product"}],"wp:featuredmedia":[{"embeddable":true,"href":"https:\/\/mistersates-import.com.br\/loja\/wp-json\/wp\/v2\/media\/15033"}],"wp:attachment":[{"href":"https:\/\/mistersates-import.com.br\/loja\/wp-json\/wp\/v2\/media?parent=15031"}],"curies":[{"name":"wp","href":"https:\/\/api.w.org\/{rel}","templated":true}]}}