{"id":15071,"date":"2022-03-29T11:57:16","date_gmt":"2022-03-29T14:57:16","guid":{"rendered":"https:\/\/mistersates-import.com.br\/loja\/?post_type=product&#038;p=15071"},"modified":"2024-03-15T18:27:19","modified_gmt":"2024-03-15T21:27:19","slug":"kit-chaves-de-precisao-9-em-1-torx-fenda-philips-kp-aa025","status":"publish","type":"product","link":"https:\/\/mistersates-import.com.br\/loja\/product\/kit-chaves-de-precisao-9-em-1-torx-fenda-philips-kp-aa025\/","title":{"rendered":"Kit Chaves De Precis\u00e3o 9 Em 1 Torx Fenda Philips Kp-aa025"},"content":{"rendered":"<p>Descri\u00e7\u00e3o<\/p>\n<p>JOGO DE CHAVES COM 9 PE\u00c7AS KNUP KP-AA025<\/p>\n<p>Pense em todos os projetos que voc\u00ea gostaria de fazer, agora \u00e9 a hora de cri\u00e1-los! Gra\u00e7as \u00e0 qualidade das ferramentas Knup, voc\u00ea ter\u00e1 a confian\u00e7a para realizar qualquer tarefa. Fabricadas com material de alta qualidade proporcionando resist\u00eancia as ferramentas. o kit de chaves de fenda Knup oferece versatilidade na utiliza\u00e7\u00e3o do dia-a-dia, kit perfeito para profissionais, e hobbystas.<\/p>\n<p>&nbsp;<\/p>\n<p>CONJUNTO DE CHAVES IDEAL PARA MANUTEN\u00c7\u00c3O EM SMARTPHONES E TABLETS<\/p>\n<p>\u00c9 um kit chaves de \u00f3tima qualidade para a execu\u00e7\u00e3o de diversas tarefas e \u00e9 indispens\u00e1vel em caixas de ferramentas. Kit de Ferramentas com 09 pe\u00e7as \u00e9 fabricado em material resistente, oferecendo praticidade e durabilidade. Indicado para v\u00e1rias utiliza\u00e7\u00f5es, o jogo \u00e9 eficiente para uso profissional e dom\u00e9stico.<\/p>\n<p>CARACTER\u00cdSTICAS:<\/p>\n<p>&#8211; Marca: Knup<\/p>\n<p>&#8211; Modelo: KP-AA025<\/p>\n<p>&nbsp;<\/p>\n<p>ESPECIFICA\u00c7\u00d5ES:<\/p>\n<p>&#8211; Fabricado em alum\u00ednio<\/p>\n<p>&#8211; Ideal para trabalhos minuciosos<\/p>\n<p>&#8211; Qualidade profissional<\/p>\n<p>CONTE\u00daDO DA EMBALAGEM:<\/p>\n<p>&#8211; Chave Estrela: 0.8, 1.2<\/p>\n<p>&#8211; Chave Torx: T3, T4<\/p>\n<p>&#8211; Chave Philips: 1.5, 2.5<\/p>\n<p>&#8211; Chave Fenda: 1.5<\/p>\n<p>&#8211; Chave Y: 0.6<\/p>\n","protected":false},"excerpt":{"rendered":"<p>Descri\u00e7\u00e3o<\/p>\n<p>JOGO DE CHAVES COM 9 PE\u00c7AS KNUP KP-AA025<\/p>\n<p>Pense em todos os projetos que voc\u00ea gostaria de fazer, agora \u00e9 a hora de cri\u00e1-los! Gra\u00e7as \u00e0 qualidade das ferramentas Knup, voc\u00ea ter\u00e1 a confian\u00e7a para realizar qualquer tarefa. Fabricadas com material de alta qualidade proporcionando resist\u00eancia as ferramentas. o kit de chaves de fenda Knup oferece versatilidade na utiliza\u00e7\u00e3o do dia-a-dia, kit perfeito para profissionais, e hobbystas.<\/p>\n<p>&nbsp;<\/p>\n<p>CONJUNTO DE CHAVES IDEAL PARA MANUTEN\u00c7\u00c3O EM SMARTPHONES E TABLETS<\/p>\n<p>\u00c9 um kit chaves de \u00f3tima qualidade para a execu\u00e7\u00e3o de diversas tarefas e \u00e9 indispens\u00e1vel em caixas de ferramentas. Kit de Ferramentas com 09 pe\u00e7as \u00e9 fabricado em material resistente, oferecendo praticidade e durabilidade. Indicado para v\u00e1rias utiliza\u00e7\u00f5es, o jogo \u00e9 eficiente para uso profissional e dom\u00e9stico.<\/p>\n<p>CARACTER\u00cdSTICAS:<\/p>\n<p>&#8211; Marca: Knup<\/p>\n<p>&#8211; Modelo: KP-AA025<\/p>\n<p>&nbsp;<\/p>\n<p>ESPECIFICA\u00c7\u00d5ES:<\/p>\n<p>&#8211; Fabricado em alum\u00ednio<\/p>\n<p>&#8211; Ideal para trabalhos minuciosos<\/p>\n<p>&#8211; Qualidade profissional<\/p>\n<p>CONTE\u00daDO DA EMBALAGEM:<\/p>\n<p>&#8211; Chave Estrela: 0.8, 1.2<\/p>\n<p>&#8211; Chave Torx: T3, T4<\/p>\n<p>&#8211; Chave Philips: 1.5, 2.5<\/p>\n<p>&#8211; Chave Fenda: 1.5<\/p>\n<p>&#8211; Chave Y: 0.6<\/p>\n","protected":false},"featured_media":15073,"template":"","meta":{"_joinchat":[]},"_links":{"self":[{"href":"https:\/\/mistersates-import.com.br\/loja\/wp-json\/wp\/v2\/product\/15071"}],"collection":[{"href":"https:\/\/mistersates-import.com.br\/loja\/wp-json\/wp\/v2\/product"}],"about":[{"href":"https:\/\/mistersates-import.com.br\/loja\/wp-json\/wp\/v2\/types\/product"}],"wp:featuredmedia":[{"embeddable":true,"href":"https:\/\/mistersates-import.com.br\/loja\/wp-json\/wp\/v2\/media\/15073"}],"wp:attachment":[{"href":"https:\/\/mistersates-import.com.br\/loja\/wp-json\/wp\/v2\/media?parent=15071"}],"curies":[{"name":"wp","href":"https:\/\/api.w.org\/{rel}","templated":true}]}}