{"id":15080,"date":"2022-03-29T17:53:35","date_gmt":"2022-03-29T20:53:35","guid":{"rendered":"https:\/\/mistersates-import.com.br\/loja\/?post_type=product&#038;p=15080"},"modified":"2026-01-20T10:40:40","modified_gmt":"2026-01-20T13:40:40","slug":"pasta-termica-condutora-composto-de-silicone-cinza-hy510-25g","status":"publish","type":"product","link":"https:\/\/mistersates-import.com.br\/loja\/product\/pasta-termica-condutora-composto-de-silicone-cinza-hy510-25g\/","title":{"rendered":"Pasta t\u00e9rmica condutora composto de silicone cinza Hy510 25g"},"content":{"rendered":"<p>Especifica\u00e7\u00f5es:<br \/>\nEsta graxa t\u00e9rmica \u00e9 usada para a maioria dos acess\u00f3rios de pc e tablet, como cpu, nvidia, etc.<br \/>\nAlta condu\u00e7\u00e3o de calor, alto isolamento, n\u00e3o vol\u00e1til resistente a altas temperaturas.<\/p>\n<p>Caracter\u00edsticas:<br \/>\n1. estabilidade e confiabilidade de alto grau.<br \/>\n2. aplique a cpu, vga, chipset, radiador e outros componentes de pc.<br \/>\n3. ajuda a dispersar o calor da cpu para dissipador de calor de forma eficaz.<br \/>\n4. baixa resist\u00eancia t\u00e9rmica e alta condutividade ou transfer\u00eancia de calor superior.<br \/>\n5. resist\u00eancia a altas temperaturas, at\u00f3xico, ins\u00edpido, n\u00e3o corrosivo.<\/p>\n<p>Tipo: graxa t\u00e9rmica cpu<br \/>\nTempo de uso: cerca de 60 vezes<br \/>\nPeso: 25g<br \/>\nUsos: cpu, gr\u00e1ficos e outros chips quentes<br \/>\nCondutividade t\u00e9rmica: &gt;1.93 w\/m-k<br \/>\nResist\u00eancia t\u00e9rmica: &lt;0.225 \u00b0 c-in\u00b2\/w<br \/>\nFaixa de temperatura operacional: -30 ? ~ 150 ?<br \/>\nNota: devido \u00e0 diferen\u00e7a de configura\u00e7\u00e3o de luz e tela, a cor do item pode ser ligeiramente diferente das imagens.<\/p>\n<p>GRATIS UM RASPADOR DE BRINDE<\/p>\n","protected":false},"excerpt":{"rendered":"<p>Especifica\u00e7\u00f5es:<br \/>\nEsta graxa t\u00e9rmica \u00e9 usada para a maioria dos acess\u00f3rios de pc e tablet, como cpu, nvidia, etc.<br \/>\nAlta condu\u00e7\u00e3o de calor, alto isolamento, n\u00e3o vol\u00e1til resistente a altas temperaturas.<\/p>\n<p>Caracter\u00edsticas:<br \/>\n1. estabilidade e confiabilidade de alto grau.<br \/>\n2. aplique a cpu, vga, chipset, radiador e outros componentes de pc.<br \/>\n3. ajuda a dispersar o calor da cpu para dissipador de calor de forma eficaz.<br \/>\n4. baixa resist\u00eancia t\u00e9rmica e alta condutividade ou transfer\u00eancia de calor superior.<br \/>\n5. resist\u00eancia a altas temperaturas, at\u00f3xico, ins\u00edpido, n\u00e3o corrosivo.<\/p>\n<p>Tipo: graxa t\u00e9rmica cpu<br \/>\nTempo de uso: cerca de 60 vezes<br \/>\nPeso: 25g<br \/>\nUsos: cpu, gr\u00e1ficos e outros chips quentes<br \/>\nCondutividade t\u00e9rmica: &gt;1.93 w\/m-k<br \/>\nResist\u00eancia t\u00e9rmica: &lt;0.225 \u00b0 c-in\u00b2\/w<br \/>\nFaixa de temperatura operacional: -30 ? ~ 150 ?<br \/>\nNota: devido \u00e0 diferen\u00e7a de configura\u00e7\u00e3o de luz e tela, a cor do item pode ser ligeiramente diferente das imagens.<\/p>\n<p>GRATIS UM RASPADOR DE BRINDE<\/p>\n","protected":false},"featured_media":15083,"template":"","meta":{"_joinchat":[]},"_links":{"self":[{"href":"https:\/\/mistersates-import.com.br\/loja\/wp-json\/wp\/v2\/product\/15080"}],"collection":[{"href":"https:\/\/mistersates-import.com.br\/loja\/wp-json\/wp\/v2\/product"}],"about":[{"href":"https:\/\/mistersates-import.com.br\/loja\/wp-json\/wp\/v2\/types\/product"}],"wp:featuredmedia":[{"embeddable":true,"href":"https:\/\/mistersates-import.com.br\/loja\/wp-json\/wp\/v2\/media\/15083"}],"wp:attachment":[{"href":"https:\/\/mistersates-import.com.br\/loja\/wp-json\/wp\/v2\/media?parent=15080"}],"curies":[{"name":"wp","href":"https:\/\/api.w.org\/{rel}","templated":true}]}}