{"id":15089,"date":"2022-05-10T18:11:21","date_gmt":"2022-05-10T21:11:21","guid":{"rendered":"https:\/\/mistersates-import.com.br\/loja\/?post_type=product&#038;p=15089"},"modified":"2024-09-06T10:57:33","modified_gmt":"2024-09-06T13:57:33","slug":"12-pastilhas-anti-embacante-anti-fog-compativel-gopro","status":"publish","type":"product","link":"https:\/\/mistersates-import.com.br\/loja\/product\/12-pastilhas-anti-embacante-anti-fog-compativel-gopro\/","title":{"rendered":"12 Pastilhas Anti Emba\u00e7ante Anti Fog Compat\u00edvel Gopro"},"content":{"rendered":"<p>Descri\u00e7\u00e3o:<\/p>\n<p>Use as pastilhas anti emba\u00e7antes dentro da caixa estanque da sua Gopro e outras c\u00e2meras para evitar emba\u00e7amento em ambientes frios e \u00famidos.<br \/>\nAs pastilhas absorvem a umidade dentro da caixa estanque, impedindo o emba\u00e7amento da sua c\u00e2mera. A diferen\u00e7a de temperatura ou press\u00e3o entre o ambiente e o interior da caixa estanque causam o emba\u00e7amento.<br \/>\nUse em ambientes molhados, com temperaturas altas ou muito baixas, como em piscinas, mergulho, cavernas, surfe, canoagem, snowboard e em qualquer esporte relacionado a \u00e1gua e neve.<br \/>\nAs pastilhas podem ser usadas at\u00e9 quatro vezes, basta secar e reutilizar.<br \/>\nAque\u00e7a as pastilhas usadas em forno a 150\u00ba ou estufas por 2 a 3 minutos.<\/p>\n<p>CONT\u00c9M<\/p>\n<p>1 KIT COM 12 PASTILHAS ANTI-FOG<\/p>\n<p>COR: BRANCA<\/p>\n<p>Produto Importado \u00e0 Pronta Entrega<\/p>\n","protected":false},"excerpt":{"rendered":"<p>Descri\u00e7\u00e3o:<\/p>\n<p>Use as pastilhas anti emba\u00e7antes dentro da caixa estanque da sua Gopro e outras c\u00e2meras para evitar emba\u00e7amento em ambientes frios e \u00famidos.<br \/>\nAs pastilhas absorvem a umidade dentro da caixa estanque, impedindo o emba\u00e7amento da sua c\u00e2mera. A diferen\u00e7a de temperatura ou press\u00e3o entre o ambiente e o interior da caixa estanque causam o emba\u00e7amento.<br \/>\nUse em ambientes molhados, com temperaturas altas ou muito baixas, como em piscinas, mergulho, cavernas, surfe, canoagem, snowboard e em qualquer esporte relacionado a \u00e1gua e neve.<br \/>\nAs pastilhas podem ser usadas at\u00e9 quatro vezes, basta secar e reutilizar.<br \/>\nAque\u00e7a as pastilhas usadas em forno a 150\u00ba ou estufas por 2 a 3 minutos.<\/p>\n<p>CONT\u00c9M<\/p>\n<p>1 KIT COM 12 PASTILHAS ANTI-FOG<\/p>\n<p>COR: BRANCA<\/p>\n<p>Produto Importado \u00e0 Pronta Entrega<\/p>\n","protected":false},"featured_media":15542,"template":"","meta":{"_joinchat":[]},"_links":{"self":[{"href":"https:\/\/mistersates-import.com.br\/loja\/wp-json\/wp\/v2\/product\/15089"}],"collection":[{"href":"https:\/\/mistersates-import.com.br\/loja\/wp-json\/wp\/v2\/product"}],"about":[{"href":"https:\/\/mistersates-import.com.br\/loja\/wp-json\/wp\/v2\/types\/product"}],"wp:featuredmedia":[{"embeddable":true,"href":"https:\/\/mistersates-import.com.br\/loja\/wp-json\/wp\/v2\/media\/15542"}],"wp:attachment":[{"href":"https:\/\/mistersates-import.com.br\/loja\/wp-json\/wp\/v2\/media?parent=15089"}],"curies":[{"name":"wp","href":"https:\/\/api.w.org\/{rel}","templated":true}]}}