{"id":15140,"date":"2022-07-12T17:59:13","date_gmt":"2022-07-12T20:59:13","guid":{"rendered":"https:\/\/mistersates-import.com.br\/loja\/?post_type=product&#038;p=15140"},"modified":"2024-11-11T12:10:31","modified_gmt":"2024-11-11T15:10:31","slug":"universal-433mhz-controle-remoto-sem-fio-4-channel-clonagem","status":"publish","type":"product","link":"https:\/\/mistersates-import.com.br\/loja\/product\/universal-433mhz-controle-remoto-sem-fio-4-channel-clonagem\/","title":{"rendered":"Universal 433mhz controle remoto sem fio 4-channel clonagem"},"content":{"rendered":"<p>Descri\u00e7\u00e3o<\/p>\n<p>ATEN\u00c7\u00c3O: N\u00c3O \u00e9 compat\u00edvel com centrais das marcas PECCININ OU ROSSI<\/p>\n<p>ATEN\u00c7\u00c3O ATEN\u00c7\u00c3O ATEN\u00c7\u00c3O ATEN\u00c7\u00c3O ATEN\u00c7\u00c3O ATEN\u00c7\u00c3O<\/p>\n<p>LEIA O ANUNCIO AT\u00c9 O FINAL POR FAVOR<br \/>\nESTE PRODUTO \u00c9 DE EXCELENTE QUALIDADE, S\u00d3 N\u00c3O FUNCIONAR\u00c1 EM SEU CONTROLE SE N\u00c3O FOR COMPAT\u00cdVEL COM A PLACA DO SEU PORT\u00c3O, O PRODUTO SAI DA LOJA RIGOROSAMENTE TESTADO<br \/>\nQUALQUER DUVIDA NOS CHAME NO CHAT QUE IREMOS TE AUXILIAR DA MELHOR MANEIRA POSS\u00cdVEL<\/p>\n<p>Controle Remoto Copiador Clone Duplicador 433mhz<br \/>\nBateria 3v<br \/>\nCorrente De Funcionamento: 10ma<br \/>\nFreq\u00fc\u00eancia Dispon\u00edvel: Freq\u00fc\u00eancia Fixa 433.92mhz<br \/>\nTemperatura Ambiente: -20 \u2018C ~ C +50\u2019<\/p>\n<p>Novidade No Mercado, Controle Remoto Para Alarmes, Port\u00f5es Eletr\u00f4nicos ( Ele Copia Um Existente ) N\u00e3o \u00c9 Necess\u00e1rio Codificar Na Sua Central!!!!! Ele Clona Um Controle Que Voc\u00ea J\u00e1 Tenha Dispensando A Presen\u00e7a De Um T\u00e9cnico. Voc\u00ea Mesmo O Codifica Em 5 ( Cinco ) Segundos.<\/p>\n<p>COMO FAZER A CONFIGURA\u00c7\u00c3O DE DUPLICA\u00c7\u00c3O:<\/p>\n<p>Pressione o bot\u00e3o AB ao mesmo tempo e, quando come\u00e7ar a piscar, pressione o bot\u00e3o b duas vezes<\/p>\n<p>DEPOIS APERTA O BOT\u00c3O DO CONTROLE PRINCIPAL E O BOT\u00c3O DO CONTROLE CLONADOR.<\/p>\n","protected":false},"excerpt":{"rendered":"[video width=\"1280\" height=\"720\" mp4=\"https:\/\/mistersates-import.com.br\/loja\/wp-content\/uploads\/2022\/07\/Controle-Portao-Remoto-Alarme-Copiador-Clone-Duplicador-433-Mhz-Garagem-Sensor-Led-Azul-Hardfast.mp4\"][\/video]\n<p>Descri\u00e7\u00e3o<\/p>\n<p>ATEN\u00c7\u00c3O: N\u00c3O \u00e9 compat\u00edvel com centrais das marcas PECCININ OU ROSSI<\/p>\n<p>ATEN\u00c7\u00c3O ATEN\u00c7\u00c3O ATEN\u00c7\u00c3O ATEN\u00c7\u00c3O ATEN\u00c7\u00c3O ATEN\u00c7\u00c3O<\/p>\n<p>LEIA O ANUNCIO AT\u00c9 O FINAL POR FAVOR<br \/>\nESTE PRODUTO \u00c9 DE EXCELENTE QUALIDADE, S\u00d3 N\u00c3O FUNCIONAR\u00c1 EM SEU CONTROLE SE N\u00c3O FOR COMPATIVEL COM A PLACA DO SEU PORT\u00c3O, O PRODUTO SAI DA LOJA RIGOROSAMENTE TESTADO<br \/>\nQUALQUE DUVIDA NOS CHAME NO CHAT QUE IREMOS TE AUXILIAR DA MELHOR MANEIRA POSSIVEL<\/p>\n<p>Controle Remoto Copiador Clone Duplicador 433mhz<br \/>\nBateria 3v<br \/>\nCorrente De Funcionamento: 10ma<br \/>\nFreq\u00fc\u00eancia Dispon\u00edvel: Freq\u00fc\u00eancia Fixa 433.92mhz<br \/>\nTemperatura Ambiente: -20 \u2018C ~ C +50\u2019<\/p>\n<p>Novidade No Mercado, Controle Remoto Para Alarmes, Port\u00f5es Eletr\u00f4nicos ( Ele Copia Um Existente ) N\u00e3o \u00c9 Necess\u00e1rio Codificar Na Sua Central!!!!! Ele Clona Um Controle Que Voc\u00ea J\u00e1 Tenha Dispensando A Presen\u00e7a De Um T\u00e9cnico . Voc\u00ea Mesmo O Codifica Em 5 ( Cinco ) Segundos.<\/p>\n<p>COMO FAZER A CONFIGURA\u00c7\u00c3O DE DUPLICA\u00c7\u00c3O:<\/p>\n<p>Pressione o bot\u00e3o AB ao mesmo tempo e, quando come\u00e7ar a piscar, pressione o bot\u00e3o b duas vezes<\/p>\n<p>DEPOIS APERTA O BOT\u00c3O DO CONTROLE PRINCIPAL E O BOT\u00c3O DO CONTROLE CLONADOR.<\/p>\n","protected":false},"featured_media":15148,"template":"","meta":{"_joinchat":[]},"_links":{"self":[{"href":"https:\/\/mistersates-import.com.br\/loja\/wp-json\/wp\/v2\/product\/15140"}],"collection":[{"href":"https:\/\/mistersates-import.com.br\/loja\/wp-json\/wp\/v2\/product"}],"about":[{"href":"https:\/\/mistersates-import.com.br\/loja\/wp-json\/wp\/v2\/types\/product"}],"wp:featuredmedia":[{"embeddable":true,"href":"https:\/\/mistersates-import.com.br\/loja\/wp-json\/wp\/v2\/media\/15148"}],"wp:attachment":[{"href":"https:\/\/mistersates-import.com.br\/loja\/wp-json\/wp\/v2\/media?parent=15140"}],"curies":[{"name":"wp","href":"https:\/\/api.w.org\/{rel}","templated":true}]}}