{"id":15181,"date":"2022-08-18T17:01:10","date_gmt":"2022-08-18T20:01:10","guid":{"rendered":"https:\/\/mistersates-import.com.br\/loja\/?post_type=product&#038;p=15181"},"modified":"2024-12-11T11:26:20","modified_gmt":"2024-12-11T14:26:20","slug":"lampada-placa-de-led-t10-para-carro-48-led-branco-universal","status":"publish","type":"product","link":"https:\/\/mistersates-import.com.br\/loja\/product\/lampada-placa-de-led-t10-para-carro-48-led-branco-universal\/","title":{"rendered":"Lampada placa de led T10 para carro 48 led branco universal"},"content":{"rendered":"<p>DESCRI\u00c7\u00c3O:<\/p>\n<p>L\u00e2mpadas de sinal cob led festoon 35*40mm c5w 48 luzes de leitura interna t10 l\u00e2mpada de porta de c\u00fapula branca<br \/>\nCaracter\u00edsticas do produto:<\/p>\n<p>-Os tren\u00f3s de brilho ultra alto cob t\u00eam uma vida longa<br \/>\n-Baixo consumo de energia e economia de energia<br \/>\n-Instala\u00e7\u00e3o conveniente, plug and play<br \/>\n-Projetado como l\u00e2mpada de carro original direta<\/p>\n<p>Soquete:<br \/>\nT10\/festoon<\/p>\n<p>Descri\u00e7\u00e3o:<br \/>\nTens\u00e3o: 12v<br \/>\nPot\u00eancia: 5w<br \/>\nLumens: 100lm<br \/>\nN\u00famero de leds: cob18\/24\/36\/48<br \/>\nCor: branco<br \/>\nAplica\u00e7\u00e3o: carro, caminh\u00e3o, suv, atv, etc.<br \/>\nTeoria da dissipa\u00e7\u00e3o de calor: alum\u00ednio de avia\u00e7\u00e3o 6063<br \/>\n\u00c0 prova d&#8217; \u00e1gua: ip68<br \/>\nUso: l\u00e2mpada de leitura, l\u00e2mpada de licen\u00e7a, l\u00e2mpada de teto, l\u00e2mpada de caixa traseira, l\u00e2mpada de caixa traseira&#8230;<\/p>\n<p>Caracter\u00edsticas:<br \/>\n1. alta efici\u00eancia e baixo consumo de energia<br \/>\n2. ecologicamente correto e economia de energia<br \/>\n3. tempo de resposta de liga\/desliga mais r\u00e1pido e resistente \u00e0 vibra\u00e7\u00e3o<br \/>\n4. com uma longa vida \u00fatil de at\u00e9 50,000 horas<br \/>\n5. com led cob de alto brilho, mais brilhante do que l\u00e2mpadas incandescentes comuns.<br \/>\nO design do \u00e2ngulo de feixe de 6.360 graus acende todos os cantos.<br \/>\n7. f\u00e1cil de instalar, plug and play.<\/p>\n<p>Caracter\u00edsticas:<br \/>\nEssas l\u00e2mpadas fornecem uma luz mais brilhante e mais limpa do que l\u00e2mpadas incandescentes compar\u00e1veis<br \/>\nProduz uma luz mais atraente em compara\u00e7\u00e3o com as l\u00e2mpadas incandescentes; n\u00e3o h\u00e1 necessidade de substituir a lumin\u00e1ria de f\u00e1brica<br \/>\nQueimar mais tempo e mais frio; durar at\u00e9 50,000 horas<br \/>\nConsumir muito menos energia do que l\u00e2mpadas incandescentes<br \/>\nDispon\u00edvel em cores brancas<br \/>\nDispon\u00edvel para quase todas as aplica\u00e7\u00f5es, com v\u00e1rios graus de sa\u00edda de luz<br \/>\nSubstitui\u00e7\u00e3o direta para l\u00e2mpada de f\u00e1brica; n\u00e3o h\u00e1 necessidade de modificar seu ve\u00edculo de alguma forma<br \/>\nF\u00e1cil de instalar<br \/>\nAtualize a ilumina\u00e7\u00e3o externa do seu ve\u00edculo com luzes yiyulai. Sua luz mais brilhante e mais limpa aumentar\u00e1 a visibilidade do seu ve\u00edculo e melhorar\u00e1 sua apar\u00eancia. As luzes yiyulai tamb\u00e9m s\u00e3o econ\u00f4micas. Eles usam muito menos energia do que l\u00e2mpadas incandescentes oem e duram muito mais. Com uma vida \u00fatil de at\u00e9 50,000 horas, voc\u00ea provavelmente nunca ter\u00e1 que substitu\u00ed-los. As l\u00e2mpadas yiyulai est\u00e3o dispon\u00edveis para quase todas as aplica\u00e7\u00f5es em v\u00e1rias vers\u00f5es e cores.<br \/>\nGarantia<\/p>\n<p>Observa\u00e7\u00e3o:<br \/>\n1. economia de energia, prote\u00e7\u00e3o ambiental, desempenho est\u00e1vel, atrav\u00e9s de teste rigoroso, use dire\u00e7\u00e3o mais segura no carro<br \/>\n2. para a maioria dos carros, apenas plug-n-play, sem necessidade de reator.<br \/>\n3. ao instalar esta l\u00e2mpada, certifique-se de desligar o carro e tirar a chave.<br \/>\n4. as l\u00e2mpadas led s\u00e3o muito f\u00e1ceis de instalar. Voc\u00ea s\u00f3 precisa conect\u00e1-lo na tomada. (A l\u00e2mpada led tem + e-terminal. Se n\u00e3o acender ap\u00f3s a inser\u00e7\u00e3o no soquete, tudo o que voc\u00ea precisa fazer \u00e9 inseri-lo opostamente.)<br \/>\n5. verifique novamente o manual do propriet\u00e1rio ou as l\u00e2mpadas hal\u00f3genas originais para confirmar o tamanho antes de fazer um pedido.<\/p>\n<p>Observa\u00e7\u00e3o:<br \/>\n1. com fonte de alimenta\u00e7\u00e3o dc 12v, pode ser avaliado se a l\u00e2mpada em si est\u00e1 funcionando.<br \/>\n2. confirme seu soquete antes de fazer um pedido. Obrigado.<br \/>\nQuantidade de led: 36<br \/>\nTamanho:35mm*40mm<br \/>\nEspecifica\u00e7\u00f5es das contas da l\u00e2mpada: cob<\/p>\n","protected":false},"excerpt":{"rendered":"<p>DESCRI\u00c7\u00c3O: L\u00e2mpadas de sinal cob led festoon 35*40mm c5w 48 luzes de leitura interna t10 l\u00e2mpada de porta de c\u00fapula branca Caracter\u00edsticas do produto: -Os tren\u00f3s de brilho ultra alto cob t\u00eam uma vida longa -Baixo consumo de energia e &hellip; <a href=\"https:\/\/mistersates-import.com.br\/loja\/product\/lampada-placa-de-led-t10-para-carro-48-led-branco-universal\/\">Readmore<\/a><\/p>\n","protected":false},"featured_media":15772,"template":"","meta":{"_joinchat":[]},"_links":{"self":[{"href":"https:\/\/mistersates-import.com.br\/loja\/wp-json\/wp\/v2\/product\/15181"}],"collection":[{"href":"https:\/\/mistersates-import.com.br\/loja\/wp-json\/wp\/v2\/product"}],"about":[{"href":"https:\/\/mistersates-import.com.br\/loja\/wp-json\/wp\/v2\/types\/product"}],"wp:featuredmedia":[{"embeddable":true,"href":"https:\/\/mistersates-import.com.br\/loja\/wp-json\/wp\/v2\/media\/15772"}],"wp:attachment":[{"href":"https:\/\/mistersates-import.com.br\/loja\/wp-json\/wp\/v2\/media?parent=15181"}],"curies":[{"name":"wp","href":"https:\/\/api.w.org\/{rel}","templated":true}]}}