{"id":15190,"date":"2022-08-18T17:09:39","date_gmt":"2022-08-18T20:09:39","guid":{"rendered":"https:\/\/mistersates-import.com.br\/loja\/?post_type=product&#038;p=15190"},"modified":"2025-05-27T19:24:01","modified_gmt":"2025-05-27T22:24:01","slug":"lampada-placa-de-led-t10-para-carro-36-led-branco-universal","status":"publish","type":"product","link":"https:\/\/mistersates-import.com.br\/loja\/product\/lampada-placa-de-led-t10-para-carro-36-led-branco-universal\/","title":{"rendered":"Lampada placa de led T10 para carro 36 led branco universal"},"content":{"rendered":"<p>Detalhes do Produto<\/p>\n<p>Placa LED Cob 36 Pontos Pingo T10 Torpedo 5W 12V Luz Interna Teto Porta-Malas<\/p>\n<p>Nada como equipar o ve\u00edculo de forma que ele fique com o seu estilo e ainda ofere\u00e7a um visual interno mais arrojado e confort\u00e1vel. A Placa de LED possui 36 pontos bem distribu\u00eddos e vem acompanhada de l\u00e2mpada pingo e torpedo.<\/p>\n<p>Depois de instaladas em seu carro, voc\u00ea vai notar de imediato a diferen\u00e7a que esse produto pode proporcionar, aliando \u00f3timo custo benef\u00edcio e economia de consumo, pois conta com pot\u00eancia de 5W.<br \/>\nEla pode ser aplicada no interior do carro, como no painel, luz de teto e at\u00e9 porta malas. E para garantir que a instala\u00e7\u00e3o seja mais f\u00e1cil e r\u00e1pida ela acompanha fita dupla-face para uma melhor fixa\u00e7\u00e3o.<\/p>\n<p>Modelo Dispon\u00edvel:<br \/>\n\u2022 Placa Cob 36 Pontos Pingo T10 Torpedo<br \/>\nEspecifica\u00e7\u00e3o T\u00e9cnica:<br \/>\n\u2022 L\u00e2mpada Pingo T10<br \/>\n\u2022 L\u00e2mpada Torpedo<br \/>\n\u2022 Modelo: 1 Polo<br \/>\n\u2022 36 LEDs na Cor Branca<br \/>\n\u2022 Carca\u00e7a em Fenolite<br \/>\n\u2022 Tens\u00e3o de Opera\u00e7\u00e3o: 12V<br \/>\n\u2022 Pot\u00eancia de 5W<br \/>\n\u2022 Aplica\u00e7\u00e3o Interna como Luz de Teto ou Porta-Malas<br \/>\n\u2022 Aplica\u00e7\u00e3o da Placa com Fita Dupla-Face (Acompanha o Produto)<br \/>\n\u2022 Excelente Qualidade<br \/>\n\u2022 L\u00e2mpada Torpedo de 40mm<br \/>\n\u2022 Dimens\u00f5es Aproximadas da Placa (LxA): 5x2cm<\/p>\n<p>Conte\u00fado da Embalagem:<br \/>\n\u2022 01 Placa de LED 36 Pontos<br \/>\n\u2022 02 Encaixes de L\u00e2mpadas<\/p>\n<p>Importante:<br \/>\nValor do Kit.<br \/>\nImagens Meramente Ilustrativas.<br \/>\nRecomendamos que a instala\u00e7\u00e3o seja feita por profissional especializado e n\u00e3o nos responsabilizamos pelo mau uso do produto.<\/p>\n","protected":false},"excerpt":{"rendered":"<p>Detalhes do Produto Placa LED Cob 36 Pontos Pingo T10 Torpedo 5W 12V Luz Interna Teto Porta-Malas Nada como equipar o ve\u00edculo de forma que ele fique com o seu estilo e ainda ofere\u00e7a um visual interno mais arrojado e &hellip; <a href=\"https:\/\/mistersates-import.com.br\/loja\/product\/lampada-placa-de-led-t10-para-carro-36-led-branco-universal\/\">Readmore<\/a><\/p>\n","protected":false},"featured_media":15194,"template":"","meta":{"_joinchat":[]},"_links":{"self":[{"href":"https:\/\/mistersates-import.com.br\/loja\/wp-json\/wp\/v2\/product\/15190"}],"collection":[{"href":"https:\/\/mistersates-import.com.br\/loja\/wp-json\/wp\/v2\/product"}],"about":[{"href":"https:\/\/mistersates-import.com.br\/loja\/wp-json\/wp\/v2\/types\/product"}],"wp:featuredmedia":[{"embeddable":true,"href":"https:\/\/mistersates-import.com.br\/loja\/wp-json\/wp\/v2\/media\/15194"}],"wp:attachment":[{"href":"https:\/\/mistersates-import.com.br\/loja\/wp-json\/wp\/v2\/media?parent=15190"}],"curies":[{"name":"wp","href":"https:\/\/api.w.org\/{rel}","templated":true}]}}