{"id":15202,"date":"2022-08-19T12:45:01","date_gmt":"2022-08-19T15:45:01","guid":{"rendered":"https:\/\/mistersates-import.com.br\/loja\/?post_type=product&#038;p=15202"},"modified":"2025-06-28T19:48:13","modified_gmt":"2025-06-28T22:48:13","slug":"kit-fresa-para-retifica-com-29-pecas","status":"publish","type":"product","link":"https:\/\/mistersates-import.com.br\/loja\/product\/kit-fresa-para-retifica-com-29-pecas\/","title":{"rendered":"Kit Fresa para retifica com 29 pe\u00e7as"},"content":{"rendered":"<p>Caracter\u00edsticas:<\/p>\n<p>\u2014 Grande janela fornece excelente visibilidade para melhor controle<br \/>\n\u2014 Permite o corte preciso em madeira, metal, PVC etc<br \/>\n\u2014 F\u00e1cil parafuso-na montagem \u00e0 ferramenta girat\u00f3ria<\/p>\n<p>29 Pcs:<\/p>\n<p>1x Chifre Cap Broca<br \/>\n6 x Broca<br \/>\n1 X Grande Eixo<br \/>\n1 X Eixo Pequeno<br \/>\n10 x grande 120 &#8220;bandas de lixamento<br \/>\n10 x pequeno 120 &#8220;bandas de lixamento<\/p>\n<p>Conforme foto.<\/p>\n","protected":false},"excerpt":{"rendered":"<p>Caracter\u00edsticas: \u2014 Grande janela fornece excelente visibilidade para melhor controle \u2014 Permite o corte preciso em madeira, metal, PVC etc \u2014 F\u00e1cil parafuso-na montagem \u00e0 ferramenta girat\u00f3ria 29 Pcs: 1x Chifre Cap Broca 6 x Broca 1 X Grande Eixo &hellip; <a href=\"https:\/\/mistersates-import.com.br\/loja\/product\/kit-fresa-para-retifica-com-29-pecas\/\">Readmore<\/a><\/p>\n","protected":false},"featured_media":15204,"template":"","meta":{"_joinchat":[]},"_links":{"self":[{"href":"https:\/\/mistersates-import.com.br\/loja\/wp-json\/wp\/v2\/product\/15202"}],"collection":[{"href":"https:\/\/mistersates-import.com.br\/loja\/wp-json\/wp\/v2\/product"}],"about":[{"href":"https:\/\/mistersates-import.com.br\/loja\/wp-json\/wp\/v2\/types\/product"}],"wp:featuredmedia":[{"embeddable":true,"href":"https:\/\/mistersates-import.com.br\/loja\/wp-json\/wp\/v2\/media\/15204"}],"wp:attachment":[{"href":"https:\/\/mistersates-import.com.br\/loja\/wp-json\/wp\/v2\/media?parent=15202"}],"curies":[{"name":"wp","href":"https:\/\/api.w.org\/{rel}","templated":true}]}}