{"id":15210,"date":"2022-08-19T16:11:07","date_gmt":"2022-08-19T19:11:07","guid":{"rendered":"https:\/\/mistersates-import.com.br\/loja\/?post_type=product&#038;p=15210"},"modified":"2026-03-28T11:41:53","modified_gmt":"2026-03-28T14:41:53","slug":"emenda-fita-de-led-5050-4-pinos-angulo-ajustavel-90-180-graus-para-10mm","status":"publish","type":"product","link":"https:\/\/mistersates-import.com.br\/loja\/product\/emenda-fita-de-led-5050-4-pinos-angulo-ajustavel-90-180-graus-para-10mm\/","title":{"rendered":"Emenda fita de led 5050 4 pinos \u00e2ngulo ajust\u00e1vel (90-180 graus) para 10mm"},"content":{"rendered":"<p>DESCRI\u00c7\u00c3O:<\/p>\n<p>Compat\u00edvel apenas com [4 pinos 10mm] 5050\/3528 rgb barra de luz led e 2835\/3528 4 pinos 10mm barra de luz led, n\u00e3o aplic\u00e1vel \u00e0 luz branca 3528\/2835 de 2 pinos, n\u00e3o aplic\u00e1vel \u00e0 dreamcolor Barra de luz led persegui\u00e7\u00e3o, barra de luz led branca ajust\u00e1vel n\u00e3o aplic\u00e1vel, n\u00e3o adequada para barra de luz branca de 2 pinos, certifique-se de que sua barra de luz led seja de 4 pinos e 10mm<br \/>\nO formato l \u00e9 de 90 graus, os cantos s\u00e3o ajust\u00e1veis, dobras retas sem danos, a corda \u00e9 uma corda refor\u00e7ada, o comprimento pode ser personalizado. (Cabos extras n\u00e3o inclu\u00eddos)<br \/>\nAdequado para tiras de led ip65 \u00e0 prova d&#8217;\u00e1gua e ip20 n\u00e3o \u00e0 prova d&#8217;\u00e1gua de 4 pinos 10mm.<br \/>\nSe voc\u00ea quiser que a faixa led mantenha uma conex\u00e3o est\u00e1vel, remova o adesivo na parte traseira da faixa de led.<\/p>\n<p>Cor: branco<br \/>\nMaterial: pl\u00e1stico<\/p>\n<p>Conte\u00fado do pacote:<br \/>\n1 x conectores de faixa de led<\/p>\n<p>Apenas o conte\u00fado do pacote acima, outros produtos n\u00e3o est\u00e3o inclu\u00eddos.<br \/>\nNota: a fotografia leve e diferentes displays podem causar a cor do item na imagem um pouco diferente da coisa real. O erro de medi\u00e7\u00e3o permitido \u00e9\/- 1-3cm.<\/p>\n","protected":false},"excerpt":{"rendered":"<p>DESCRI\u00c7\u00c3O: Compat\u00edvel apenas com [4 pinos 10mm] 5050\/3528 rgb barra de luz led e 2835\/3528 4 pinos 10mm barra de luz led, n\u00e3o aplic\u00e1vel \u00e0 luz branca 3528\/2835 de 2 pinos, n\u00e3o aplic\u00e1vel \u00e0 dreamcolor Barra de luz led persegui\u00e7\u00e3o, &hellip; <a href=\"https:\/\/mistersates-import.com.br\/loja\/product\/emenda-fita-de-led-5050-4-pinos-angulo-ajustavel-90-180-graus-para-10mm\/\">Readmore<\/a><\/p>\n","protected":false},"featured_media":15217,"template":"","meta":{"_joinchat":[]},"_links":{"self":[{"href":"https:\/\/mistersates-import.com.br\/loja\/wp-json\/wp\/v2\/product\/15210"}],"collection":[{"href":"https:\/\/mistersates-import.com.br\/loja\/wp-json\/wp\/v2\/product"}],"about":[{"href":"https:\/\/mistersates-import.com.br\/loja\/wp-json\/wp\/v2\/types\/product"}],"wp:featuredmedia":[{"embeddable":true,"href":"https:\/\/mistersates-import.com.br\/loja\/wp-json\/wp\/v2\/media\/15217"}],"wp:attachment":[{"href":"https:\/\/mistersates-import.com.br\/loja\/wp-json\/wp\/v2\/media?parent=15210"}],"curies":[{"name":"wp","href":"https:\/\/api.w.org\/{rel}","templated":true}]}}