{"id":15296,"date":"2022-09-06T11:56:31","date_gmt":"2022-09-06T14:56:31","guid":{"rendered":"https:\/\/mistersates-import.com.br\/loja\/?post_type=product&#038;p=15296"},"modified":"2023-04-04T11:57:08","modified_gmt":"2023-04-04T14:57:08","slug":"adaptador-hdmi-270-graus-macho-x-femea","status":"publish","type":"product","link":"https:\/\/mistersates-import.com.br\/loja\/product\/adaptador-hdmi-270-graus-macho-x-femea\/","title":{"rendered":"Adaptador HDMI 270 Graus Macho x F\u00eamea"},"content":{"rendered":"<p>Adaptador Conector HDMI 270 Graus em L Macho x F\u00eamea<\/p>\n<p>INFORMA\u00c7\u00d5ES T\u00c9CNICAS<\/p>\n<p>Facilita a instala\u00e7\u00e3o de equipamentos que est\u00e3o pr\u00f3ximos da parede.<\/p>\n<p>Suporte a resolu\u00e7\u00f5es de at\u00e9 1080p.<\/p>\n<p>A interface banhada a ouro garante a conex\u00e3o de maior desempenho entre componentes ou cabos HDMI.<\/p>\n<p>Facilita desfrutar do v\u00eddeo de alta defini\u00e7\u00e3o.<\/p>\n<p>Descri\u00e7\u00f5es: Este adaptador destina-se a estender o cabo HDMI, juntando dois cabos. Tamanho pequeno e leve, port\u00e1til para transportar.<\/p>\n<p>CARACTER\u00cdSTICAS<\/p>\n<p>&#8211; Adaptador compacto com excelente qualidade.<br \/>\n&#8211; Excelente op\u00e7\u00e3o para quem precisa instalar a TV em um suporte fixo ou molduras com pouco espa\u00e7o traseiro.<br \/>\n&#8211; Al\u00e9m disso, evita que o cabo HDMI danifique por ficar dobrado.<br \/>\n&#8211; Compat\u00edvel com Hdmi: 1.0\/ 1.1\/ 1.2\/ 1.3\/ 1.4<br \/>\n&#8211; Tamanho: 2 x 2 x 1.5 cm (C x L x A)<\/p>\n<p>ITENS INCLUSOS<\/p>\n<p>&#8211; 1 Conector Hdmi 270\u00b0 em L Macho x F\u00eamea<\/p>\n","protected":false},"excerpt":{"rendered":"<p>Adaptador Conector HDMI 270 Graus em L Macho x F\u00eamea INFORMA\u00c7\u00d5ES T\u00c9CNICAS Facilita a instala\u00e7\u00e3o de equipamentos que est\u00e3o pr\u00f3ximos da parede. Suporte a resolu\u00e7\u00f5es de at\u00e9 1080p. A interface banhada a ouro garante a conex\u00e3o de maior desempenho entre &hellip; <a href=\"https:\/\/mistersates-import.com.br\/loja\/product\/adaptador-hdmi-270-graus-macho-x-femea\/\">Readmore<\/a><\/p>\n","protected":false},"featured_media":15674,"template":"","meta":{"_joinchat":[]},"_links":{"self":[{"href":"https:\/\/mistersates-import.com.br\/loja\/wp-json\/wp\/v2\/product\/15296"}],"collection":[{"href":"https:\/\/mistersates-import.com.br\/loja\/wp-json\/wp\/v2\/product"}],"about":[{"href":"https:\/\/mistersates-import.com.br\/loja\/wp-json\/wp\/v2\/types\/product"}],"wp:featuredmedia":[{"embeddable":true,"href":"https:\/\/mistersates-import.com.br\/loja\/wp-json\/wp\/v2\/media\/15674"}],"wp:attachment":[{"href":"https:\/\/mistersates-import.com.br\/loja\/wp-json\/wp\/v2\/media?parent=15296"}],"curies":[{"name":"wp","href":"https:\/\/api.w.org\/{rel}","templated":true}]}}