{"id":15309,"date":"2022-09-06T17:19:05","date_gmt":"2022-09-06T20:19:05","guid":{"rendered":"https:\/\/mistersates-import.com.br\/loja\/product\/suporte-armacao-moldura-frame-case-aberta-gopro-hero-5-6-7-black\/"},"modified":"2025-01-20T18:34:17","modified_gmt":"2025-01-20T21:34:17","slug":"suporte-armacao-moldura-frame-case-aberta-gopro-hero-5-6-7-black","status":"publish","type":"product","link":"https:\/\/mistersates-import.com.br\/loja\/product\/suporte-armacao-moldura-frame-case-aberta-gopro-hero-5-6-7-black\/","title":{"rendered":"Suporte Arma\u00e7\u00e3o Moldura Frame Case Aberta Gopro Hero 5 6 7 Black"},"content":{"rendered":"<p>Descri\u00e7\u00e3o:<\/p>\n<p>100% novo e de alta qualidade<\/p>\n<p>Apenas Fit For Gopro Hero 5 6 7 Camera<\/p>\n<p>Design de moldura leve e leve para montagem de baixo perfil e compacta. Recebendo um bom efeito de radia\u00e7\u00e3o ac\u00fastica<\/p>\n<p>Permite que voc\u00ea aplique uma fonte de alimenta\u00e7\u00e3o externa. Fazendo o v\u00eddeo durante o carregamento, deve escolher para ciclismo, moto, carro.<\/p>\n<p>Especifica\u00e7\u00e3o:<\/p>\n<p>Material: pl\u00e1stico<\/p>\n<p>Cor preta<\/p>\n<p>Tamanho: 85mm * 46mm * 80mm<\/p>\n<p>Compat\u00edvel com: GoPro Hero 5<\/p>\n<p>Inclu\u00eddo no Pacote:<\/p>\n<p>1 * quadro padr\u00e3o para c\u00e2mera GoPro Hero 5<\/p>\n<p>1 * parafuso grande<\/p>\n<p>1 * Montagem b\u00e1sica<\/p>\n","protected":false},"excerpt":{"rendered":"<p>Descri\u00e7\u00e3o: 100% novo e de alta qualidade Apenas Fit For Gopro Hero 5 6 7 Camera Design de moldura leve e leve para montagem de baixo perfil e compacta. Recebendo um bom efeito de radia\u00e7\u00e3o ac\u00fastica Permite que voc\u00ea aplique &hellip; <a href=\"https:\/\/mistersates-import.com.br\/loja\/product\/suporte-armacao-moldura-frame-case-aberta-gopro-hero-5-6-7-black\/\">Readmore<\/a><\/p>\n","protected":false},"featured_media":15303,"template":"","meta":{"_joinchat":[]},"_links":{"self":[{"href":"https:\/\/mistersates-import.com.br\/loja\/wp-json\/wp\/v2\/product\/15309"}],"collection":[{"href":"https:\/\/mistersates-import.com.br\/loja\/wp-json\/wp\/v2\/product"}],"about":[{"href":"https:\/\/mistersates-import.com.br\/loja\/wp-json\/wp\/v2\/types\/product"}],"wp:featuredmedia":[{"embeddable":true,"href":"https:\/\/mistersates-import.com.br\/loja\/wp-json\/wp\/v2\/media\/15303"}],"wp:attachment":[{"href":"https:\/\/mistersates-import.com.br\/loja\/wp-json\/wp\/v2\/media?parent=15309"}],"curies":[{"name":"wp","href":"https:\/\/api.w.org\/{rel}","templated":true}]}}