{"id":15357,"date":"2022-09-13T17:15:56","date_gmt":"2022-09-13T20:15:56","guid":{"rendered":"https:\/\/mistersates-import.com.br\/loja\/?post_type=product&#038;p=15357"},"modified":"2024-10-02T12:45:38","modified_gmt":"2024-10-02T15:45:38","slug":"cabo-inova-iphone-usb-cbo-5649-1metro","status":"publish","type":"product","link":"https:\/\/mistersates-import.com.br\/loja\/product\/cabo-inova-iphone-usb-cbo-5649-1metro\/","title":{"rendered":"Cabo Inova iPhone  USB CBO-5649 1Metro"},"content":{"rendered":"<p>Descri\u00e7\u00e3o:<\/p>\n<p>Cabo Inova iPhone \/ USB CBO-57444 1Metro<\/p>\n<p>Cabo iPhone\/Usb 3.1A, Contem 1 M. Produto de alt\u00edssima qualidade com tecnologia de ponta no carregamento, e transfer\u00eancia de arquivos em dispositivos m\u00f3veis smartphones. Alta prote\u00e7\u00e3o contra sinais externos, dando maior efici\u00eancia na transmiss\u00e3o de dados.<\/p>\n<p>proporciona um carregamento de alta velocidade e qualidade. Compat\u00edvel com todos aparelhos com entrada Micro USB.<\/p>\n","protected":false},"excerpt":{"rendered":"<p>Descri\u00e7\u00e3o: Cabo Inova iPhone \/ USB CBO-57444 1Metro Cabo iPhone\/Usb 3.1A, Contem 1 M. Produto de alt\u00edssima qualidade com tecnologia de ponta no carregamento, e transfer\u00eancia de arquivos em dispositivos m\u00f3veis smartphones. Alta prote\u00e7\u00e3o contra sinais externos, dando maior efici\u00eancia &hellip; <a href=\"https:\/\/mistersates-import.com.br\/loja\/product\/cabo-inova-iphone-usb-cbo-5649-1metro\/\">Readmore<\/a><\/p>\n","protected":false},"featured_media":15956,"template":"","meta":{"_joinchat":[]},"_links":{"self":[{"href":"https:\/\/mistersates-import.com.br\/loja\/wp-json\/wp\/v2\/product\/15357"}],"collection":[{"href":"https:\/\/mistersates-import.com.br\/loja\/wp-json\/wp\/v2\/product"}],"about":[{"href":"https:\/\/mistersates-import.com.br\/loja\/wp-json\/wp\/v2\/types\/product"}],"wp:featuredmedia":[{"embeddable":true,"href":"https:\/\/mistersates-import.com.br\/loja\/wp-json\/wp\/v2\/media\/15956"}],"wp:attachment":[{"href":"https:\/\/mistersates-import.com.br\/loja\/wp-json\/wp\/v2\/media?parent=15357"}],"curies":[{"name":"wp","href":"https:\/\/api.w.org\/{rel}","templated":true}]}}