{"id":15375,"date":"2022-09-13T21:40:05","date_gmt":"2022-09-14T00:40:05","guid":{"rendered":"https:\/\/mistersates-import.com.br\/loja\/?post_type=product&#038;p=15375"},"modified":"2025-10-27T17:37:30","modified_gmt":"2025-10-27T20:37:30","slug":"controle-remoto-selfie-smarthphone-via-bluetooth","status":"publish","type":"product","link":"https:\/\/mistersates-import.com.br\/loja\/product\/controle-remoto-selfie-smarthphone-via-bluetooth\/","title":{"rendered":"Controle Remoto Selfie Smarthphone Via Bluetooth"},"content":{"rendered":"<p>DESCRI\u00c7\u00c3O DO PRODUTO<\/p>\n<p>Controle Remoto Bluetooth 3.0 Android e Ios Self<\/p>\n<p>Controle Remoto Bluetooth \u00e9 um produto, desenvolvido para facilitar a vida dos usu\u00e1rios de smartphones que adoram tirar aquela selfie sozinho ou com a galera. Com ele, voc\u00ea pode facilmente tirar fotos ou fazer v\u00eddeos sem precisar tocar no seu aparelho<\/p>\n<p>&#8211; Especifica\u00e7\u00f5es:<\/p>\n<p>&#8211; Alcance do bluetooth: At\u00e9 5m (Sem barreira)<br \/>\n&#8211; Cores dispon\u00edveis: Preto<br \/>\n&#8211; Compatibilidade: Android a partir da vers\u00e3o 4.22 ou superior\/IOS a partir da vers\u00e3o 6.0 ou superior<\/p>\n<p>Itens inclusos:<\/p>\n<p>&#8211; 01 Controle Bluetooth ( N\u00c3O ACOMPANHA A BATERIA)<\/p>\n","protected":false},"excerpt":{"rendered":"<p>DESCRI\u00c7\u00c3O DO PRODUTO Controle Remoto Bluetooth 3.0 Android e Ios Self Controle Remoto Bluetooth \u00e9 um produto, desenvolvido para facilitar a vida dos usu\u00e1rios de smartphones que adoram tirar aquela selfie sozinho ou com a galera. Com ele, voc\u00ea pode &hellip; <a href=\"https:\/\/mistersates-import.com.br\/loja\/product\/controle-remoto-selfie-smarthphone-via-bluetooth\/\">Readmore<\/a><\/p>\n","protected":false},"featured_media":15590,"template":"","meta":{"_joinchat":[]},"_links":{"self":[{"href":"https:\/\/mistersates-import.com.br\/loja\/wp-json\/wp\/v2\/product\/15375"}],"collection":[{"href":"https:\/\/mistersates-import.com.br\/loja\/wp-json\/wp\/v2\/product"}],"about":[{"href":"https:\/\/mistersates-import.com.br\/loja\/wp-json\/wp\/v2\/types\/product"}],"wp:featuredmedia":[{"embeddable":true,"href":"https:\/\/mistersates-import.com.br\/loja\/wp-json\/wp\/v2\/media\/15590"}],"wp:attachment":[{"href":"https:\/\/mistersates-import.com.br\/loja\/wp-json\/wp\/v2\/media?parent=15375"}],"curies":[{"name":"wp","href":"https:\/\/api.w.org\/{rel}","templated":true}]}}