{"id":15398,"date":"2022-09-13T23:29:57","date_gmt":"2022-09-14T02:29:57","guid":{"rendered":"https:\/\/mistersates-import.com.br\/loja\/?post_type=product&#038;p=15398"},"modified":"2025-01-29T20:32:45","modified_gmt":"2025-01-29T23:32:45","slug":"carregador-duplo-gopro-hero-4-ahdbt-401","status":"publish","type":"product","link":"https:\/\/mistersates-import.com.br\/loja\/product\/carregador-duplo-gopro-hero-4-ahdbt-401\/","title":{"rendered":"Carregador Duplo GoPro Hero 4 AHDBT-401"},"content":{"rendered":"<p>Descri\u00e7\u00e3o:<\/p>\n<p>Carregador de bateria duplo para GoPro Hero 4 e Hero 4+<\/p>\n<p>O carregador \u00e9 muito leve e t\u00e3o pequeno que pode ser guardado no bolso, al\u00e9m disso, efetua a recarga de at\u00e9 duas baterias simult\u00e2neas GoPro por meio da porta USB do seu notebook, de carregadores de parede e tamb\u00e9m veicular.<\/p>\n<p>Seu Carregador Duplo vem com luz de LED que mostra o status da carga nas duas baterias, ou seja: quando estiver laranja significa que est\u00e1 em andamento, no verde indica que est\u00e1 carregada.<\/p>\n<p>Para Bateria Modelo: AHDBT-401<br \/>\nCaracter\u00edsticas:<br \/>\nImput Voltagem: 5V 1000mah<br \/>\nCarga em 1 bateria: 1000mAh<br \/>\nCarga em 2 baterias simultaneamente: 500mHa em cada<br \/>\nDimens\u00f5es: 5,2cmx4,4cmx1,5cm<\/p>\n<p>O Kit inclui:<br \/>\n01 x Carregador Duplo<br \/>\n01 x Cabo USB<\/p>\n","protected":false},"excerpt":{"rendered":"<p>Descri\u00e7\u00e3o: Carregador de bateria duplo para GoPro Hero 4 e Hero 4+ O carregador \u00e9 muito leve e t\u00e3o pequeno que pode ser guardado no bolso, al\u00e9m disso, efetua a recarga de at\u00e9 duas baterias simult\u00e2neas GoPro por meio da &hellip; <a href=\"https:\/\/mistersates-import.com.br\/loja\/product\/carregador-duplo-gopro-hero-4-ahdbt-401\/\">Readmore<\/a><\/p>\n","protected":false},"featured_media":15580,"template":"","meta":{"_joinchat":[]},"_links":{"self":[{"href":"https:\/\/mistersates-import.com.br\/loja\/wp-json\/wp\/v2\/product\/15398"}],"collection":[{"href":"https:\/\/mistersates-import.com.br\/loja\/wp-json\/wp\/v2\/product"}],"about":[{"href":"https:\/\/mistersates-import.com.br\/loja\/wp-json\/wp\/v2\/types\/product"}],"wp:featuredmedia":[{"embeddable":true,"href":"https:\/\/mistersates-import.com.br\/loja\/wp-json\/wp\/v2\/media\/15580"}],"wp:attachment":[{"href":"https:\/\/mistersates-import.com.br\/loja\/wp-json\/wp\/v2\/media?parent=15398"}],"curies":[{"name":"wp","href":"https:\/\/api.w.org\/{rel}","templated":true}]}}