{"id":15471,"date":"2022-09-22T19:18:44","date_gmt":"2022-09-22T22:18:44","guid":{"rendered":"https:\/\/mistersates-import.com.br\/loja\/?post_type=product&#038;p=15471"},"modified":"2024-03-15T18:28:00","modified_gmt":"2024-03-15T21:28:00","slug":"pedra-amolar-faca-sub-amolador-prof-grama-5000","status":"publish","type":"product","link":"https:\/\/mistersates-import.com.br\/loja\/product\/pedra-amolar-faca-sub-amolador-prof-grama-5000\/","title":{"rendered":"Pedra Amolar Faca Sub. Amolador Prof. Grama. 5000"},"content":{"rendered":"<p>Descri\u00e7\u00e3o:<\/p>\n<p>Caracter\u00edstica: Pedra fixa em base de pl\u00e1stico r\u00edgido<br \/>\nDimens\u00f5es: 150 mm \/ 20 mm \/ 5 mm<br \/>\nMaterial: pedra Natural<\/p>\n<p>Conte\u00fado do pacote:<br \/>\n1 Pedra de amolar gr\u00e3o 5000#<\/p>\n<p>=======================================================================<\/p>\n<p>D\u00favidas frequentes:<\/p>\n<p>P: TAMANHO<br \/>\nR: 150 mm \/ 20 mm \/ 5 mm<\/p>\n<p>P: PODE SER UTILIZADO SECA<br \/>\nR: PODER\u00c1<\/p>\n<p>P: Qual marca e origem<br \/>\nR: produto importado<\/p>\n<p>R: posso retirar no local ?<br \/>\nR: SIM<br \/>\n=======================================================================<\/p>\n","protected":false},"excerpt":{"rendered":"<p>Descri\u00e7\u00e3o: Caracter\u00edstica: Pedra fixa em base de pl\u00e1stico r\u00edgido Dimens\u00f5es: 150 mm \/ 20 mm \/ 5 mm Material: pedra Natural Conte\u00fado do pacote: 1 Pedra de amolar gr\u00e3o 5000# ======================================================================= D\u00favidas frequentes: P: TAMANHO R: 150 mm \/ 20 &hellip; <a href=\"https:\/\/mistersates-import.com.br\/loja\/product\/pedra-amolar-faca-sub-amolador-prof-grama-5000\/\">Readmore<\/a><\/p>\n","protected":false},"featured_media":15568,"template":"","meta":{"_joinchat":[]},"_links":{"self":[{"href":"https:\/\/mistersates-import.com.br\/loja\/wp-json\/wp\/v2\/product\/15471"}],"collection":[{"href":"https:\/\/mistersates-import.com.br\/loja\/wp-json\/wp\/v2\/product"}],"about":[{"href":"https:\/\/mistersates-import.com.br\/loja\/wp-json\/wp\/v2\/types\/product"}],"wp:featuredmedia":[{"embeddable":true,"href":"https:\/\/mistersates-import.com.br\/loja\/wp-json\/wp\/v2\/media\/15568"}],"wp:attachment":[{"href":"https:\/\/mistersates-import.com.br\/loja\/wp-json\/wp\/v2\/media?parent=15471"}],"curies":[{"name":"wp","href":"https:\/\/api.w.org\/{rel}","templated":true}]}}