{"id":15515,"date":"2022-09-27T11:49:58","date_gmt":"2022-09-27T14:49:58","guid":{"rendered":"https:\/\/mistersates-import.com.br\/loja\/?post_type=product&#038;p=15515"},"modified":"2024-03-15T18:26:36","modified_gmt":"2024-03-15T21:26:36","slug":"fone-ouvido-stereo-pmcell-fo-41-plug-tipo-c","status":"publish","type":"product","link":"https:\/\/mistersates-import.com.br\/loja\/product\/fone-ouvido-stereo-pmcell-fo-41-plug-tipo-c\/","title":{"rendered":"Fone Ouvido Stereo Pmcell Fo-41 Plug  Tipo C"},"content":{"rendered":"<p>Descri\u00e7\u00e3o:<\/p>\n<p>Fone de Ouvido PMCELL FO-41 Type-C<br \/>\nAlto Falante: 10mm<br \/>\nFrequ\u00eancia: 20-20.000Hz<br \/>\nPot\u00eancia: 100mw<br \/>\nComprimento: 120cm<br \/>\nEntrada Auricular: Tipo-C<br \/>\nControlador de Volume<br \/>\nMarca: PMCELL<br \/>\nModelo: FO41<br \/>\nFunciona apenas nos aparelhos que tenham uma entrada \u00fanica Type C.<br \/>\nN\u00e3o funciona se tiver entrada P2 ou Type C + P2 no mesmo aparelho.<\/p>\n","protected":false},"excerpt":{"rendered":"<p>Descri\u00e7\u00e3o: Fone de Ouvido PMCELL FO-41 Type-C Alto Falante: 10mm Frequ\u00eancia: 20-20.000Hz Pot\u00eancia: 100mw Comprimento: 120cm Entrada Auricular: Tipo-C Controlador de Volume Marca: PMCELL Modelo: FO41 Funciona apenas nos aparelhos que tenham uma entrada \u00fanica Type C. N\u00e3o funciona se &hellip; <a href=\"https:\/\/mistersates-import.com.br\/loja\/product\/fone-ouvido-stereo-pmcell-fo-41-plug-tipo-c\/\">Readmore<\/a><\/p>\n","protected":false},"featured_media":15564,"template":"","meta":{"_joinchat":[]},"_links":{"self":[{"href":"https:\/\/mistersates-import.com.br\/loja\/wp-json\/wp\/v2\/product\/15515"}],"collection":[{"href":"https:\/\/mistersates-import.com.br\/loja\/wp-json\/wp\/v2\/product"}],"about":[{"href":"https:\/\/mistersates-import.com.br\/loja\/wp-json\/wp\/v2\/types\/product"}],"wp:featuredmedia":[{"embeddable":true,"href":"https:\/\/mistersates-import.com.br\/loja\/wp-json\/wp\/v2\/media\/15564"}],"wp:attachment":[{"href":"https:\/\/mistersates-import.com.br\/loja\/wp-json\/wp\/v2\/media?parent=15515"}],"curies":[{"name":"wp","href":"https:\/\/api.w.org\/{rel}","templated":true}]}}