{"id":15521,"date":"2022-09-27T12:00:49","date_gmt":"2022-09-27T15:00:49","guid":{"rendered":"https:\/\/mistersates-import.com.br\/loja\/?post_type=product&#038;p=15521"},"modified":"2025-03-10T17:05:19","modified_gmt":"2025-03-10T20:05:19","slug":"kit-com-4-pedras-para-amolador-profissional-120-320-600-1500","status":"publish","type":"product","link":"https:\/\/mistersates-import.com.br\/loja\/product\/kit-com-4-pedras-para-amolador-profissional-120-320-600-1500\/","title":{"rendered":"Kit com 4 pedras para amolador profissional #120, #320, #600, #1500"},"content":{"rendered":"<p>Descri\u00e7\u00e3o<\/p>\n<p>Incluindo 4 v\u00e1rios gr\u00e3os em um conjunto, este conjunto de pedra de afia\u00e7\u00e3o \u00e9 bastante pr\u00e1tico que atende a sua demanda de afia\u00e7\u00e3o diferente. Funcionou bem na afia\u00e7\u00e3o de facas de cozinha, tesoura, helic\u00f3ptero, faca de barbear e muitas outras ferramentas e facas afiadas.<\/p>\n<p>Caracter\u00edsticas:<\/p>\n<p>Perfeitamente para ser usado com o afiador de faca de \u00e2ngulo fixo<br \/>\nEquipado com base, antiderrapante e seguro de usar.<br \/>\nConveniente e f\u00e1cil de afiar facas.<br \/>\n#120, #320, #600 e #1500. 4 tipos de gr\u00e3o em um conjunto.<br \/>\n150* 20* 5mm (6 \u201c* 0,8 \u201c* 0,2&#8243;), tamanho mini port\u00e1til, conveniente para transportar.<br \/>\n4pcs afiar pedra definido para afiar variedade de facas<\/p>\n<p>Especifica\u00e7\u00f5es:<\/p>\n<p>Quantidade: 4<br \/>\nTipo de gr\u00e3o: 6#120, #320, #600 e #1500. 4 tipos de gr\u00e3o em um conjunto.<br \/>\nTamanho da pedra de afia\u00e7\u00e3o: Aprox. 150 * 20 * 5 mm\/5,91 * 0,79 * 0,20 polegadas<br \/>\nTamanho total (com suporte): Aprox. 158 * 22 * 9 mm\/6,22 * 0,87 * 0,35 in<br \/>\nPeso do item: Aprox. 100g\/<\/p>\n<p>pacotes:<\/p>\n<p>4x Pedra de afia\u00e7\u00e3o<\/p>\n<p>N\u00c3O ACOMPANHA O SUPORTE DA PEDRAS MOSTRADO NA FOTOS.<\/p>\n","protected":false},"excerpt":{"rendered":"<p>Descri\u00e7\u00e3o Incluindo 4 v\u00e1rios gr\u00e3os em um conjunto, este conjunto de pedra de afia\u00e7\u00e3o \u00e9 bastante pr\u00e1tico que atende a sua demanda de afia\u00e7\u00e3o diferente. Funcionou bem na afia\u00e7\u00e3o de facas de cozinha, tesoura, helic\u00f3ptero, faca de barbear e muitas &hellip; <a href=\"https:\/\/mistersates-import.com.br\/loja\/product\/kit-com-4-pedras-para-amolador-profissional-120-320-600-1500\/\">Readmore<\/a><\/p>\n","protected":false},"featured_media":15558,"template":"","meta":{"_joinchat":[]},"_links":{"self":[{"href":"https:\/\/mistersates-import.com.br\/loja\/wp-json\/wp\/v2\/product\/15521"}],"collection":[{"href":"https:\/\/mistersates-import.com.br\/loja\/wp-json\/wp\/v2\/product"}],"about":[{"href":"https:\/\/mistersates-import.com.br\/loja\/wp-json\/wp\/v2\/types\/product"}],"wp:featuredmedia":[{"embeddable":true,"href":"https:\/\/mistersates-import.com.br\/loja\/wp-json\/wp\/v2\/media\/15558"}],"wp:attachment":[{"href":"https:\/\/mistersates-import.com.br\/loja\/wp-json\/wp\/v2\/media?parent=15521"}],"curies":[{"name":"wp","href":"https:\/\/api.w.org\/{rel}","templated":true}]}}