{"id":15537,"date":"2022-09-27T12:12:05","date_gmt":"2022-09-27T15:12:05","guid":{"rendered":"https:\/\/mistersates-import.com.br\/loja\/?post_type=product&#038;p=15537"},"modified":"2025-02-20T09:16:35","modified_gmt":"2025-02-20T12:16:35","slug":"kit-contendo-6-brocas-3-mais-6-fresas-e-1-suporte-para-fresa","status":"publish","type":"product","link":"https:\/\/mistersates-import.com.br\/loja\/product\/kit-contendo-6-brocas-3-mais-6-fresas-e-1-suporte-para-fresa\/","title":{"rendered":"Kit contendo 6 brocas 3 mais 6 fresas e 1 suporte para fresa"},"content":{"rendered":"<p>descri\u00e7\u00e3o:<\/p>\n<p>Caracter\u00edsticas do produto:<\/p>\n<p>Grande janela fornece excelente visibilidade para melhor controle<br \/>\nPermite o corte preciso em madeira, metal, pvc etc<br \/>\nF\u00e1cil parafuso-na montagem \u00e0 ferramenta girat\u00f3ria<br \/>\n\u00c9 seguro quando voc\u00ea est\u00e1 usando o dremel com ele<br \/>\nMantenha o dremel mais est\u00e1vel<\/p>\n<p>Especifica\u00e7\u00e3o do produto:<\/p>\n<p>Tipo de dispositivo: ferramentas el\u00e9tricas multi\u00faso<br \/>\nAltura do conversor da ferramenta: 48mm<br \/>\nDi\u00e2metro do conversor da ferramenta: 60mm<br \/>\nAjuste m\u00e1ximo da profundidade: 19mm<br \/>\nMax RPM: 28,000<\/p>\n<p>O pacote Inclui:<\/p>\n<p>1x guia de corte dremel.<br \/>\n4x Broca n. 3<br \/>\n6x hss roteamento bits.&#8221;<\/p>\n","protected":false},"excerpt":{"rendered":"<p>descri\u00e7\u00e3o: Caracter\u00edsticas do produto: Grande janela fornece excelente visibilidade para melhor controle Permite o corte preciso em madeira, metal, pvc etc F\u00e1cil parafuso-na montagem \u00e0 ferramenta girat\u00f3ria \u00c9 seguro quando voc\u00ea est\u00e1 usando o dremel com ele Mantenha o dremel &hellip; <a href=\"https:\/\/mistersates-import.com.br\/loja\/product\/kit-contendo-6-brocas-3-mais-6-fresas-e-1-suporte-para-fresa\/\">Readmore<\/a><\/p>\n","protected":false},"featured_media":15544,"template":"","meta":{"_joinchat":[]},"_links":{"self":[{"href":"https:\/\/mistersates-import.com.br\/loja\/wp-json\/wp\/v2\/product\/15537"}],"collection":[{"href":"https:\/\/mistersates-import.com.br\/loja\/wp-json\/wp\/v2\/product"}],"about":[{"href":"https:\/\/mistersates-import.com.br\/loja\/wp-json\/wp\/v2\/types\/product"}],"wp:featuredmedia":[{"embeddable":true,"href":"https:\/\/mistersates-import.com.br\/loja\/wp-json\/wp\/v2\/media\/15544"}],"wp:attachment":[{"href":"https:\/\/mistersates-import.com.br\/loja\/wp-json\/wp\/v2\/media?parent=15537"}],"curies":[{"name":"wp","href":"https:\/\/api.w.org\/{rel}","templated":true}]}}