{"id":15769,"date":"2022-09-29T18:00:05","date_gmt":"2022-09-29T21:00:05","guid":{"rendered":"https:\/\/mistersates-import.com.br\/loja\/product\/carregador-bateria-duplo-usb-cameras-gopro-hero-3-hero-3\/"},"modified":"2026-02-24T12:14:12","modified_gmt":"2026-02-24T15:14:12","slug":"carregador-bateria-duplo-usb-cameras-gopro-hero-3-hero-3","status":"publish","type":"product","link":"https:\/\/mistersates-import.com.br\/loja\/product\/carregador-bateria-duplo-usb-cameras-gopro-hero-3-hero-3\/","title":{"rendered":"Carregador Bateria Duplo Usb C\u00e2meras Gopro Hero 3 Hero 3+"},"content":{"rendered":"<p>Descri\u00e7\u00e3o<\/p>\n<p>Carregador de bateria de alta qualidade.<\/p>\n<p>Carga r\u00e1pida com constante controle autom\u00e1tico atual impede a bateria por sobrecarga, curto-circuito e choque el\u00e9trico.<\/p>\n<p>Indicador LED inteligente mostra status do carregamento.<\/p>\n<p>Carrega os seguintes modelos de baterias:<\/p>\n<p>GoPro AHDBT-201<\/p>\n<p>GoPro AHDBT-301<\/p>\n<p>GoPro AHDBT-302<\/p>\n<p>Compat\u00edvel com a bateria das seguintes c\u00e2meras:<\/p>\n<p>GoPro Hero 3 White Edition, Silver Edition, Black Edition<\/p>\n<p>GoPro Hero 3+ White Edition, Silver Edition, Black Edition<\/p>\n<p>Itens Inclusos:<\/p>\n<p>1 &#8211; Carregador de Bateria<\/p>\n<p>1 &#8211; Cabo Usb<\/p>\n","protected":false},"excerpt":{"rendered":"<p>Descri\u00e7\u00e3o Carregador de bateria de alta qualidade. Carga r\u00e1pida com constante controle autom\u00e1tico atual impede a bateria por sobrecarga, curto-circuito e choque el\u00e9trico. Indicador LED inteligente mostra status do carregamento. Carrega os seguintes modelos de baterias: GoPro AHDBT-201 GoPro AHDBT-301 &hellip; <a href=\"https:\/\/mistersates-import.com.br\/loja\/product\/carregador-bateria-duplo-usb-cameras-gopro-hero-3-hero-3\/\">Readmore<\/a><\/p>\n","protected":false},"featured_media":15764,"template":"","meta":{"_joinchat":[]},"_links":{"self":[{"href":"https:\/\/mistersates-import.com.br\/loja\/wp-json\/wp\/v2\/product\/15769"}],"collection":[{"href":"https:\/\/mistersates-import.com.br\/loja\/wp-json\/wp\/v2\/product"}],"about":[{"href":"https:\/\/mistersates-import.com.br\/loja\/wp-json\/wp\/v2\/types\/product"}],"wp:featuredmedia":[{"embeddable":true,"href":"https:\/\/mistersates-import.com.br\/loja\/wp-json\/wp\/v2\/media\/15764"}],"wp:attachment":[{"href":"https:\/\/mistersates-import.com.br\/loja\/wp-json\/wp\/v2\/media?parent=15769"}],"curies":[{"name":"wp","href":"https:\/\/api.w.org\/{rel}","templated":true}]}}