{"id":16149,"date":"2022-10-19T12:09:56","date_gmt":"2022-10-19T15:09:56","guid":{"rendered":"https:\/\/mistersates-import.com.br\/loja\/?post_type=product&#038;p=16149"},"modified":"2025-03-31T12:00:05","modified_gmt":"2025-03-31T15:00:05","slug":"bastao-pau-de-selfie-e-tripe-bluetooth-para-celular-cor-preto","status":"publish","type":"product","link":"https:\/\/mistersates-import.com.br\/loja\/product\/bastao-pau-de-selfie-e-tripe-bluetooth-para-celular-cor-preto\/","title":{"rendered":"Bast\u00e3o Pau De Selfie E Tripe Bluetooth Para Celular Cor Preto"},"content":{"rendered":"<p>Descri\u00e7\u00e3o:<\/p>\n<p>\u00b7 A rota\u00e7\u00e3o de 360 \u00b0 pode ser horizontal ou vertical. A rota\u00e7\u00e3o do multi \u00e2ngulo pode disparar uma variedade de imagens.<br \/>\n\u00b7 Tri\u00e2ngulo est\u00e1vel que \u00e9 antiderrapante.<br \/>\n\u00b7 Pode ser usado como uma vara de selfie bluetooth para tornar sua viagem ou dia a dia mais conveniente.<br \/>\n\u00b7 A vara de selfie \u00e9 f\u00e1cil de operar e adequada para viagens, festas e muito mais.<br \/>\n\u00b7 O trip\u00e9 telesc\u00f3pico dobr\u00e1vel e de pouco peso \u00e9 f\u00e1cil de transportar ou armazenar.<\/p>\n<p>Especifica\u00e7\u00e3o:<\/p>\n<p>Tens\u00e3o: 3V<br \/>\nModelo do produto: P40<br \/>\nCapacidade da bateria: 70mah<br \/>\nComprimento el\u00e1stico: 690 cm<br \/>\nVers\u00e3o Bluetooth: 4.0<br \/>\nPeso do produto: 130g<br \/>\nNome Bluetooth: VIP<br \/>\nModelo da bateria: bateria do bot\u00e3o cr1620<br \/>\nMaterial: liga de alum\u00ednio<\/p>\n<p>O pacote inclui:<\/p>\n<p>1 * Bast\u00e3o selfie de bluetooth<br \/>\n1 * manual de instru\u00e7\u00f5es<\/p>\n","protected":false},"excerpt":{"rendered":"<p>Descri\u00e7\u00e3o: \u00b7 A rota\u00e7\u00e3o de 360 \u00b0 pode ser horizontal ou vertical. A rota\u00e7\u00e3o do multi \u00e2ngulo pode disparar uma variedade de imagens. \u00b7 Tri\u00e2ngulo est\u00e1vel que \u00e9 antiderrapante. \u00b7 Pode ser usado como uma vara de selfie bluetooth para &hellip; <a href=\"https:\/\/mistersates-import.com.br\/loja\/product\/bastao-pau-de-selfie-e-tripe-bluetooth-para-celular-cor-preto\/\">Readmore<\/a><\/p>\n","protected":false},"featured_media":17102,"template":"","meta":{"_joinchat":[]},"_links":{"self":[{"href":"https:\/\/mistersates-import.com.br\/loja\/wp-json\/wp\/v2\/product\/16149"}],"collection":[{"href":"https:\/\/mistersates-import.com.br\/loja\/wp-json\/wp\/v2\/product"}],"about":[{"href":"https:\/\/mistersates-import.com.br\/loja\/wp-json\/wp\/v2\/types\/product"}],"wp:featuredmedia":[{"embeddable":true,"href":"https:\/\/mistersates-import.com.br\/loja\/wp-json\/wp\/v2\/media\/17102"}],"wp:attachment":[{"href":"https:\/\/mistersates-import.com.br\/loja\/wp-json\/wp\/v2\/media?parent=16149"}],"curies":[{"name":"wp","href":"https:\/\/api.w.org\/{rel}","templated":true}]}}