{"id":16165,"date":"2022-10-19T12:28:46","date_gmt":"2022-10-19T15:28:46","guid":{"rendered":"https:\/\/mistersates-import.com.br\/loja\/?post_type=product&#038;p=16165"},"modified":"2026-02-19T12:05:49","modified_gmt":"2026-02-19T15:05:49","slug":"conector-lan-ethernet-rede-rj45-cat5-blindado-pc-100pc","status":"publish","type":"product","link":"https:\/\/mistersates-import.com.br\/loja\/product\/conector-lan-ethernet-rede-rj45-cat5-blindado-pc-100pc\/","title":{"rendered":"Conector Lan Ethernet Rede Rj45 Cat5 Blindado pc 100p\u00e7"},"content":{"rendered":"<p>Descri\u00e7\u00e3o:<\/p>\n<p>Conector de Rede RJ45 CAT58P8C Blindagem em Metal Suporta Gigabit Ethernet Exbom RJ45M100 \/ Caixa com 100 Unidades<\/p>\n<p>O conector RJ45 com blindagem em metal \u00e9 fabricado com condutores banhados a ouro, resistentes \u00e0 corros\u00e3o que possibilita maior resist\u00eancia e durabilidade a a\u00e7\u00e3o do tempo e a impactos que os conectores comuns, proporciona aterramento muito utilizado em caso de transmiss\u00e3o CFTV.<\/p>\n<p>A blindagem externa tamb\u00e9m mant\u00e9m os fios protegidos de ondas eletromagn\u00e9ticas mantendo a conex\u00e3o est\u00e1vel, suportando transmiss\u00e3o de alta velocidade, resultando em uma finaliza\u00e7\u00e3o mais segura e confi\u00e1vel do seu trabalho.<\/p>\n<p>Compat\u00edvel com todas a conex\u00f5es RJ45 f\u00eameas presentes, em computadores, roteadores, smart TVBs, TBV Box, Hubs, ADSL, netr outros.<\/p>\n<p>Especifica\u00e7\u00f5es:<\/p>\n<p>&#8211; Tipo: RJ45 (8P8C) blindagem em metal<br \/>\n&#8211; Caracter\u00edsticas T\u00e9cnicas de Categoria: 5e U\/UTP \/ CAT5<br \/>\n&#8211; Termopl\u00e1stico de alto impacto n\u00e3o propagante \u00e0 chama<br \/>\n&#8211; Vias de contato produzidas em bronze fosforoso com camadas de n\u00edquel e banhado de ouro<br \/>\n&#8211; Compat\u00edvel com os padr\u00f5es de montagem T568A e T568B<br \/>\n&#8211; Contatos adequados para condutores s\u00f3lidos ou flex\u00edveis<br \/>\n&#8211; Resist\u00eancia de isolamento: 500M Ohms<br \/>\n&#8211; Embalagem com 100 pe\u00e7as<\/p>\n","protected":false},"excerpt":{"rendered":"<p>Descri\u00e7\u00e3o: Conector de Rede RJ45 CAT58P8C Blindagem em Metal Suporta Gigabit Ethernet Exbom RJ45M100 \/ Caixa com 100 Unidades O conector RJ45 com blindagem em metal \u00e9 fabricado com condutores banhados a ouro, resistentes \u00e0 corros\u00e3o que possibilita maior resist\u00eancia &hellip; <a href=\"https:\/\/mistersates-import.com.br\/loja\/product\/conector-lan-ethernet-rede-rj45-cat5-blindado-pc-100pc\/\">Readmore<\/a><\/p>\n","protected":false},"featured_media":16167,"template":"","meta":{"_joinchat":[]},"_links":{"self":[{"href":"https:\/\/mistersates-import.com.br\/loja\/wp-json\/wp\/v2\/product\/16165"}],"collection":[{"href":"https:\/\/mistersates-import.com.br\/loja\/wp-json\/wp\/v2\/product"}],"about":[{"href":"https:\/\/mistersates-import.com.br\/loja\/wp-json\/wp\/v2\/types\/product"}],"wp:featuredmedia":[{"embeddable":true,"href":"https:\/\/mistersates-import.com.br\/loja\/wp-json\/wp\/v2\/media\/16167"}],"wp:attachment":[{"href":"https:\/\/mistersates-import.com.br\/loja\/wp-json\/wp\/v2\/media?parent=16165"}],"curies":[{"name":"wp","href":"https:\/\/api.w.org\/{rel}","templated":true}]}}