{"id":16171,"date":"2022-10-19T12:33:55","date_gmt":"2022-10-19T15:33:55","guid":{"rendered":"https:\/\/mistersates-import.com.br\/loja\/?post_type=product&#038;p=16171"},"modified":"2024-03-15T18:26:25","modified_gmt":"2024-03-15T21:26:25","slug":"esponja-eletrica-forclean-limpeza-facial-recarregavel","status":"publish","type":"product","link":"https:\/\/mistersates-import.com.br\/loja\/product\/esponja-eletrica-forclean-limpeza-facial-recarregavel\/","title":{"rendered":"Esponja El\u00e9trica ForClean Limpeza Facial Recarreg\u00e1vel"},"content":{"rendered":"<p>Descri\u00e7\u00e3o<\/p>\n<p>Esta escova moderna e de f\u00e1cil uso possui cerdas de silicone para limpeza profunda. Duas fun\u00e7\u00f5es e 6 n\u00edveis. Escova imperme\u00e1vel e lav\u00e1vel. 6000 vibra\u00e7\u00f5es por minuto.<\/p>\n<p>A Escova Massageadora de Limpeza Facial Ultrass\u00f4nica Forclean \u00e9 diferente de tudo que voc\u00ea j\u00e1 viu e sentiu, ela n\u00e3o faz apenas uma limpeza eficiente e delicada, mas tamb\u00e9m faz massagens aumentando o fluxo sangu\u00edneo, acelerando o metabolismo e ajudando a pele a se curar. Um verdadeiro carinho para todos os tipos de pele, at\u00e9 as mais sens\u00edveis podem usar diariamente. Alivia a tens\u00e3o muscular. Melhora a elasticidade, conforto e flexibilidade da pele.<\/p>\n<p>Especifica\u00e7\u00f5es:<br \/>\nModelo: Forclean<br \/>\nPeso: 150g<br \/>\nDimens\u00f5es: 8cm x 8cm<br \/>\nIntensidade da vibra\u00e7\u00e3o: Tecla +\/-<br \/>\nCerdas de silicone para limpeza profunda<br \/>\nResistente \u00e0 \u00e1gua<br \/>\nVibra\u00e7\u00f5es por minuto: 6000<br \/>\nModos de limpezas: 2<br \/>\nQuantidade de velocidades: 6<br \/>\nCor: CONSULTE DISPON\u00cdVEL<\/p>\n","protected":false},"excerpt":{"rendered":"<p>Descri\u00e7\u00e3o Esta escova moderna e de f\u00e1cil uso possui cerdas de silicone para limpeza profunda. Duas fun\u00e7\u00f5es e 6 n\u00edveis. Escova imperme\u00e1vel e lav\u00e1vel. 6000 vibra\u00e7\u00f5es por minuto. A Escova Massageadora de Limpeza Facial Ultrass\u00f4nica Forclean \u00e9 diferente de tudo &hellip; <a href=\"https:\/\/mistersates-import.com.br\/loja\/product\/esponja-eletrica-forclean-limpeza-facial-recarregavel\/\">Readmore<\/a><\/p>\n","protected":false},"featured_media":16173,"template":"","meta":{"_joinchat":[]},"_links":{"self":[{"href":"https:\/\/mistersates-import.com.br\/loja\/wp-json\/wp\/v2\/product\/16171"}],"collection":[{"href":"https:\/\/mistersates-import.com.br\/loja\/wp-json\/wp\/v2\/product"}],"about":[{"href":"https:\/\/mistersates-import.com.br\/loja\/wp-json\/wp\/v2\/types\/product"}],"wp:featuredmedia":[{"embeddable":true,"href":"https:\/\/mistersates-import.com.br\/loja\/wp-json\/wp\/v2\/media\/16173"}],"wp:attachment":[{"href":"https:\/\/mistersates-import.com.br\/loja\/wp-json\/wp\/v2\/media?parent=16171"}],"curies":[{"name":"wp","href":"https:\/\/api.w.org\/{rel}","templated":true}]}}