{"id":16178,"date":"2022-10-19T12:38:52","date_gmt":"2022-10-19T15:38:52","guid":{"rendered":"https:\/\/mistersates-import.com.br\/loja\/?post_type=product&#038;p=16178"},"modified":"2024-03-15T18:27:54","modified_gmt":"2024-03-15T21:27:54","slug":"mini-chapinha-prancha-de-cabelo-portatil-inova","status":"publish","type":"product","link":"https:\/\/mistersates-import.com.br\/loja\/product\/mini-chapinha-prancha-de-cabelo-portatil-inova\/","title":{"rendered":"Mini Chapinha Prancha De Cabelo Port\u00e1til &#8211; Inova"},"content":{"rendered":"<p>Descri\u00e7\u00e3o:<\/p>\n<p>Mini Chapinha Port\u00e1til para Viagem que pode ser carregado na bolsa e \u00e9 BIVOLT<\/p>\n<p>Essas minis chapinhas se destacam por ser muito vers\u00e1til, f\u00e1cil de fazer e pr\u00e1tico na hora de cuidar dos cabelos. Ela \u00e9 indicada para fazer retoques na raiz, franjas e alisar o cabelo desde os mais curtos at\u00e9 os mais longos! Por ser port\u00e1til e BIVOLT pode levar em qualquer lugar!<\/p>\n<p>Caracter\u00edsticas:<br \/>\n&#8211; Voltagem: Bivolt 110-220V<br \/>\n&#8211; Frequ\u00eancia: 50Hz<br \/>\n&#8211; Pot\u00eancia: 20W<br \/>\n&#8211; Temperatura: 200\u00b0C<br \/>\n&#8211; Comprimento: 17 cm<br \/>\n&#8211; R\u00e1pido aquecimento<br \/>\n&#8211; Revestimento em cer\u00e2mica<br \/>\n&#8211; Mant\u00e9m a estabilidade em altas temperaturas<\/p>\n<p>Itens Inclusos:<\/p>\n<p>1x Mini Chapinha Port\u00e1til<\/p>\n","protected":false},"excerpt":{"rendered":"<p>Descri\u00e7\u00e3o: Mini Chapinha Port\u00e1til para Viagem que pode ser carregado na bolsa e \u00e9 BIVOLT Essas minis chapinhas se destacam por ser muito vers\u00e1til, f\u00e1cil de fazer e pr\u00e1tico na hora de cuidar dos cabelos. Ela \u00e9 indicada para fazer &hellip; <a href=\"https:\/\/mistersates-import.com.br\/loja\/product\/mini-chapinha-prancha-de-cabelo-portatil-inova\/\">Readmore<\/a><\/p>\n","protected":false},"featured_media":16180,"template":"","meta":{"_joinchat":[]},"_links":{"self":[{"href":"https:\/\/mistersates-import.com.br\/loja\/wp-json\/wp\/v2\/product\/16178"}],"collection":[{"href":"https:\/\/mistersates-import.com.br\/loja\/wp-json\/wp\/v2\/product"}],"about":[{"href":"https:\/\/mistersates-import.com.br\/loja\/wp-json\/wp\/v2\/types\/product"}],"wp:featuredmedia":[{"embeddable":true,"href":"https:\/\/mistersates-import.com.br\/loja\/wp-json\/wp\/v2\/media\/16180"}],"wp:attachment":[{"href":"https:\/\/mistersates-import.com.br\/loja\/wp-json\/wp\/v2\/media?parent=16178"}],"curies":[{"name":"wp","href":"https:\/\/api.w.org\/{rel}","templated":true}]}}