{"id":16195,"date":"2022-10-19T15:49:12","date_gmt":"2022-10-19T18:49:12","guid":{"rendered":"https:\/\/mistersates-import.com.br\/loja\/?post_type=product&#038;p=16195"},"modified":"2024-06-13T12:28:13","modified_gmt":"2024-06-13T15:28:13","slug":"manguito-manga-protetor-braco-termico-protecao-uv","status":"publish","type":"product","link":"https:\/\/mistersates-import.com.br\/loja\/product\/manguito-manga-protetor-braco-termico-protecao-uv\/","title":{"rendered":"Manguito Manga Protetor Bra\u00e7o Termico Prote\u00e7ao Uv"},"content":{"rendered":"<p>Descri\u00e7\u00e3o:<\/p>\n<p>TEMOS NAS CORES PRETA, VERMELHO, CINZA E AZUL.<\/p>\n<p>&nbsp;<\/p>\n<p>CARACTER\u00cdSTICAS:<\/p>\n<p>&#8211; Cont\u00e9m 1 Par de Manguitos.<br \/>\n&#8211; Alta qualidade de acabamento.<br \/>\n&#8211; Produto 100% male\u00e1vel<br \/>\n&#8211; Material: 92% POLIAMIDA e 8% ELASTANO<br \/>\n&#8211; Prote\u00e7\u00e3o contra Raios UVA e UVB 50+<br \/>\n&#8211; Leve e resistente.<br \/>\n&#8211; Flex\u00edvel, adapta-se para qualquer bra\u00e7o.<br \/>\n&#8211; Possui el\u00e1sticos nas extremidades, evitando assim escorregamento.<br \/>\n&#8211; Refrigera\u00e7\u00e3o corporal quando em contato com a pele.<br \/>\n&#8211; Secagem r\u00e1pida de transpira\u00e7\u00e3o.<br \/>\n&#8211; Ideal para motoqueiros, ciclistas e esportistas em geral.<\/p>\n<p>MEDIDAS:<\/p>\n<p>50 cent\u00edmetros comprimento, 12 cent\u00edmetros extremidade ombro e 8 cent\u00edmetros extremidade pulso.<\/p>\n<p>N\u00e3o \u00e9 preciso se preocupar em rela\u00e7\u00e3o as medidas, o material do Manguito \u00e9 extremamente flex\u00edvel e veste muito bem<\/p>\n<p>Itens inclusos:<\/p>\n<p>1 Par de Manguitos<\/p>\n","protected":false},"excerpt":{"rendered":"<p>Descri\u00e7\u00e3o: TEMOS NAS CORES PRETA, VERMELHO, CINZA E AZUL. &nbsp; CARACTER\u00cdSTICAS: &#8211; Cont\u00e9m 1 Par de Manguitos. &#8211; Alta qualidade de acabamento. &#8211; Produto 100% male\u00e1vel &#8211; Material: 92% POLIAMIDA e 8% ELASTANO &#8211; Prote\u00e7\u00e3o contra Raios UVA e UVB &hellip; <a href=\"https:\/\/mistersates-import.com.br\/loja\/product\/manguito-manga-protetor-braco-termico-protecao-uv\/\">Readmore<\/a><\/p>\n","protected":false},"featured_media":16209,"template":"","meta":{"_joinchat":[]},"_links":{"self":[{"href":"https:\/\/mistersates-import.com.br\/loja\/wp-json\/wp\/v2\/product\/16195"}],"collection":[{"href":"https:\/\/mistersates-import.com.br\/loja\/wp-json\/wp\/v2\/product"}],"about":[{"href":"https:\/\/mistersates-import.com.br\/loja\/wp-json\/wp\/v2\/types\/product"}],"wp:featuredmedia":[{"embeddable":true,"href":"https:\/\/mistersates-import.com.br\/loja\/wp-json\/wp\/v2\/media\/16209"}],"wp:attachment":[{"href":"https:\/\/mistersates-import.com.br\/loja\/wp-json\/wp\/v2\/media?parent=16195"}],"curies":[{"name":"wp","href":"https:\/\/api.w.org\/{rel}","templated":true}]}}