{"id":16217,"date":"2022-10-19T16:16:07","date_gmt":"2022-10-19T19:16:07","guid":{"rendered":"https:\/\/mistersates-import.com.br\/loja\/?post_type=product&#038;p=16217"},"modified":"2024-06-29T12:40:30","modified_gmt":"2024-06-29T15:40:30","slug":"mousepad-mouse-pad-gamer-grande-exbom-70x35","status":"publish","type":"product","link":"https:\/\/mistersates-import.com.br\/loja\/product\/mousepad-mouse-pad-gamer-grande-exbom-70x35\/","title":{"rendered":"Mousepad Mouse Pad Gamer Grande Exbom 70&#215;35"},"content":{"rendered":"<p>Descri\u00e7\u00e3o<\/p>\n<p>&#8211; Mouse Pad Gamer Grande 70x35cm Emborrachado Speed Bordas Costuradas<\/p>\n<p>O Mouse Pad Gamer Grande MP7035, foi desenvolvido de acordo com as mais modernas tecnologias, visando oferecer ao jogador um produto de qualidade.<\/p>\n<p>O seu tamanho \u00e9 um dos grandes diferenciais, pois nele cabem teclado e mouse juntos.<br \/>\nPossui superf\u00edcie feita em tecido sint\u00e9tico, o que ajuda o mouse a deslizar com leveza e precis\u00e3o durante os jogos.<\/p>\n<p>A sua base \u00e9 feita de borracha texturizada antiderrapante, isso vai garantir que ele n\u00e3o deslize, mantendo o teclado fixo, mesmo durante aquelas partidas de grande agita\u00e7\u00e3o.<\/p>\n<p>Suas bordas, s\u00e3o costuradas em nylon para evitar desfiamentos no tecido.<br \/>\nO produto tem muita flexibilidade e pode ser lavado e enrolado para transporte.<\/p>\n<p>Voc\u00ea precisa ter o seu, n\u00e3o perca mais tempo!<\/p>\n<p>:: DESCRI\u00c7\u00c3O T\u00c9CNICA<\/p>\n<p>&#8211; \u00c1rea \u00fatil: 700x350x3 mm<br \/>\n&#8211; Superf\u00edcie grande Speed<br \/>\n&#8211; Comporta teclado e mouse juntos<br \/>\n&#8211; Superf\u00edcie em tecido sint\u00e9tico<br \/>\n&#8211; Base em borracha texturizada antiderrapante<br \/>\n&#8211; Acabamento em nylon, com borda costurada<br \/>\n&#8211; Dobr\u00e1vel, pode ser levado para qualquer lugar<br \/>\n&#8211; Compat\u00edvel com mouse \u00d3ptico e Laser<br \/>\n&#8211; Cores que n\u00e3o interferem no sensor \u00f3ptico do mouse<\/p>\n<p>:: ITENS INCLUSOS<\/p>\n<p>&#8211; Mouse Pad Gamer Grande 70x35cm Emborrachado MP7035<\/p>\n","protected":false},"excerpt":{"rendered":"<p>Descri\u00e7\u00e3o &#8211; Mouse Pad Gamer Grande 70x35cm Emborrachado Speed Bordas Costuradas O Mouse Pad Gamer Grande MP7035, foi desenvolvido de acordo com as mais modernas tecnologias, visando oferecer ao jogador um produto de qualidade. O seu tamanho \u00e9 um dos &hellip; <a href=\"https:\/\/mistersates-import.com.br\/loja\/product\/mousepad-mouse-pad-gamer-grande-exbom-70x35\/\">Readmore<\/a><\/p>\n","protected":false},"featured_media":16220,"template":"","meta":{"_joinchat":[]},"_links":{"self":[{"href":"https:\/\/mistersates-import.com.br\/loja\/wp-json\/wp\/v2\/product\/16217"}],"collection":[{"href":"https:\/\/mistersates-import.com.br\/loja\/wp-json\/wp\/v2\/product"}],"about":[{"href":"https:\/\/mistersates-import.com.br\/loja\/wp-json\/wp\/v2\/types\/product"}],"wp:featuredmedia":[{"embeddable":true,"href":"https:\/\/mistersates-import.com.br\/loja\/wp-json\/wp\/v2\/media\/16220"}],"wp:attachment":[{"href":"https:\/\/mistersates-import.com.br\/loja\/wp-json\/wp\/v2\/media?parent=16217"}],"curies":[{"name":"wp","href":"https:\/\/api.w.org\/{rel}","templated":true}]}}