{"id":16221,"date":"2022-10-19T16:26:54","date_gmt":"2022-10-19T19:26:54","guid":{"rendered":"https:\/\/mistersates-import.com.br\/loja\/?post_type=product&#038;p=16221"},"modified":"2022-12-13T12:31:00","modified_gmt":"2022-12-13T15:31:00","slug":"baterias-14500-recarregavel-3-7v-2800-mha-ion-litio","status":"publish","type":"product","link":"https:\/\/mistersates-import.com.br\/loja\/product\/baterias-14500-recarregavel-3-7v-2800-mha-ion-litio\/","title":{"rendered":"Baterias 14500 Recarreg\u00e1vel 3.7v 2800 mha \u00edon-l\u00edtio"},"content":{"rendered":"<p>Caracter\u00edsticas:<\/p>\n<p>Baterias originais do equipamento da f\u00e1brica.<\/p>\n<p>Op\u00e7\u00f5es de l\u00edtio e recarreg\u00e1vel-l\u00edtio dispon\u00edveis.<\/p>\n<p>Triplo sobre-calor protetor.<\/p>\n<p>Prote\u00e7\u00e3o sobre-descarga.<\/p>\n<p>Maior capacidade e menor peso do que outras baterias recarreg\u00e1veis.<\/p>\n<p>Maior densidade de energia.<\/p>\n<p>Livre de vazamento de eletr\u00f3lito l\u00edquido.<\/p>\n<p>Especifica\u00e7\u00f5es:<\/p>\n<p>Marca: GTF<\/p>\n<p>Tipo de bateria: li-ion<\/p>\n<p>Tens\u00e3o: 3.7V<\/p>\n<p>Modelo: 14500<\/p>\n<p>Capacidade: 2800mAh<\/p>\n<p>Recarreg\u00e1vel: Sim<\/p>\n<p>Tamanho: 50x14mm (h x d)<\/p>\n","protected":false},"excerpt":{"rendered":"<p>Caracter\u00edsticas: Baterias originais do equipamento da f\u00e1brica. Op\u00e7\u00f5es de l\u00edtio e recarreg\u00e1vel-l\u00edtio dispon\u00edveis. Triplo sobre-calor protetor. Prote\u00e7\u00e3o sobre-descarga. Maior capacidade e menor peso do que outras baterias recarreg\u00e1veis. Maior densidade de energia. Livre de vazamento de eletr\u00f3lito l\u00edquido. Especifica\u00e7\u00f5es: Marca: &hellip; <a href=\"https:\/\/mistersates-import.com.br\/loja\/product\/baterias-14500-recarregavel-3-7v-2800-mha-ion-litio\/\">Readmore<\/a><\/p>\n","protected":false},"featured_media":16225,"template":"","meta":{"_joinchat":[]},"_links":{"self":[{"href":"https:\/\/mistersates-import.com.br\/loja\/wp-json\/wp\/v2\/product\/16221"}],"collection":[{"href":"https:\/\/mistersates-import.com.br\/loja\/wp-json\/wp\/v2\/product"}],"about":[{"href":"https:\/\/mistersates-import.com.br\/loja\/wp-json\/wp\/v2\/types\/product"}],"wp:featuredmedia":[{"embeddable":true,"href":"https:\/\/mistersates-import.com.br\/loja\/wp-json\/wp\/v2\/media\/16225"}],"wp:attachment":[{"href":"https:\/\/mistersates-import.com.br\/loja\/wp-json\/wp\/v2\/media?parent=16221"}],"curies":[{"name":"wp","href":"https:\/\/api.w.org\/{rel}","templated":true}]}}