{"id":16226,"date":"2022-10-19T16:36:29","date_gmt":"2022-10-19T19:36:29","guid":{"rendered":"https:\/\/mistersates-import.com.br\/loja\/?post_type=product&#038;p=16226"},"modified":"2023-04-13T18:59:45","modified_gmt":"2023-04-13T21:59:45","slug":"suporte-veicular-carro-celular-gps-fixacao-ar-condicionado","status":"publish","type":"product","link":"https:\/\/mistersates-import.com.br\/loja\/product\/suporte-veicular-carro-celular-gps-fixacao-ar-condicionado\/","title":{"rendered":"Suporte Veicular Carro Celular Gps Fixa\u00e7\u00e3o Ar Condicionado"},"content":{"rendered":"<p>Descri\u00e7\u00e3o:<\/p>\n<p>Envio imediato ap\u00f3s a confirma\u00e7\u00e3o da compra, dentro do prazo m\u00e1ximo de 24hrs dias \u00fateis.<\/p>\n<p>Oferecemos suporte p\u00f3s venda pelo campo de mensagens, qualquer duvida, sugest\u00e3o ou elogio pode entrar em contato pela campo mensagem que estaremos a disposi\u00e7\u00e3o para atender da melhor forma poss\u00edvel.<\/p>\n<p>Especifica\u00e7\u00f5es T\u00e9cnicas:<\/p>\n<p>Compat\u00edvel com a maioria dos smartphones do mercado. Atende at\u00e9 6,5 polegadas<br \/>\nTamanho m\u00ednimo da tela 4 Polegadas<br \/>\nFixa\u00e7\u00e3o do suporte Clipe<br \/>\nFixa\u00e7\u00e3o do telefone Ajuste pin\u00e7a<br \/>\nMontagem Grade de ventila\u00e7\u00e3o<\/p>\n<p>Descri\u00e7\u00e3o:<\/p>\n<p>INFORMA\u00c7\u00d5ES DO PRODUTO<br \/>\nSuporte veicular, se encaixa na maioria dos Smartphones automaticamente.<\/p>\n<p>INFORMA\u00c7\u00d5ES T\u00c9CNICAS:<\/p>\n<p>-F\u00e1cil sistema de montagem de toque.<br \/>\n-Sem ferramentas necess\u00e1rias;<br \/>\n-Suporte Para Veiculo<br \/>\n-Produto desmont\u00e1vel, f\u00e1cil de guardar e transportar.<br \/>\n-Produto tem regulagem para se adaptar ao tamanho do seu aparelho, sem dificuldade<\/p>\n<p>CONTE\u00daDO DA EMBALAGEM:<\/p>\n<p>&#8211; 1 Suporte Veicular para Smartphone Car Holder<br \/>\n&#8211; Enviaremos a cor que estiver dispon\u00edvel.<\/p>\n","protected":false},"excerpt":{"rendered":"<p>Descri\u00e7\u00e3o: Envio imediato ap\u00f3s a confirma\u00e7\u00e3o da compra, dentro do prazo m\u00e1ximo de 24hrs dias \u00fateis. Oferecemos suporte p\u00f3s venda pelo campo de mensagens, qualquer duvida, sugest\u00e3o ou elogio pode entrar em contato pela campo mensagem que estaremos a disposi\u00e7\u00e3o &hellip; <a href=\"https:\/\/mistersates-import.com.br\/loja\/product\/suporte-veicular-carro-celular-gps-fixacao-ar-condicionado\/\">Readmore<\/a><\/p>\n","protected":false},"featured_media":16230,"template":"","meta":{"_joinchat":[]},"_links":{"self":[{"href":"https:\/\/mistersates-import.com.br\/loja\/wp-json\/wp\/v2\/product\/16226"}],"collection":[{"href":"https:\/\/mistersates-import.com.br\/loja\/wp-json\/wp\/v2\/product"}],"about":[{"href":"https:\/\/mistersates-import.com.br\/loja\/wp-json\/wp\/v2\/types\/product"}],"wp:featuredmedia":[{"embeddable":true,"href":"https:\/\/mistersates-import.com.br\/loja\/wp-json\/wp\/v2\/media\/16230"}],"wp:attachment":[{"href":"https:\/\/mistersates-import.com.br\/loja\/wp-json\/wp\/v2\/media?parent=16226"}],"curies":[{"name":"wp","href":"https:\/\/api.w.org\/{rel}","templated":true}]}}